{"id":7859,"date":"2023-02-23T09:41:40","date_gmt":"2023-02-23T09:41:40","guid":{"rendered":"https:\/\/smalsparet.com\/?post_type=product&#038;p=7859"},"modified":"2026-03-24T10:49:10","modified_gmt":"2026-03-24T10:49:10","slug":"scania-vabis-bf76","status":"publish","type":"product","link":"https:\/\/smalsparet.com\/de\/produkt\/scania-vabis-bf76\/","title":{"rendered":"Scania Vabis BF76"},"content":{"rendered":"<p>Beliebtes und sehr sch\u00f6nes Modell (Ma\u00dfstab 1:87) des Scania Vabis Bus im Design der 60-70er Jahre. Der Bus hat einen wei\u00dfen K\u00fchlergrill, graues Dach und ist im Design der sp\u00e4ten 60er Jahre (Rechtsverkehr). Es handelt sich um einen Umbau-Bus, der bereits 1965 mit einer T\u00fcr auf der linken Seite in Betrieb genommen wurde, die beim Rechtsverkehr-Umbau 1967 entfernt wurde. Das Modell ist also nach 1967 entstanden.<\/p>\n<p>Das Modell hat ein echtes Vorbild mit individueller Nummer, Reg-Nr. und Farbgebung und war viele Jahre bei Magnus Knutsson, bevor es von unserem Verein \u00fcbernommen wurde. Nutzen Sie die Gelegenheit, ein einzigartiges Qualit\u00e4tsmodell zu kaufen und gleichzeitig den Verein zu unterst\u00fctzen. Perfekt sowohl f\u00fcr die Vitrine als auch f\u00fcr die Modelleisenbahn,<\/p>\n<p>Der Bus ist ein hochpr\u00e4zises Kunststoffmodell mit sch\u00f6nen Details und korrekten Beschl\u00e4gen, einschlie\u00dflich der klassischen Halteschnur in den Fenstern. Die Lampen haben Lichtleiter, so dass die Beleuchtung leicht zu installieren ist. Ebenfalls enthalten ist ein Abziehbilderbogen mit Nummern f\u00fcr die Liniennummer und eine Reihe von Ortsk\u00fcrzeln.<\/p>","protected":false},"excerpt":{"rendered":"<p>Popul\u00e4r och mycket vacker modell (skala 1:87) av Scania Vabis-buss i 60-70-talsutf\u00f6rande. Bussen har vit grill, gr\u00e5tt tak och \u00e4r i utf\u00f6rande fr\u00e5n slutet av 60-talet och fram\u00e5t (h\u00f6gertrafik). Detta var en omst\u00e4llningsbuss som kom i trafik redan 1965 med en d\u00f6rr p\u00e5 v\u00e4nstersidan som vid h\u00f6geroml\u00e4ggningen 1967 togs bort. F\u00f6rebilden \u00e4r allts\u00e5 efter 1967. [&hellip;]<\/p>\n","protected":false},"featured_media":7861,"comment_status":"open","ping_status":"closed","template":"","meta":{"om_disable_all_campaigns":false,"_uag_custom_page_level_css":"","_monsterinsights_skip_tracking":false,"_monsterinsights_sitenote_active":false,"_monsterinsights_sitenote_note":"","_monsterinsights_sitenote_category":0,"site-sidebar-layout":"default","site-content-layout":"default","ast-site-content-layout":"default","site-content-style":"default","site-sidebar-style":"default","ast-global-header-display":"","ast-banner-title-visibility":"","ast-main-header-display":"","ast-hfb-above-header-display":"","ast-hfb-below-header-display":"","ast-hfb-mobile-header-display":"","site-post-title":"","ast-breadcrumbs-content":"","ast-featured-img":"","footer-sml-layout":"","ast-disable-related-posts":"","theme-transparent-header-meta":"default","adv-header-id-meta":"","stick-header-meta":"","header-above-stick-meta":"","header-main-stick-meta":"","header-below-stick-meta":"","astra-migrate-meta-layouts":"set","ast-page-background-enabled":"default","ast-page-background-meta":{"desktop":{"background-color":"","background-image":"","background-repeat":"repeat","background-position":"center center","background-size":"auto","background-attachment":"scroll","background-type":"","background-media":"","overlay-type":"","overlay-color":"","overlay-opacity":"","overlay-gradient":""},"tablet":{"background-color":"","background-image":"","background-repeat":"repeat","background-position":"center center","background-size":"auto","background-attachment":"scroll","background-type":"","background-media":"","overlay-type":"","overlay-color":"","overlay-opacity":"","overlay-gradient":""},"mobile":{"background-color":"","background-image":"","background-repeat":"repeat","background-position":"center center","background-size":"auto","background-attachment":"scroll","background-type":"","background-media":"","overlay-type":"","overlay-color":"","overlay-opacity":"","overlay-gradient":""}},"ast-content-background-meta":{"desktop":{"background-color":"var(--ast-global-color-5)","background-image":"","background-repeat":"repeat","background-position":"center center","background-size":"auto","background-attachment":"scroll","background-type":"","background-media":"","overlay-type":"","overlay-color":"","overlay-opacity":"","overlay-gradient":""},"tablet":{"background-color":"var(--ast-global-color-5)","background-image":"","background-repeat":"repeat","background-position":"center center","background-size":"auto","background-attachment":"scroll","background-type":"","background-media":"","overlay-type":"","overlay-color":"","overlay-opacity":"","overlay-gradient":""},"mobile":{"background-color":"var(--ast-global-color-5)","background-image":"","background-repeat":"repeat","background-position":"center center","background-size":"auto","background-attachment":"scroll","background-type":"","background-media":"","overlay-type":"","overlay-color":"","overlay-opacity":"","overlay-gradient":""}}},"product_brand":[],"product_cat":[76],"product_tag":[],"class_list":{"0":"post-7859","1":"product","2":"type-product","3":"status-publish","4":"has-post-thumbnail","6":"product_cat-modell","7":"desktop-align-center","8":"tablet-align-center","9":"mobile-align-center","11":"first","12":"instock","13":"taxable","14":"shipping-taxable","15":"purchasable","16":"product-type-simple"},"aioseo_notices":[],"spectra_custom_meta":{"_edit_lock":["1765034186:3"],"_edit_last":["3"],"_primary_term_product_cat":["76"],"_regular_price":["895"],"total_sales":["26"],"_tax_status":["taxable"],"_tax_class":[""],"_manage_stock":["yes"],"_backorders":["no"],"_sold_individually":["no"],"_virtual":["no"],"_downloadable":["no"],"_download_limit":["-1"],"_download_expiry":["-1"],"_stock":["5"],"_stock_status":["instock"],"_wc_average_rating":["0"],"_wc_review_count":["0"],"_product_version":["10.6.1"],"_price":["895"],"_wc_facebook_sync_enabled":["yes"],"fb_visibility":["yes"],"_wc_facebook_commerce_enabled":["no"],"site-sidebar-layout":["default"],"site-content-layout":["default"],"theme-transparent-header-meta":["default"],"_thumbnail_id":["7861"],"_product_image_gallery":["7860,7865,7866,7867,7868"],"fb_product_group_id":["6348075628558222"],"fb_product_item_id":["6348075658558219"],"fb_product_description":[""],"_wc_facebook_product_image_source":["product"],"_product_attributes":["a:2:{s:8:\"pa_skala\";a:6:{s:4:\"name\";s:8:\"pa_skala\";s:5:\"value\";s:0:\"\";s:8:\"position\";i:0;s:10:\"is_visible\";i:1;s:12:\"is_variation\";i:0;s:11:\"is_taxonomy\";i:1;}s:14:\"pa_tillverkare\";a:6:{s:4:\"name\";s:14:\"pa_tillverkare\";s:5:\"value\";s:0:\"\";s:8:\"position\";i:1;s:10:\"is_visible\";i:1;s:12:\"is_variation\";i:0;s:11:\"is_taxonomy\";i:1;}}"],"_weight":["251"],"_wp_old_slug":["scania-vabis-bf76-59"],"_aioseo_keywords":["a:0:{}"],"_aioseo_og_article_tags":["a:0:{}"],"fb_rich_text_description":[""],"fb_product_video":["a:0:{}"],"fb_brand":[""],"fb_mpn":[""],"_aioseo_og_title":[""],"_aioseo_og_description":[""],"_aioseo_og_article_section":[""],"_aioseo_twitter_title":[""],"_aioseo_twitter_description":[""],"_monsterinsights_sitenote_active":["0"],"om_disable_all_campaigns":[""],"ast-site-content-layout":["default"],"site-content-style":["default"],"site-sidebar-style":["default"],"_aioseo_title":[null],"_aioseo_description":[null],"astra-migrate-meta-layouts":["set"],"_uag_page_assets":["a:9:{s:3:\"css\";s:0:\"\";s:2:\"js\";s:0:\"\";s:18:\"current_block_list\";a:5:{i:0;s:26:\"woocommerce\/product-search\";i:1;s:10:\"core\/group\";i:2;s:12:\"core\/heading\";i:3;s:27:\"woocommerce\/product-on-sale\";i:4;s:32:\"woocommerce\/product-best-sellers\";}s:8:\"uag_flag\";b:0;s:11:\"uag_version\";s:10:\"1776192956\";s:6:\"gfonts\";a:0:{}s:10:\"gfonts_url\";s:0:\"\";s:12:\"gfonts_files\";a:0:{}s:14:\"uag_faq_layout\";b:0;}"]},"uagb_featured_image_src":{"full":["https:\/\/smalsparet.com\/wp-content\/uploads\/2023\/02\/bry310sj0408.jpeg",1500,844,false],"thumbnail":["https:\/\/smalsparet.com\/wp-content\/uploads\/2023\/02\/bry310sj0408-150x150.jpeg",150,150,true],"medium":["https:\/\/smalsparet.com\/wp-content\/uploads\/2023\/02\/bry310sj0408-300x169.jpeg",300,169,true],"medium_large":["https:\/\/smalsparet.com\/wp-content\/uploads\/2023\/02\/bry310sj0408-768x432.jpeg",768,432,true],"large":["https:\/\/smalsparet.com\/wp-content\/uploads\/2023\/02\/bry310sj0408-1024x576.jpeg",1024,576,true],"1536x1536":["https:\/\/smalsparet.com\/wp-content\/uploads\/2023\/02\/bry310sj0408.jpeg",1500,844,false],"2048x2048":["https:\/\/smalsparet.com\/wp-content\/uploads\/2023\/02\/bry310sj0408.jpeg",1500,844,false],"trp-custom-language-flag":["https:\/\/smalsparet.com\/wp-content\/uploads\/2023\/02\/bry310sj0408-18x10.jpeg",18,10,true],"woocommerce_thumbnail":["https:\/\/smalsparet.com\/wp-content\/uploads\/2023\/02\/bry310sj0408-300x300.jpeg",300,300,true],"woocommerce_single":["https:\/\/smalsparet.com\/wp-content\/uploads\/2023\/02\/bry310sj0408-600x338.jpeg",600,338,true],"woocommerce_gallery_thumbnail":["https:\/\/smalsparet.com\/wp-content\/uploads\/2023\/02\/bry310sj0408-100x100.jpeg",100,100,true],"awb_sm":["https:\/\/smalsparet.com\/wp-content\/uploads\/2023\/02\/bry310sj0408.jpeg",500,281,false],"awb_md":["https:\/\/smalsparet.com\/wp-content\/uploads\/2023\/02\/bry310sj0408.jpeg",800,450,false],"awb_lg":["https:\/\/smalsparet.com\/wp-content\/uploads\/2023\/02\/bry310sj0408.jpeg",1280,720,false],"awb_xl":["https:\/\/smalsparet.com\/wp-content\/uploads\/2023\/02\/bry310sj0408.jpeg",1500,844,false]},"uagb_author_info":{"display_name":"Olaf","author_link":"https:\/\/smalsparet.com\/de\/author\/"},"uagb_comment_info":0,"uagb_excerpt":"Popul\u00e4r och mycket vacker modell (skala 1:87) av Scania Vabis-buss i 60-70-talsutf\u00f6rande. Bussen har vit grill, gr\u00e5tt tak och \u00e4r i utf\u00f6rande fr\u00e5n slutet av 60-talet och fram\u00e5t (h\u00f6gertrafik). Detta var en omst\u00e4llningsbuss som kom i trafik redan 1965 med en d\u00f6rr p\u00e5 v\u00e4nstersidan som vid h\u00f6geroml\u00e4ggningen 1967 togs bort. F\u00f6rebilden \u00e4r allts\u00e5 efter 1967.&hellip;","_links":{"self":[{"href":"https:\/\/smalsparet.com\/de\/wp-json\/wp\/v2\/product\/7859","targetHints":{"allow":["GET"]}}],"collection":[{"href":"https:\/\/smalsparet.com\/de\/wp-json\/wp\/v2\/product"}],"about":[{"href":"https:\/\/smalsparet.com\/de\/wp-json\/wp\/v2\/types\/product"}],"replies":[{"embeddable":true,"href":"https:\/\/smalsparet.com\/de\/wp-json\/wp\/v2\/comments?post=7859"}],"wp:featuredmedia":[{"embeddable":true,"href":"https:\/\/smalsparet.com\/de\/wp-json\/wp\/v2\/media\/7861"}],"wp:attachment":[{"href":"https:\/\/smalsparet.com\/de\/wp-json\/wp\/v2\/media?parent=7859"}],"wp:term":[{"taxonomy":"product_brand","embeddable":true,"href":"https:\/\/smalsparet.com\/de\/wp-json\/wp\/v2\/product_brand?post=7859"},{"taxonomy":"product_cat","embeddable":true,"href":"https:\/\/smalsparet.com\/de\/wp-json\/wp\/v2\/product_cat?post=7859"},{"taxonomy":"product_tag","embeddable":true,"href":"https:\/\/smalsparet.com\/de\/wp-json\/wp\/v2\/product_tag?post=7859"}],"curies":[{"name":"wp","href":"https:\/\/api.w.org\/{rel}","templated":true}]}}