{"id":7644,"date":"2022-11-16T13:54:55","date_gmt":"2022-11-16T13:54:55","guid":{"rendered":"https:\/\/smalsparet.com\/?post_type=product&#038;p=7644"},"modified":"2024-08-24T21:50:58","modified_gmt":"2024-08-24T21:50:58","slug":"konduktorspaketet-for-barn-vaska-vast-och-keps","status":"publish","type":"product","link":"https:\/\/smalsparet.com\/de\/produkt\/konduktorspaketet-for-barn-vaska-vast-och-keps\/","title":{"rendered":"Dirigentenausr\u00fcstung f\u00fcr Kinder - Tasche, Weste und M\u00fctze"},"content":{"rendered":"<p>Verschenken Sie eine komplett ausgestattete Dirigentenausr\u00fcstung f\u00fcr die j\u00fcngeren Kinder, die sowohl die klassische Tasche als auch das passende Zubeh\u00f6r wie Weste und M\u00fctze enth\u00e4lt.<\/p>\n<p>Der klassische und beliebte Dirigentensack, mit dem Kinder seit 40 Jahren spielen, wird durch unsere neueste Erg\u00e4nzung, die Dirigentenweste, und die coole Dirigentenm\u00fctze erg\u00e4nzt. Wenn Sie alle Produkte zusammen kaufen, erhalten Sie einen Rabatt von 10% im Vergleich zum Einzelpreis.<\/p>","protected":false},"excerpt":{"rendered":"<p>Ge bort ett fullutrustat kondukt\u00f6rskit f\u00f6r de yngre barnen, med b\u00e5de den klassiska v\u00e4skan och de passande tillbeh\u00f6ren v\u00e4sten och kepsen. Den klassiska och popul\u00e4ra kondukt\u00f6rsv\u00e4skan som barn lekt med sedan 40 \u00e5r kompletteras med v\u00e5rt senaste tillskottet, kondukt\u00f6rsv\u00e4sten, samt den h\u00e4ftiga kondukt\u00f6rskepsen. K\u00f6per du alla produkterna ihop s\u00e5 f\u00e5r du 10% rabatt j\u00e4mf\u00f6rt med [&hellip;]<\/p>\n","protected":false},"featured_media":7646,"comment_status":"open","ping_status":"closed","template":"","meta":{"om_disable_all_campaigns":false,"_uag_custom_page_level_css":"","_monsterinsights_skip_tracking":false,"_monsterinsights_sitenote_active":false,"_monsterinsights_sitenote_note":"","_monsterinsights_sitenote_category":0,"site-sidebar-layout":"default","site-content-layout":"default","ast-site-content-layout":"default","site-content-style":"default","site-sidebar-style":"default","ast-global-header-display":"","ast-banner-title-visibility":"","ast-main-header-display":"","ast-hfb-above-header-display":"","ast-hfb-below-header-display":"","ast-hfb-mobile-header-display":"","site-post-title":"","ast-breadcrumbs-content":"","ast-featured-img":"","footer-sml-layout":"","ast-disable-related-posts":"","theme-transparent-header-meta":"default","adv-header-id-meta":"","stick-header-meta":"","header-above-stick-meta":"","header-main-stick-meta":"","header-below-stick-meta":"","astra-migrate-meta-layouts":"default","ast-page-background-enabled":"default","ast-page-background-meta":{"desktop":{"background-color":"","background-image":"","background-repeat":"repeat","background-position":"center center","background-size":"auto","background-attachment":"scroll","background-type":"","background-media":"","overlay-type":"","overlay-color":"","overlay-opacity":"","overlay-gradient":""},"tablet":{"background-color":"","background-image":"","background-repeat":"repeat","background-position":"center center","background-size":"auto","background-attachment":"scroll","background-type":"","background-media":"","overlay-type":"","overlay-color":"","overlay-opacity":"","overlay-gradient":""},"mobile":{"background-color":"","background-image":"","background-repeat":"repeat","background-position":"center center","background-size":"auto","background-attachment":"scroll","background-type":"","background-media":"","overlay-type":"","overlay-color":"","overlay-opacity":"","overlay-gradient":""}},"ast-content-background-meta":{"desktop":{"background-color":"var(--ast-global-color-5)","background-image":"","background-repeat":"repeat","background-position":"center center","background-size":"auto","background-attachment":"scroll","background-type":"","background-media":"","overlay-type":"","overlay-color":"","overlay-opacity":"","overlay-gradient":""},"tablet":{"background-color":"var(--ast-global-color-5)","background-image":"","background-repeat":"repeat","background-position":"center center","background-size":"auto","background-attachment":"scroll","background-type":"","background-media":"","overlay-type":"","overlay-color":"","overlay-opacity":"","overlay-gradient":""},"mobile":{"background-color":"var(--ast-global-color-5)","background-image":"","background-repeat":"repeat","background-position":"center center","background-size":"auto","background-attachment":"scroll","background-type":"","background-media":"","overlay-type":"","overlay-color":"","overlay-opacity":"","overlay-gradient":""}}},"product_brand":[],"product_cat":[24],"product_tag":[],"class_list":{"0":"post-7644","1":"product","2":"type-product","3":"status-publish","4":"has-post-thumbnail","6":"product_cat-leksak","7":"desktop-align-center","8":"tablet-align-center","9":"mobile-align-center","11":"first","12":"instock","13":"sale","14":"taxable","15":"shipping-taxable","16":"purchasable","17":"product-type-yith_bundle"},"aioseo_notices":[],"spectra_custom_meta":{"_edit_lock":["1763327285:3"],"_edit_last":["3"],"_primary_term_product_cat":["24"],"_children":["a:3:{i:0;i:2542;i:1;i:7629;i:2;i:7630;}"],"total_sales":["33"],"_tax_status":["taxable"],"_tax_class":[""],"_manage_stock":["no"],"_backorders":["no"],"_sold_individually":["no"],"_virtual":["no"],"_downloadable":["no"],"_download_limit":["-1"],"_download_expiry":["-1"],"_stock":[null],"_stock_status":["instock"],"_wc_average_rating":["0"],"_wc_review_count":["0"],"_product_version":["8.5.2"],"_price":["357","357"],"site-sidebar-layout":["default"],"site-content-layout":["default"],"theme-transparent-header-meta":["default"],"_yith_wcpb_bundle_data":["a:3:{i:1;a:3:{s:12:\"bundle_order\";s:1:\"1\";s:10:\"product_id\";s:4:\"7629\";s:11:\"bp_quantity\";s:1:\"1\";}i:2;a:3:{s:12:\"bundle_order\";s:1:\"2\";s:10:\"product_id\";s:4:\"7630\";s:11:\"bp_quantity\";s:1:\"1\";}i:3;a:3:{s:12:\"bundle_order\";s:1:\"3\";s:10:\"product_id\";s:4:\"2542\";s:11:\"bp_quantity\";s:1:\"1\";}}"],"_yith_bundle_product_version":["1.4.0"],"_regular_price":["397"],"_sale_price":["357"],"_thumbnail_id":["7646"],"_product_image_gallery":["4065,7636,7631"],"fb_product_item_id":["5708518242532360"],"_uag_page_assets":["a:9:{s:3:\"css\";s:0:\"\";s:2:\"js\";s:0:\"\";s:18:\"current_block_list\";a:5:{i:0;s:26:\"woocommerce\/product-search\";i:1;s:10:\"core\/group\";i:2;s:12:\"core\/heading\";i:3;s:27:\"woocommerce\/product-on-sale\";i:4;s:32:\"woocommerce\/product-best-sellers\";}s:8:\"uag_flag\";b:0;s:11:\"uag_version\";s:10:\"1775301941\";s:6:\"gfonts\";a:0:{}s:10:\"gfonts_url\";s:0:\"\";s:12:\"gfonts_files\";a:0:{}s:14:\"uag_faq_layout\";b:0;}"]},"uagb_featured_image_src":{"full":["https:\/\/smalsparet.com\/wp-content\/uploads\/2022\/11\/konduktorspaketet.jpg",800,800,false],"thumbnail":["https:\/\/smalsparet.com\/wp-content\/uploads\/2022\/11\/konduktorspaketet-150x150.jpg",150,150,true],"medium":["https:\/\/smalsparet.com\/wp-content\/uploads\/2022\/11\/konduktorspaketet-300x300.jpg",300,300,true],"medium_large":["https:\/\/smalsparet.com\/wp-content\/uploads\/2022\/11\/konduktorspaketet-768x768.jpg",768,768,true],"large":["https:\/\/smalsparet.com\/wp-content\/uploads\/2022\/11\/konduktorspaketet.jpg",800,800,false],"1536x1536":["https:\/\/smalsparet.com\/wp-content\/uploads\/2022\/11\/konduktorspaketet.jpg",800,800,false],"2048x2048":["https:\/\/smalsparet.com\/wp-content\/uploads\/2022\/11\/konduktorspaketet.jpg",800,800,false],"trp-custom-language-flag":["https:\/\/smalsparet.com\/wp-content\/uploads\/2022\/11\/konduktorspaketet-12x12.jpg",12,12,true],"woocommerce_thumbnail":["https:\/\/smalsparet.com\/wp-content\/uploads\/2022\/11\/konduktorspaketet-300x300.jpg",300,300,true],"woocommerce_single":["https:\/\/smalsparet.com\/wp-content\/uploads\/2022\/11\/konduktorspaketet-600x600.jpg",600,600,true],"woocommerce_gallery_thumbnail":["https:\/\/smalsparet.com\/wp-content\/uploads\/2022\/11\/konduktorspaketet-100x100.jpg",100,100,true],"awb_sm":["https:\/\/smalsparet.com\/wp-content\/uploads\/2022\/11\/konduktorspaketet.jpg",500,500,false],"awb_md":["https:\/\/smalsparet.com\/wp-content\/uploads\/2022\/11\/konduktorspaketet.jpg",800,800,false],"awb_lg":["https:\/\/smalsparet.com\/wp-content\/uploads\/2022\/11\/konduktorspaketet.jpg",800,800,false],"awb_xl":["https:\/\/smalsparet.com\/wp-content\/uploads\/2022\/11\/konduktorspaketet.jpg",800,800,false]},"uagb_author_info":{"display_name":"Olaf","author_link":"https:\/\/smalsparet.com\/de\/author\/"},"uagb_comment_info":0,"uagb_excerpt":"Ge bort ett fullutrustat kondukt\u00f6rskit f\u00f6r de yngre barnen, med b\u00e5de den klassiska v\u00e4skan och de passande tillbeh\u00f6ren v\u00e4sten och kepsen. Den klassiska och popul\u00e4ra kondukt\u00f6rsv\u00e4skan som barn lekt med sedan 40 \u00e5r kompletteras med v\u00e5rt senaste tillskottet, kondukt\u00f6rsv\u00e4sten, samt den h\u00e4ftiga kondukt\u00f6rskepsen. K\u00f6per du alla produkterna ihop s\u00e5 f\u00e5r du 10% rabatt j\u00e4mf\u00f6rt med&hellip;","_links":{"self":[{"href":"https:\/\/smalsparet.com\/de\/wp-json\/wp\/v2\/product\/7644","targetHints":{"allow":["GET"]}}],"collection":[{"href":"https:\/\/smalsparet.com\/de\/wp-json\/wp\/v2\/product"}],"about":[{"href":"https:\/\/smalsparet.com\/de\/wp-json\/wp\/v2\/types\/product"}],"replies":[{"embeddable":true,"href":"https:\/\/smalsparet.com\/de\/wp-json\/wp\/v2\/comments?post=7644"}],"wp:featuredmedia":[{"embeddable":true,"href":"https:\/\/smalsparet.com\/de\/wp-json\/wp\/v2\/media\/7646"}],"wp:attachment":[{"href":"https:\/\/smalsparet.com\/de\/wp-json\/wp\/v2\/media?parent=7644"}],"wp:term":[{"taxonomy":"product_brand","embeddable":true,"href":"https:\/\/smalsparet.com\/de\/wp-json\/wp\/v2\/product_brand?post=7644"},{"taxonomy":"product_cat","embeddable":true,"href":"https:\/\/smalsparet.com\/de\/wp-json\/wp\/v2\/product_cat?post=7644"},{"taxonomy":"product_tag","embeddable":true,"href":"https:\/\/smalsparet.com\/de\/wp-json\/wp\/v2\/product_tag?post=7644"}],"curies":[{"name":"wp","href":"https:\/\/api.w.org\/{rel}","templated":true}]}}