{"id":7599,"date":"2022-11-16T07:53:49","date_gmt":"2022-11-16T07:53:49","guid":{"rendered":"https:\/\/smalsparet.com\/?post_type=product&#038;p=7599"},"modified":"2024-12-01T00:00:20","modified_gmt":"2024-12-01T00:00:20","slug":"augustas-kokbok-anno-1898","status":"publish","type":"product","link":"https:\/\/smalsparet.com\/de\/produkt\/augustas-kokbok-anno-1898\/","title":{"rendered":"Augustas Kochbuch im Jahr 1898"},"content":{"rendered":"<p>Im Jahr 1898 sa\u00df Johanna Augusta Leontina Olsson nach der Arbeit in ihrem Zimmer und schrieb die Rezepte auf, die sie in dem feinen Eisenbahnrestaurant in Tillberga bei V\u00e4ster\u00e5s verwendete.<\/p>\n<p>Sie schrieb sie auf der Grundlage der Realit\u00e4t, wie sie damals war. Das hei\u00dft, keine K\u00fchlschr\u00e4nke, keine Elektroherde, keine \u00d6fen, deren Temperatur man genau steuern kann, keine st\u00e4ndige Versorgung mit Rohstoffen usw. Dass sie unter diesen Bedingungen die erstaunlichsten Men\u00fcs und Gerichte zubereiten konnte, zeugt von gro\u00dfem Geschick in der K\u00fcche.<\/p>\n<p>In diesem Buch finden Sie viele ihrer Originalrezepte sowie einige Tipps, wie wir diese Gerichte heute zubereiten k\u00f6nnten.<\/p>\n<p>Das Buch enth\u00e4lt Rezepte, Tipps und Kuriosit\u00e4ten sowie Geschichten \u00fcber das damalige Leben in einer Restaurantk\u00fcche.<\/p>\n<p>Autor: Mats Lundqvist<br \/>\nFotograf: Leif Bj\u00f6rklund<\/p>","protected":false},"excerpt":{"rendered":"<p>Johanna Augusta Leontina Olsson satt p\u00e5 kammaren \u00e5r 1898 efter dagens arbetspass och skrev ner sina recept som hon anv\u00e4nde sig av i den fina j\u00e4rnv\u00e4gsrestaurangen i Tillberga utanf\u00f6r V\u00e4ster\u00e5s. Hon skrev dem utifr\u00e5n hur verkligheten var f\u00f6r dem p\u00e5 den tiden. Det vill s\u00e4ga, inga kylsk\u00e5p, inga elektriska spisar, inga ugnar som man kan [&hellip;]<\/p>\n","protected":false},"featured_media":7600,"comment_status":"open","ping_status":"closed","template":"","meta":{"om_disable_all_campaigns":false,"_uag_custom_page_level_css":"","_monsterinsights_skip_tracking":false,"_monsterinsights_sitenote_active":false,"_monsterinsights_sitenote_note":"","_monsterinsights_sitenote_category":0,"site-sidebar-layout":"default","site-content-layout":"default","ast-site-content-layout":"default","site-content-style":"default","site-sidebar-style":"default","ast-global-header-display":"","ast-banner-title-visibility":"","ast-main-header-display":"","ast-hfb-above-header-display":"","ast-hfb-below-header-display":"","ast-hfb-mobile-header-display":"","site-post-title":"","ast-breadcrumbs-content":"","ast-featured-img":"","footer-sml-layout":"","ast-disable-related-posts":"","theme-transparent-header-meta":"default","adv-header-id-meta":"","stick-header-meta":"","header-above-stick-meta":"","header-main-stick-meta":"","header-below-stick-meta":"","astra-migrate-meta-layouts":"set","ast-page-background-enabled":"default","ast-page-background-meta":{"desktop":{"background-color":"","background-image":"","background-repeat":"repeat","background-position":"center center","background-size":"auto","background-attachment":"scroll","background-type":"","background-media":"","overlay-type":"","overlay-color":"","overlay-opacity":"","overlay-gradient":""},"tablet":{"background-color":"","background-image":"","background-repeat":"repeat","background-position":"center center","background-size":"auto","background-attachment":"scroll","background-type":"","background-media":"","overlay-type":"","overlay-color":"","overlay-opacity":"","overlay-gradient":""},"mobile":{"background-color":"","background-image":"","background-repeat":"repeat","background-position":"center center","background-size":"auto","background-attachment":"scroll","background-type":"","background-media":"","overlay-type":"","overlay-color":"","overlay-opacity":"","overlay-gradient":""}},"ast-content-background-meta":{"desktop":{"background-color":"var(--ast-global-color-5)","background-image":"","background-repeat":"repeat","background-position":"center center","background-size":"auto","background-attachment":"scroll","background-type":"","background-media":"","overlay-type":"","overlay-color":"","overlay-opacity":"","overlay-gradient":""},"tablet":{"background-color":"var(--ast-global-color-5)","background-image":"","background-repeat":"repeat","background-position":"center center","background-size":"auto","background-attachment":"scroll","background-type":"","background-media":"","overlay-type":"","overlay-color":"","overlay-opacity":"","overlay-gradient":""},"mobile":{"background-color":"var(--ast-global-color-5)","background-image":"","background-repeat":"repeat","background-position":"center center","background-size":"auto","background-attachment":"scroll","background-type":"","background-media":"","overlay-type":"","overlay-color":"","overlay-opacity":"","overlay-gradient":""}}},"product_brand":[],"product_cat":[23],"product_tag":[],"class_list":{"0":"post-7599","1":"product","2":"type-product","3":"status-publish","4":"has-post-thumbnail","6":"product_cat-bok","7":"desktop-align-center","8":"tablet-align-center","9":"mobile-align-center","11":"first","12":"instock","13":"featured","14":"taxable","15":"shipping-taxable","16":"purchasable","17":"product-type-simple"},"aioseo_notices":[],"spectra_custom_meta":{"_edit_lock":["1732531416:3"],"_edit_last":["3"],"_thumbnail_id":["7600"],"_primary_term_product_cat":["23"],"total_sales":["6"],"_tax_status":["taxable"],"_tax_class":["6"],"_manage_stock":["yes"],"_backorders":["no"],"_sold_individually":["no"],"_weight":["946"],"_virtual":["no"],"_downloadable":["no"],"_download_limit":["-1"],"_download_expiry":["-1"],"_stock":["1"],"_stock_status":["instock"],"_wc_average_rating":["0"],"_wc_review_count":["0"],"_product_attributes":["a:2:{s:11:\"pa_bindning\";a:6:{s:4:\"name\";s:11:\"pa_bindning\";s:5:\"value\";s:0:\"\";s:8:\"position\";i:0;s:10:\"is_visible\";i:1;s:12:\"is_variation\";i:0;s:11:\"is_taxonomy\";i:1;}s:8:\"pa_sidor\";a:6:{s:4:\"name\";s:8:\"pa_sidor\";s:5:\"value\";s:0:\"\";s:8:\"position\";i:1;s:10:\"is_visible\";i:1;s:12:\"is_variation\";i:0;s:11:\"is_taxonomy\";i:1;}}"],"_product_version":["8.5.2"],"site-sidebar-layout":["default"],"site-content-layout":["default"],"theme-transparent-header-meta":["default"],"_regular_price":["349"],"_price":["349"],"fb_product_group_id":["5644694335622187"],"fb_product_item_id":["5644694402288847"],"_wc_facebook_sync_enabled":["yes"],"fb_visibility":["yes"],"fb_product_description":[""],"_wc_facebook_product_image_source":["product"],"_wc_facebook_commerce_enabled":["no"],"ast-site-content-layout":["default"],"site-content-style":["default"],"site-sidebar-style":["default"],"_aioseo_title":[null],"_aioseo_description":[null],"_aioseo_keywords":["a:0:{}"],"_aioseo_og_title":[null],"_aioseo_og_description":[null],"_aioseo_og_article_section":[""],"_aioseo_og_article_tags":["a:0:{}"],"_aioseo_twitter_title":[null],"_aioseo_twitter_description":[null],"_monsterinsights_sitenote_active":["0"],"om_disable_all_campaigns":[""],"astra-migrate-meta-layouts":["set"],"_uag_page_assets":["a:9:{s:3:\"css\";s:0:\"\";s:2:\"js\";s:0:\"\";s:18:\"current_block_list\";a:5:{i:0;s:26:\"woocommerce\/product-search\";i:1;s:10:\"core\/group\";i:2;s:12:\"core\/heading\";i:3;s:27:\"woocommerce\/product-on-sale\";i:4;s:32:\"woocommerce\/product-best-sellers\";}s:8:\"uag_flag\";b:0;s:11:\"uag_version\";s:10:\"1777358308\";s:6:\"gfonts\";a:0:{}s:10:\"gfonts_url\";s:0:\"\";s:12:\"gfonts_files\";a:0:{}s:14:\"uag_faq_layout\";b:0;}"]},"uagb_featured_image_src":{"full":["https:\/\/smalsparet.com\/wp-content\/uploads\/2022\/11\/9789189409453-scaled.jpg",1977,2560,false],"thumbnail":["https:\/\/smalsparet.com\/wp-content\/uploads\/2022\/11\/9789189409453-150x150.jpg",150,150,true],"medium":["https:\/\/smalsparet.com\/wp-content\/uploads\/2022\/11\/9789189409453-232x300.jpg",232,300,true],"medium_large":["https:\/\/smalsparet.com\/wp-content\/uploads\/2022\/11\/9789189409453-768x994.jpg",768,994,true],"large":["https:\/\/smalsparet.com\/wp-content\/uploads\/2022\/11\/9789189409453-791x1024.jpg",791,1024,true],"1536x1536":["https:\/\/smalsparet.com\/wp-content\/uploads\/2022\/11\/9789189409453-1186x1536.jpg",1186,1536,true],"2048x2048":["https:\/\/smalsparet.com\/wp-content\/uploads\/2022\/11\/9789189409453-1582x2048.jpg",1582,2048,true],"trp-custom-language-flag":["https:\/\/smalsparet.com\/wp-content\/uploads\/2022\/11\/9789189409453-9x12.jpg",9,12,true],"woocommerce_thumbnail":["https:\/\/smalsparet.com\/wp-content\/uploads\/2022\/11\/9789189409453-300x300.jpg",300,300,true],"woocommerce_single":["https:\/\/smalsparet.com\/wp-content\/uploads\/2022\/11\/9789189409453-600x777.jpg",600,777,true],"woocommerce_gallery_thumbnail":["https:\/\/smalsparet.com\/wp-content\/uploads\/2022\/11\/9789189409453-100x100.jpg",100,100,true],"awb_sm":["https:\/\/smalsparet.com\/wp-content\/uploads\/2022\/11\/9789189409453-scaled.jpg",500,647,false],"awb_md":["https:\/\/smalsparet.com\/wp-content\/uploads\/2022\/11\/9789189409453-scaled.jpg",800,1036,false],"awb_lg":["https:\/\/smalsparet.com\/wp-content\/uploads\/2022\/11\/9789189409453-scaled.jpg",1280,1657,false],"awb_xl":["https:\/\/smalsparet.com\/wp-content\/uploads\/2022\/11\/9789189409453-scaled.jpg",1920,2486,false]},"uagb_author_info":{"display_name":"Olaf","author_link":"https:\/\/smalsparet.com\/de\/author\/"},"uagb_comment_info":0,"uagb_excerpt":"Johanna Augusta Leontina Olsson satt p\u00e5 kammaren \u00e5r 1898 efter dagens arbetspass och skrev ner sina recept som hon anv\u00e4nde sig av i den fina j\u00e4rnv\u00e4gsrestaurangen i Tillberga utanf\u00f6r V\u00e4ster\u00e5s. Hon skrev dem utifr\u00e5n hur verkligheten var f\u00f6r dem p\u00e5 den tiden. Det vill s\u00e4ga, inga kylsk\u00e5p, inga elektriska spisar, inga ugnar som man kan&hellip;","_links":{"self":[{"href":"https:\/\/smalsparet.com\/de\/wp-json\/wp\/v2\/product\/7599","targetHints":{"allow":["GET"]}}],"collection":[{"href":"https:\/\/smalsparet.com\/de\/wp-json\/wp\/v2\/product"}],"about":[{"href":"https:\/\/smalsparet.com\/de\/wp-json\/wp\/v2\/types\/product"}],"replies":[{"embeddable":true,"href":"https:\/\/smalsparet.com\/de\/wp-json\/wp\/v2\/comments?post=7599"}],"wp:featuredmedia":[{"embeddable":true,"href":"https:\/\/smalsparet.com\/de\/wp-json\/wp\/v2\/media\/7600"}],"wp:attachment":[{"href":"https:\/\/smalsparet.com\/de\/wp-json\/wp\/v2\/media?parent=7599"}],"wp:term":[{"taxonomy":"product_brand","embeddable":true,"href":"https:\/\/smalsparet.com\/de\/wp-json\/wp\/v2\/product_brand?post=7599"},{"taxonomy":"product_cat","embeddable":true,"href":"https:\/\/smalsparet.com\/de\/wp-json\/wp\/v2\/product_cat?post=7599"},{"taxonomy":"product_tag","embeddable":true,"href":"https:\/\/smalsparet.com\/de\/wp-json\/wp\/v2\/product_tag?post=7599"}],"curies":[{"name":"wp","href":"https:\/\/api.w.org\/{rel}","templated":true}]}}