{"id":5332,"date":"2016-11-02T12:36:37","date_gmt":"2016-11-02T12:36:37","guid":{"rendered":"https:\/\/smalsparet.com\/?product=802-1067-forsvunna-smalspar"},"modified":"2026-02-02T20:31:48","modified_gmt":"2026-02-02T20:31:48","slug":"802-1067-forsvunna-smalspar","status":"publish","type":"product","link":"https:\/\/smalsparet.com\/de\/produkt\/802-1067-forsvunna-smalspar\/","title":{"rendered":"802-1067 Verschwundene Schmalspurbahn"},"content":{"rendered":"<p>Ein Film \u00fcber Schmalspurbahnen, die heute geschlossen und abgerissen sind. Gefilmt auf Schmalspurfilm in Schwarz-Wei\u00df und Farbe. Wir besuchen Eksj\u00f6-\u00d6sterbymo, Halmstad \u00d6-Karlshamn, Vassmol\u00f6sa (ehemalige KTsJ), Tp-lok V\u00e4xj\u00f6-\u00c5seda, Auf Br\u00fccken \u00fcber den M\u00f6rrums\u00e5n, H\u00e4llefors-Fredriksberg, Karlstad \u00d6-Skoghall, Byvalla-L\u00e5ngshyttan und Rimbo-Eriksberg (Hallstavikslinjen). Gefilmt zwischen 1954 und 1971, mit synchronisiertem Ton.<\/p>\n<p>W\u00e4hlbare Audiospuren mit oder ohne Kommentar<\/p>\n<p>Laufzeit 65 Minuten, schwarz-wei\u00df und Farbe, Format 4:3,<\/p>\n<p><span style=\"color: #ff0000;\"><em>\u00a0<\/em><\/span><\/p>","protected":false},"excerpt":{"rendered":"<p>En film om smalsp\u00e5riga j\u00e4rnv\u00e4gar som numera \u00e4r nedlagda och rivna. Filmade p\u00e5 smalfilm i svartvitt och f\u00e4rg. Vi bes\u00f6ker Eksj\u00f6-\u00d6sterbymo, Halmstad \u00d6-Karlshamn, Vassmol\u00f6sa (f.d. KTsJ), Tp-lok V\u00e4xj\u00f6-\u00c5seda, P\u00e5 broar \u00f6ver M\u00f6rrums\u00e5n, H\u00e4llefors-Fredriksberg, Karlstad \u00d6-Skoghall, Byvalla-L\u00e5ngshyttan och Rimbo-Eriksberg (Hallstavikslinjen). Filmat mellan 1954 och 1971, med dubbat ljud. Valbara ljudsp\u00e5r med eller utan kommentarer Speltid\u00a065 minuter, [&hellip;]<\/p>\n","protected":false},"featured_media":5333,"comment_status":"open","ping_status":"closed","template":"","meta":{"om_disable_all_campaigns":false,"_uag_custom_page_level_css":"","_monsterinsights_skip_tracking":false,"_monsterinsights_sitenote_active":false,"_monsterinsights_sitenote_note":"","_monsterinsights_sitenote_category":0,"site-sidebar-layout":"default","site-content-layout":"default","ast-site-content-layout":"default","site-content-style":"default","site-sidebar-style":"default","ast-global-header-display":"","ast-banner-title-visibility":"","ast-main-header-display":"","ast-hfb-above-header-display":"","ast-hfb-below-header-display":"","ast-hfb-mobile-header-display":"","site-post-title":"","ast-breadcrumbs-content":"","ast-featured-img":"","footer-sml-layout":"","ast-disable-related-posts":"","theme-transparent-header-meta":"default","adv-header-id-meta":"","stick-header-meta":"","header-above-stick-meta":"","header-main-stick-meta":"","header-below-stick-meta":"","astra-migrate-meta-layouts":"set","ast-page-background-enabled":"default","ast-page-background-meta":{"desktop":{"background-color":"","background-image":"","background-repeat":"repeat","background-position":"center center","background-size":"auto","background-attachment":"scroll","background-type":"","background-media":"","overlay-type":"","overlay-color":"","overlay-opacity":"","overlay-gradient":""},"tablet":{"background-color":"","background-image":"","background-repeat":"repeat","background-position":"center center","background-size":"auto","background-attachment":"scroll","background-type":"","background-media":"","overlay-type":"","overlay-color":"","overlay-opacity":"","overlay-gradient":""},"mobile":{"background-color":"","background-image":"","background-repeat":"repeat","background-position":"center center","background-size":"auto","background-attachment":"scroll","background-type":"","background-media":"","overlay-type":"","overlay-color":"","overlay-opacity":"","overlay-gradient":""}},"ast-content-background-meta":{"desktop":{"background-color":"var(--ast-global-color-5)","background-image":"","background-repeat":"repeat","background-position":"center center","background-size":"auto","background-attachment":"scroll","background-type":"","background-media":"","overlay-type":"","overlay-color":"","overlay-opacity":"","overlay-gradient":""},"tablet":{"background-color":"var(--ast-global-color-5)","background-image":"","background-repeat":"repeat","background-position":"center center","background-size":"auto","background-attachment":"scroll","background-type":"","background-media":"","overlay-type":"","overlay-color":"","overlay-opacity":"","overlay-gradient":""},"mobile":{"background-color":"var(--ast-global-color-5)","background-image":"","background-repeat":"repeat","background-position":"center center","background-size":"auto","background-attachment":"scroll","background-type":"","background-media":"","overlay-type":"","overlay-color":"","overlay-opacity":"","overlay-gradient":""}}},"product_brand":[],"product_cat":[66],"product_tag":[],"class_list":{"0":"post-5332","1":"product","2":"type-product","3":"status-publish","4":"has-post-thumbnail","6":"product_cat-historiska-filmer","7":"desktop-align-center","8":"tablet-align-center","9":"mobile-align-center","11":"first","12":"instock","13":"taxable","14":"shipping-taxable","15":"purchasable","16":"product-type-simple"},"aioseo_notices":[],"spectra_custom_meta":{"_product_attributes":["a:0:{}"],"_thumbnail_id":["5333"],"_visibility":["visible"],"_stock_status":["instock"],"total_sales":["17"],"_downloadable":["no"],"_virtual":["no"],"_regular_price":["200"],"_tax_status":["taxable"],"_tax_class":["6"],"_featured":["no"],"_purchase_note":[""],"_weight":["80"],"_length":[""],"_width":[""],"_height":[""],"_sku":[""],"_sale_price_dates_from":[""],"_price":["200"],"_sold_individually":[""],"_manage_stock":["yes"],"_backorders":["no"],"_stock":["12"],"_upsell_ids":["a:0:{}"],"_crosssell_ids":["a:0:{}"],"_children":["a:0:{}"],"_min_variation_price":[""],"_max_variation_price":[""],"_min_price_variation_id":[""],"_max_price_variation_id":[""],"_min_variation_regular_price":[""],"_max_variation_regular_price":[""],"_min_regular_price_variation_id":[""],"_max_regular_price_variation_id":[""],"_min_variation_sale_price":[""],"_max_variation_sale_price":[""],"_min_sale_price_variation_id":[""],"_max_sale_price_variation_id":[""],"_product_image_gallery":[""],"_yoast_wpseo_title":[""],"_yoast_wpseo_metadesc":[""],"_yoast_wpseo_focuskw":[""],"_downloadable_files":["a:0:{}"],"_download_limit":[""],"_download_expiry":[""],"_wc_average_rating":["0"],"_wc_rating_count":["a:0:{}"],"_wc_review_count":["0"],"_wpm_gtin_code":[""],"rank_math_title":[""],"rank_math_description":[""],"rank_math_focus_keyword":[""],"_edit_last":["3"],"_product_version":["9.7.1"],"_edit_lock":["1732531125:3"],"fb_product_item_id":["6053499671361896"],"_primary_term_product_cat":["66"],"_wc_facebook_sync_enabled":["yes"],"fb_visibility":["yes"],"fb_product_description":[""],"_wc_facebook_product_image_source":["product"],"_wc_facebook_commerce_enabled":["no"],"site-sidebar-layout":["default"],"site-content-layout":["default"],"theme-transparent-header-meta":["default"],"ast-site-content-layout":["default"],"site-content-style":["default"],"site-sidebar-style":["default"],"_aioseo_title":[null],"_aioseo_description":[null],"_aioseo_keywords":["a:0:{}"],"_aioseo_og_title":[null],"_aioseo_og_description":[null],"_aioseo_og_article_section":[""],"_aioseo_og_article_tags":["a:0:{}"],"_aioseo_twitter_title":[null],"_aioseo_twitter_description":[null],"_monsterinsights_sitenote_active":["0"],"om_disable_all_campaigns":[""],"astra-migrate-meta-layouts":["set"],"_uag_page_assets":["a:9:{s:3:\"css\";s:0:\"\";s:2:\"js\";s:0:\"\";s:18:\"current_block_list\";a:5:{i:0;s:26:\"woocommerce\/product-search\";i:1;s:10:\"core\/group\";i:2;s:12:\"core\/heading\";i:3;s:27:\"woocommerce\/product-on-sale\";i:4;s:32:\"woocommerce\/product-best-sellers\";}s:8:\"uag_flag\";b:0;s:11:\"uag_version\";s:10:\"1775301941\";s:6:\"gfonts\";a:0:{}s:10:\"gfonts_url\";s:0:\"\";s:12:\"gfonts_files\";a:0:{}s:14:\"uag_faq_layout\";b:0;}"]},"uagb_featured_image_src":{"full":["https:\/\/smalsparet.com\/wp-content\/uploads\/nc\/2016\/11\/LEG-Forsvunna-spar-20161101-dvdomslag-900.jpg",900,603,false],"thumbnail":["https:\/\/smalsparet.com\/wp-content\/uploads\/nc\/2016\/11\/LEG-Forsvunna-spar-20161101-dvdomslag-900.jpg",150,101,false],"medium":["https:\/\/smalsparet.com\/wp-content\/uploads\/nc\/2016\/11\/LEG-Forsvunna-spar-20161101-dvdomslag-900.jpg",300,201,false],"medium_large":["https:\/\/smalsparet.com\/wp-content\/uploads\/nc\/2016\/11\/LEG-Forsvunna-spar-20161101-dvdomslag-900.jpg",768,515,false],"large":["https:\/\/smalsparet.com\/wp-content\/uploads\/nc\/2016\/11\/LEG-Forsvunna-spar-20161101-dvdomslag-900.jpg",900,603,false],"1536x1536":["https:\/\/smalsparet.com\/wp-content\/uploads\/nc\/2016\/11\/LEG-Forsvunna-spar-20161101-dvdomslag-900.jpg",900,603,false],"2048x2048":["https:\/\/smalsparet.com\/wp-content\/uploads\/nc\/2016\/11\/LEG-Forsvunna-spar-20161101-dvdomslag-900.jpg",900,603,false],"trp-custom-language-flag":["https:\/\/smalsparet.com\/wp-content\/uploads\/nc\/2016\/11\/LEG-Forsvunna-spar-20161101-dvdomslag-900.jpg",18,12,false],"woocommerce_thumbnail":["https:\/\/smalsparet.com\/wp-content\/uploads\/nc\/2016\/11\/LEG-Forsvunna-spar-20161101-dvdomslag-900-300x300.jpg",300,300,true],"woocommerce_single":["https:\/\/smalsparet.com\/wp-content\/uploads\/nc\/2016\/11\/LEG-Forsvunna-spar-20161101-dvdomslag-900.jpg",600,402,true],"woocommerce_gallery_thumbnail":["https:\/\/smalsparet.com\/wp-content\/uploads\/nc\/2016\/11\/LEG-Forsvunna-spar-20161101-dvdomslag-900-100x100.jpg",100,100,true],"awb_sm":["https:\/\/smalsparet.com\/wp-content\/uploads\/nc\/2016\/11\/LEG-Forsvunna-spar-20161101-dvdomslag-900.jpg",500,335,false],"awb_md":["https:\/\/smalsparet.com\/wp-content\/uploads\/nc\/2016\/11\/LEG-Forsvunna-spar-20161101-dvdomslag-900.jpg",800,536,false],"awb_lg":["https:\/\/smalsparet.com\/wp-content\/uploads\/nc\/2016\/11\/LEG-Forsvunna-spar-20161101-dvdomslag-900.jpg",900,603,false],"awb_xl":["https:\/\/smalsparet.com\/wp-content\/uploads\/nc\/2016\/11\/LEG-Forsvunna-spar-20161101-dvdomslag-900.jpg",900,603,false]},"uagb_author_info":{"display_name":"admin","author_link":"https:\/\/smalsparet.com\/de\/author\/"},"uagb_comment_info":0,"uagb_excerpt":"En film om smalsp\u00e5riga j\u00e4rnv\u00e4gar som numera \u00e4r nedlagda och rivna. Filmade p\u00e5 smalfilm i svartvitt och f\u00e4rg. Vi bes\u00f6ker Eksj\u00f6-\u00d6sterbymo, Halmstad \u00d6-Karlshamn, Vassmol\u00f6sa (f.d. KTsJ), Tp-lok V\u00e4xj\u00f6-\u00c5seda, P\u00e5 broar \u00f6ver M\u00f6rrums\u00e5n, H\u00e4llefors-Fredriksberg, Karlstad \u00d6-Skoghall, Byvalla-L\u00e5ngshyttan och Rimbo-Eriksberg (Hallstavikslinjen). Filmat mellan 1954 och 1971, med dubbat ljud. Valbara ljudsp\u00e5r med eller utan kommentarer Speltid\u00a065 minuter,&hellip;","_links":{"self":[{"href":"https:\/\/smalsparet.com\/de\/wp-json\/wp\/v2\/product\/5332","targetHints":{"allow":["GET"]}}],"collection":[{"href":"https:\/\/smalsparet.com\/de\/wp-json\/wp\/v2\/product"}],"about":[{"href":"https:\/\/smalsparet.com\/de\/wp-json\/wp\/v2\/types\/product"}],"replies":[{"embeddable":true,"href":"https:\/\/smalsparet.com\/de\/wp-json\/wp\/v2\/comments?post=5332"}],"wp:featuredmedia":[{"embeddable":true,"href":"https:\/\/smalsparet.com\/de\/wp-json\/wp\/v2\/media\/5333"}],"wp:attachment":[{"href":"https:\/\/smalsparet.com\/de\/wp-json\/wp\/v2\/media?parent=5332"}],"wp:term":[{"taxonomy":"product_brand","embeddable":true,"href":"https:\/\/smalsparet.com\/de\/wp-json\/wp\/v2\/product_brand?post=5332"},{"taxonomy":"product_cat","embeddable":true,"href":"https:\/\/smalsparet.com\/de\/wp-json\/wp\/v2\/product_cat?post=5332"},{"taxonomy":"product_tag","embeddable":true,"href":"https:\/\/smalsparet.com\/de\/wp-json\/wp\/v2\/product_tag?post=5332"}],"curies":[{"name":"wp","href":"https:\/\/api.w.org\/{rel}","templated":true}]}}