{"id":5326,"date":"2015-11-10T10:16:43","date_gmt":"2015-11-10T10:16:43","guid":{"rendered":"https:\/\/smalsparet.com\/?product=munkedals-jernvag-120-ar"},"modified":"2025-02-23T14:33:23","modified_gmt":"2025-02-23T14:33:23","slug":"munkedals-jernvag-120-ar","status":"publish","type":"product","link":"https:\/\/smalsparet.com\/de\/produkt\/munkedals-jernvag-120-ar\/","title":{"rendered":"Munkedals Jernv\u00e4g 120 Jahre"},"content":{"rendered":"<p>Ein Film \u00fcber die Museumsbahn in Bohusl\u00e4n, die im August 2015 ihr 120-j\u00e4hriges Bestehen mit Dampflokfahrten feierte. Da die eigenen Dampflokomotiven der Munkedalbahn nicht betriebsf\u00e4hig waren, wurde die Emsfors-Brigade-Lokomotive von der Ohsabanan-Bahn in Sm\u00e5land ausgeliehen. Wir verfolgen das Jubil\u00e4um mit dem Zugverkehr und fahren auch mit einem Triebwagen auf der Strecke. Der Triebwagen ist ein deutscher Heeresfeldbahnwagen von 1935.<br \/>\nW\u00e4hlbare Audiospuren mit oder ohne Lautsprecher.<br \/>\nFilmformat 16:9. L\u00e4nge 50 Minuten<\/p>","protected":false},"excerpt":{"rendered":"<p>En film om museij\u00e4rnv\u00e4gen i Bohusl\u00e4n som firade 120-\u00e5rsjubileum i augusti 2015 med \u00e5ngloksk\u00f6rningar. D\u00e5 Munkedals Jernv\u00e4gs egna \u00e5nglok inte var k\u00f6rbara l\u00e5nades brigadloket Emsfors fr\u00e5n sm\u00e5l\u00e4ndska Ohsabanan. Vi f\u00f6ljer jubileet med t\u00e5gtrafiken och reser \u00e4ven med en motordressin p\u00e5 linjen. Motordressinen \u00e4r en tysk Heeresfeldbahn dressin fr\u00e5n 1935. Valbara ljudsp\u00e5r med eller utan speaker. [&hellip;]<\/p>\n","protected":false},"featured_media":5327,"comment_status":"open","ping_status":"closed","template":"","meta":{"om_disable_all_campaigns":false,"_uag_custom_page_level_css":"","_monsterinsights_skip_tracking":false,"_monsterinsights_sitenote_active":false,"_monsterinsights_sitenote_note":"","_monsterinsights_sitenote_category":0,"site-sidebar-layout":"default","site-content-layout":"default","ast-site-content-layout":"default","site-content-style":"default","site-sidebar-style":"default","ast-global-header-display":"","ast-banner-title-visibility":"","ast-main-header-display":"","ast-hfb-above-header-display":"","ast-hfb-below-header-display":"","ast-hfb-mobile-header-display":"","site-post-title":"","ast-breadcrumbs-content":"","ast-featured-img":"","footer-sml-layout":"","ast-disable-related-posts":"","theme-transparent-header-meta":"default","adv-header-id-meta":"","stick-header-meta":"","header-above-stick-meta":"","header-main-stick-meta":"","header-below-stick-meta":"","astra-migrate-meta-layouts":"default","ast-page-background-enabled":"default","ast-page-background-meta":{"desktop":{"background-color":"","background-image":"","background-repeat":"repeat","background-position":"center center","background-size":"auto","background-attachment":"scroll","background-type":"","background-media":"","overlay-type":"","overlay-color":"","overlay-opacity":"","overlay-gradient":""},"tablet":{"background-color":"","background-image":"","background-repeat":"repeat","background-position":"center center","background-size":"auto","background-attachment":"scroll","background-type":"","background-media":"","overlay-type":"","overlay-color":"","overlay-opacity":"","overlay-gradient":""},"mobile":{"background-color":"","background-image":"","background-repeat":"repeat","background-position":"center center","background-size":"auto","background-attachment":"scroll","background-type":"","background-media":"","overlay-type":"","overlay-color":"","overlay-opacity":"","overlay-gradient":""}},"ast-content-background-meta":{"desktop":{"background-color":"var(--ast-global-color-5)","background-image":"","background-repeat":"repeat","background-position":"center center","background-size":"auto","background-attachment":"scroll","background-type":"","background-media":"","overlay-type":"","overlay-color":"","overlay-opacity":"","overlay-gradient":""},"tablet":{"background-color":"var(--ast-global-color-5)","background-image":"","background-repeat":"repeat","background-position":"center center","background-size":"auto","background-attachment":"scroll","background-type":"","background-media":"","overlay-type":"","overlay-color":"","overlay-opacity":"","overlay-gradient":""},"mobile":{"background-color":"var(--ast-global-color-5)","background-image":"","background-repeat":"repeat","background-position":"center center","background-size":"auto","background-attachment":"scroll","background-type":"","background-media":"","overlay-type":"","overlay-color":"","overlay-opacity":"","overlay-gradient":""}}},"product_brand":[],"product_cat":[68,70],"product_tag":[],"class_list":{"0":"post-5326","1":"product","2":"type-product","3":"status-publish","4":"has-post-thumbnail","6":"product_cat-jarnvagslinjer","7":"product_cat-vinter-rea","8":"desktop-align-center","9":"tablet-align-center","10":"mobile-align-center","12":"first","13":"instock","14":"taxable","15":"shipping-taxable","16":"purchasable","17":"product-type-simple"},"aioseo_notices":[],"spectra_custom_meta":{"_product_attributes":["a:0:{}"],"_thumbnail_id":["5327"],"_visibility":["visible"],"_stock_status":["instock"],"total_sales":["8"],"_downloadable":["no"],"_virtual":["no"],"_regular_price":["50"],"_tax_status":["taxable"],"_tax_class":["6"],"_featured":["no"],"_purchase_note":[""],"_weight":["80"],"_length":[""],"_width":[""],"_height":[""],"_sku":[""],"_sale_price_dates_from":[""],"_price":["50"],"_sold_individually":[""],"_manage_stock":["yes"],"_backorders":["no"],"_stock":["19"],"_upsell_ids":["a:0:{}"],"_crosssell_ids":["a:0:{}"],"_children":["a:0:{}"],"_min_variation_price":[""],"_max_variation_price":[""],"_min_price_variation_id":[""],"_max_price_variation_id":[""],"_min_variation_regular_price":[""],"_max_variation_regular_price":[""],"_min_regular_price_variation_id":[""],"_max_regular_price_variation_id":[""],"_min_variation_sale_price":[""],"_max_variation_sale_price":[""],"_min_sale_price_variation_id":[""],"_max_sale_price_variation_id":[""],"_product_image_gallery":["5327"],"_yoast_wpseo_title":[""],"_yoast_wpseo_metadesc":[""],"_yoast_wpseo_focuskw":[""],"_downloadable_files":["a:0:{}"],"_download_limit":[""],"_download_expiry":[""],"_wc_average_rating":["0"],"_wc_rating_count":["a:0:{}"],"_wc_review_count":["0"],"_wpm_gtin_code":[""],"rank_math_title":[""],"rank_math_description":[""],"rank_math_focus_keyword":[""],"_edit_last":["3"],"_product_version":["9.6.1"],"_edit_lock":["1696622774:3"],"_primary_term_product_cat":["68"],"site-sidebar-layout":["default"],"site-content-layout":["default"],"theme-transparent-header-meta":["default"],"fb_product_item_id":["5621257294653458"],"_wc_facebook_sync_enabled":["yes"],"fb_visibility":["yes"],"fb_product_description":[""],"_wc_facebook_product_image_source":["product"],"_wc_facebook_commerce_enabled":["no"],"_uag_page_assets":["a:9:{s:3:\"css\";s:0:\"\";s:2:\"js\";s:0:\"\";s:18:\"current_block_list\";a:5:{i:0;s:26:\"woocommerce\/product-search\";i:1;s:10:\"core\/group\";i:2;s:12:\"core\/heading\";i:3;s:27:\"woocommerce\/product-on-sale\";i:4;s:32:\"woocommerce\/product-best-sellers\";}s:8:\"uag_flag\";b:0;s:11:\"uag_version\";s:10:\"1777999437\";s:6:\"gfonts\";a:0:{}s:10:\"gfonts_url\";s:0:\"\";s:12:\"gfonts_files\";a:0:{}s:14:\"uag_faq_layout\";b:0;}"]},"uagb_featured_image_src":{"full":["https:\/\/smalsparet.com\/wp-content\/uploads\/nc\/2015\/11\/LEG-MJ120-20151023-dvdomslag-900.jpg",900,603,false],"thumbnail":["https:\/\/smalsparet.com\/wp-content\/uploads\/nc\/2015\/11\/LEG-MJ120-20151023-dvdomslag-900.jpg",150,101,false],"medium":["https:\/\/smalsparet.com\/wp-content\/uploads\/nc\/2015\/11\/LEG-MJ120-20151023-dvdomslag-900.jpg",300,201,false],"medium_large":["https:\/\/smalsparet.com\/wp-content\/uploads\/nc\/2015\/11\/LEG-MJ120-20151023-dvdomslag-900.jpg",768,515,false],"large":["https:\/\/smalsparet.com\/wp-content\/uploads\/nc\/2015\/11\/LEG-MJ120-20151023-dvdomslag-900.jpg",900,603,false],"1536x1536":["https:\/\/smalsparet.com\/wp-content\/uploads\/nc\/2015\/11\/LEG-MJ120-20151023-dvdomslag-900.jpg",900,603,false],"2048x2048":["https:\/\/smalsparet.com\/wp-content\/uploads\/nc\/2015\/11\/LEG-MJ120-20151023-dvdomslag-900.jpg",900,603,false],"trp-custom-language-flag":["https:\/\/smalsparet.com\/wp-content\/uploads\/nc\/2015\/11\/LEG-MJ120-20151023-dvdomslag-900.jpg",18,12,false],"woocommerce_thumbnail":["https:\/\/smalsparet.com\/wp-content\/uploads\/nc\/2015\/11\/LEG-MJ120-20151023-dvdomslag-900-300x300.jpg",300,300,true],"woocommerce_single":["https:\/\/smalsparet.com\/wp-content\/uploads\/nc\/2015\/11\/LEG-MJ120-20151023-dvdomslag-900.jpg",600,402,true],"woocommerce_gallery_thumbnail":["https:\/\/smalsparet.com\/wp-content\/uploads\/nc\/2015\/11\/LEG-MJ120-20151023-dvdomslag-900-100x100.jpg",100,100,true],"awb_sm":["https:\/\/smalsparet.com\/wp-content\/uploads\/nc\/2015\/11\/LEG-MJ120-20151023-dvdomslag-900.jpg",500,335,false],"awb_md":["https:\/\/smalsparet.com\/wp-content\/uploads\/nc\/2015\/11\/LEG-MJ120-20151023-dvdomslag-900.jpg",800,536,false],"awb_lg":["https:\/\/smalsparet.com\/wp-content\/uploads\/nc\/2015\/11\/LEG-MJ120-20151023-dvdomslag-900.jpg",900,603,false],"awb_xl":["https:\/\/smalsparet.com\/wp-content\/uploads\/nc\/2015\/11\/LEG-MJ120-20151023-dvdomslag-900.jpg",900,603,false]},"uagb_author_info":{"display_name":"admin","author_link":"https:\/\/smalsparet.com\/de\/author\/"},"uagb_comment_info":0,"uagb_excerpt":"En film om museij\u00e4rnv\u00e4gen i Bohusl\u00e4n som firade 120-\u00e5rsjubileum i augusti 2015 med \u00e5ngloksk\u00f6rningar. D\u00e5 Munkedals Jernv\u00e4gs egna \u00e5nglok inte var k\u00f6rbara l\u00e5nades brigadloket Emsfors fr\u00e5n sm\u00e5l\u00e4ndska Ohsabanan. Vi f\u00f6ljer jubileet med t\u00e5gtrafiken och reser \u00e4ven med en motordressin p\u00e5 linjen. Motordressinen \u00e4r en tysk Heeresfeldbahn dressin fr\u00e5n 1935. Valbara ljudsp\u00e5r med eller utan speaker.&hellip;","_links":{"self":[{"href":"https:\/\/smalsparet.com\/de\/wp-json\/wp\/v2\/product\/5326","targetHints":{"allow":["GET"]}}],"collection":[{"href":"https:\/\/smalsparet.com\/de\/wp-json\/wp\/v2\/product"}],"about":[{"href":"https:\/\/smalsparet.com\/de\/wp-json\/wp\/v2\/types\/product"}],"replies":[{"embeddable":true,"href":"https:\/\/smalsparet.com\/de\/wp-json\/wp\/v2\/comments?post=5326"}],"wp:featuredmedia":[{"embeddable":true,"href":"https:\/\/smalsparet.com\/de\/wp-json\/wp\/v2\/media\/5327"}],"wp:attachment":[{"href":"https:\/\/smalsparet.com\/de\/wp-json\/wp\/v2\/media?parent=5326"}],"wp:term":[{"taxonomy":"product_brand","embeddable":true,"href":"https:\/\/smalsparet.com\/de\/wp-json\/wp\/v2\/product_brand?post=5326"},{"taxonomy":"product_cat","embeddable":true,"href":"https:\/\/smalsparet.com\/de\/wp-json\/wp\/v2\/product_cat?post=5326"},{"taxonomy":"product_tag","embeddable":true,"href":"https:\/\/smalsparet.com\/de\/wp-json\/wp\/v2\/product_tag?post=5326"}],"curies":[{"name":"wp","href":"https:\/\/api.w.org\/{rel}","templated":true}]}}