{"id":5312,"date":"2014-11-09T19:09:29","date_gmt":"2014-11-09T19:09:29","guid":{"rendered":"https:\/\/smalsparet.com\/?product=anglok-f-1200"},"modified":"2023-10-29T14:21:18","modified_gmt":"2023-10-29T14:21:18","slug":"anglok-f-1200","status":"publish","type":"product","link":"https:\/\/smalsparet.com\/de\/produkt\/anglok-f-1200\/","title":{"rendered":"Dampflokomotive F 1200"},"content":{"rendered":"<p>Ein Film \u00fcber die drei gro\u00dfen Dampflokfahrten im Sommer (2014) mit F 1200 und B 1316. Wir folgen den drei Extraz\u00fcgen und erleben viele rasante und gro\u00dfartige Filmszenen! Inklusive: \u00dcber Hallands\u00e5s. Southern Main Line 150 Jahre, Tag 1. Southern Main Line 150 Jahre, Tag 2.<\/p>\n<p>Der historische Zug. Bonusfilme: Lokf\u00fchrer Tomas Larsson \u00fcber F 1200. Museumsdirektor Robert Sj\u00f6\u00f6 gratuliert dem F 1200.<\/p>\n<p>W\u00e4hlbare Audiospuren mit oder ohne Lautsprecher.<\/p>\n<p>Format 16:9. L\u00e4nge 65 min + 10 min Bonusfilme<\/p>\n<p>&nbsp;<\/p>\n<p><span style=\"color: #ff0000;\"><em>\u00a0<\/em><\/span><\/p>\n<p><span style=\"color: #ff0000;\">\u00a0<\/span><\/p>","protected":false},"excerpt":{"rendered":"<p>En film om sommarens (2014)\u00a0tre stora \u00e5ngloksk\u00f6rningar med F 1200 och B 1316. Vi f\u00f6ljer de tre extrat\u00e5gen och upplever m\u00e5nga fartfyllda och pampiga filmscener! Inneh\u00e5ller: \u00d6ver Hallands\u00e5s. S\u00f6dra Stambanan 150 \u00e5r, dag 1. S\u00f6dra Stambanan 150 \u00e5r, dag 2. \u00c5rg\u00e5ngst\u00e5get. Bonusfilmer: Lokf\u00f6rare Tomas Larsson om F 1200. Museichef Robert Sj\u00f6\u00f6 gratulerar F 1200. Valbara [&hellip;]<\/p>\n","protected":false},"featured_media":0,"comment_status":"open","ping_status":"closed","template":"","meta":{"om_disable_all_campaigns":false,"_uag_custom_page_level_css":"","_monsterinsights_skip_tracking":false,"_monsterinsights_sitenote_active":false,"_monsterinsights_sitenote_note":"","_monsterinsights_sitenote_category":0,"site-sidebar-layout":"default","site-content-layout":"","ast-site-content-layout":"default","site-content-style":"default","site-sidebar-style":"default","ast-global-header-display":"","ast-banner-title-visibility":"","ast-main-header-display":"","ast-hfb-above-header-display":"","ast-hfb-below-header-display":"","ast-hfb-mobile-header-display":"","site-post-title":"","ast-breadcrumbs-content":"","ast-featured-img":"","footer-sml-layout":"","ast-disable-related-posts":"","theme-transparent-header-meta":"","adv-header-id-meta":"","stick-header-meta":"","header-above-stick-meta":"","header-main-stick-meta":"","header-below-stick-meta":"","astra-migrate-meta-layouts":"default","ast-page-background-enabled":"default","ast-page-background-meta":{"desktop":{"background-color":"","background-image":"","background-repeat":"repeat","background-position":"center center","background-size":"auto","background-attachment":"scroll","background-type":"","background-media":"","overlay-type":"","overlay-color":"","overlay-opacity":"","overlay-gradient":""},"tablet":{"background-color":"","background-image":"","background-repeat":"repeat","background-position":"center center","background-size":"auto","background-attachment":"scroll","background-type":"","background-media":"","overlay-type":"","overlay-color":"","overlay-opacity":"","overlay-gradient":""},"mobile":{"background-color":"","background-image":"","background-repeat":"repeat","background-position":"center center","background-size":"auto","background-attachment":"scroll","background-type":"","background-media":"","overlay-type":"","overlay-color":"","overlay-opacity":"","overlay-gradient":""}},"ast-content-background-meta":{"desktop":{"background-color":"var(--ast-global-color-5)","background-image":"","background-repeat":"repeat","background-position":"center center","background-size":"auto","background-attachment":"scroll","background-type":"","background-media":"","overlay-type":"","overlay-color":"","overlay-opacity":"","overlay-gradient":""},"tablet":{"background-color":"var(--ast-global-color-5)","background-image":"","background-repeat":"repeat","background-position":"center center","background-size":"auto","background-attachment":"scroll","background-type":"","background-media":"","overlay-type":"","overlay-color":"","overlay-opacity":"","overlay-gradient":""},"mobile":{"background-color":"var(--ast-global-color-5)","background-image":"","background-repeat":"repeat","background-position":"center center","background-size":"auto","background-attachment":"scroll","background-type":"","background-media":"","overlay-type":"","overlay-color":"","overlay-opacity":"","overlay-gradient":""}}},"product_brand":[],"product_cat":[15],"product_tag":[],"class_list":{"0":"post-5312","1":"product","2":"type-product","3":"status-publish","5":"product_cat-okategoriserad","6":"desktop-align-center","7":"tablet-align-center","8":"mobile-align-center","10":"first","11":"instock","12":"taxable","13":"shipping-taxable","14":"purchasable","15":"product-type-simple"},"aioseo_notices":[],"spectra_custom_meta":{"_product_attributes":["a:0:{}"],"_thumbnail_id":[""],"_visibility":["visible"],"_stock_status":["instock"],"total_sales":["1"],"_downloadable":["no"],"_virtual":["no"],"_regular_price":["100"],"_sale_price":[""],"_tax_status":["taxable"],"_tax_class":[""],"_featured":["no"],"_purchase_note":[""],"_weight":["80"],"_length":[""],"_width":[""],"_height":[""],"_sku":[""],"_sale_price_dates_from":[""],"_sale_price_dates_to":[""],"_price":["100"],"_sold_individually":[""],"_manage_stock":["yes"],"_backorders":["no"],"_stock":["24"],"_upsell_ids":["a:0:{}"],"_crosssell_ids":["a:0:{}"],"_children":["a:0:{}"],"_min_variation_price":[""],"_max_variation_price":[""],"_min_price_variation_id":[""],"_max_price_variation_id":[""],"_min_variation_regular_price":[""],"_max_variation_regular_price":[""],"_min_regular_price_variation_id":[""],"_max_regular_price_variation_id":[""],"_min_variation_sale_price":[""],"_max_variation_sale_price":[""],"_min_sale_price_variation_id":[""],"_max_sale_price_variation_id":[""],"_product_image_gallery":["5313"],"_yoast_wpseo_title":[""],"_yoast_wpseo_metadesc":[""],"_yoast_wpseo_focuskw":[""],"_downloadable_files":["a:0:{}"],"_download_limit":[""],"_download_expiry":[""],"_wc_average_rating":["0"],"_wc_rating_count":["a:0:{}"],"_wc_review_count":["0"],"_wpm_gtin_code":[""],"rank_math_title":[""],"rank_math_description":[""],"rank_math_focus_keyword":[""],"_edit_last":["3"],"_product_version":["8.0.2"],"_edit_lock":["1663943759:3"],"_uag_page_assets":["a:9:{s:3:\"css\";s:0:\"\";s:2:\"js\";s:0:\"\";s:18:\"current_block_list\";a:5:{i:0;s:26:\"woocommerce\/product-search\";i:1;s:10:\"core\/group\";i:2;s:12:\"core\/heading\";i:3;s:27:\"woocommerce\/product-on-sale\";i:4;s:32:\"woocommerce\/product-best-sellers\";}s:8:\"uag_flag\";b:0;s:11:\"uag_version\";s:10:\"1775301941\";s:6:\"gfonts\";a:0:{}s:10:\"gfonts_url\";s:0:\"\";s:12:\"gfonts_files\";a:0:{}s:14:\"uag_faq_layout\";b:0;}"]},"uagb_featured_image_src":{"full":false,"thumbnail":false,"medium":false,"medium_large":false,"large":false,"1536x1536":false,"2048x2048":false,"trp-custom-language-flag":false,"woocommerce_thumbnail":false,"woocommerce_single":false,"woocommerce_gallery_thumbnail":false,"awb_sm":false,"awb_md":false,"awb_lg":false,"awb_xl":false},"uagb_author_info":{"display_name":"admin","author_link":"https:\/\/smalsparet.com\/de\/author\/"},"uagb_comment_info":0,"uagb_excerpt":"En film om sommarens (2014)\u00a0tre stora \u00e5ngloksk\u00f6rningar med F 1200 och B 1316. Vi f\u00f6ljer de tre extrat\u00e5gen och upplever m\u00e5nga fartfyllda och pampiga filmscener! Inneh\u00e5ller: \u00d6ver Hallands\u00e5s. S\u00f6dra Stambanan 150 \u00e5r, dag 1. S\u00f6dra Stambanan 150 \u00e5r, dag 2. \u00c5rg\u00e5ngst\u00e5get. Bonusfilmer: Lokf\u00f6rare Tomas Larsson om F 1200. Museichef Robert Sj\u00f6\u00f6 gratulerar F 1200. Valbara&hellip;","_links":{"self":[{"href":"https:\/\/smalsparet.com\/de\/wp-json\/wp\/v2\/product\/5312","targetHints":{"allow":["GET"]}}],"collection":[{"href":"https:\/\/smalsparet.com\/de\/wp-json\/wp\/v2\/product"}],"about":[{"href":"https:\/\/smalsparet.com\/de\/wp-json\/wp\/v2\/types\/product"}],"replies":[{"embeddable":true,"href":"https:\/\/smalsparet.com\/de\/wp-json\/wp\/v2\/comments?post=5312"}],"wp:attachment":[{"href":"https:\/\/smalsparet.com\/de\/wp-json\/wp\/v2\/media?parent=5312"}],"wp:term":[{"taxonomy":"product_brand","embeddable":true,"href":"https:\/\/smalsparet.com\/de\/wp-json\/wp\/v2\/product_brand?post=5312"},{"taxonomy":"product_cat","embeddable":true,"href":"https:\/\/smalsparet.com\/de\/wp-json\/wp\/v2\/product_cat?post=5312"},{"taxonomy":"product_tag","embeddable":true,"href":"https:\/\/smalsparet.com\/de\/wp-json\/wp\/v2\/product_tag?post=5312"}],"curies":[{"name":"wp","href":"https:\/\/api.w.org\/{rel}","templated":true}]}}