{"id":5287,"date":"2012-01-11T00:25:53","date_gmt":"2012-01-11T00:25:53","guid":{"rendered":"https:\/\/smalsparet.com\/?product=malmbanan-fran-forarplats"},"modified":"2023-10-02T10:48:48","modified_gmt":"2023-10-02T10:48:48","slug":"malmbanan-fran-forarplats","status":"publish","type":"product","link":"https:\/\/smalsparet.com\/de\/produkt\/malmbanan-fran-forarplats\/","title":{"rendered":"Erzeisenbahn vom Fahrersitz aus"},"content":{"rendered":"<p>Wir folgen den Lokf\u00fchrern Tomas Edstr\u00f6m von T\u00e5gkompaniet und Freid Luneborg von NSB mit dem Personenzug 94 der T\u00e5gkompaniet (TKAB) zwischen Kiruna und Narvik. Der Zug wird von der TKAB Rc6 Nr. 12 gezogen. Die Lokomotive wurde 1983 von ASEA f\u00fcr SJ als Rc6 Nr. 1334 hergestellt. Die Aufnahme wurde Anfang August 2000 gemacht, als die Berglandschaft in voller Pracht erstrahlte. Die gesamte Fahrt dauert knapp 160 Minuten, die in diesem Film auf 130 Minuten gek\u00fcrzt sind. Die Karte auf der Innenseite des Covers ist von Peter Berggren gezeichnet und dauert 130 Minuten. Neue Ausgabe auf 2 Schichten gepresster DVD.<\/p>\n<p><em><span style=\"color: #0000ff;\"><span style=\"color: #ff0000;\">\u00a0<\/span><\/span><\/em><\/p>","protected":false},"excerpt":{"rendered":"<p>Vi f\u00f6ljer med lokf\u00f6rarna Tomas Edstr\u00f6m fr\u00e5n T\u00e5gkompaniet och Freid Luneborg fr\u00e5n NSB med T\u00e5gkompaniets (TKAB) resandet\u00e5g 94 mellan Kiruna och Narvik. T\u00e5get dras av TKAB Rc6 nr 12. Loket tillverkades av ASEA 1983 f\u00f6r SJ som Rc6 nr 1334. Inspelningen gjordes i b\u00f6rjan av augusti 2000, n\u00e4r fj\u00e4llandskapet st\u00e5r i sommarskrud. Hela resan tar [&hellip;]<\/p>\n","protected":false},"featured_media":0,"comment_status":"open","ping_status":"closed","template":"","meta":{"om_disable_all_campaigns":false,"_uag_custom_page_level_css":"","_monsterinsights_skip_tracking":false,"_monsterinsights_sitenote_active":false,"_monsterinsights_sitenote_note":"","_monsterinsights_sitenote_category":0,"site-sidebar-layout":"default","site-content-layout":"","ast-site-content-layout":"default","site-content-style":"default","site-sidebar-style":"default","ast-global-header-display":"","ast-banner-title-visibility":"","ast-main-header-display":"","ast-hfb-above-header-display":"","ast-hfb-below-header-display":"","ast-hfb-mobile-header-display":"","site-post-title":"","ast-breadcrumbs-content":"","ast-featured-img":"","footer-sml-layout":"","ast-disable-related-posts":"","theme-transparent-header-meta":"","adv-header-id-meta":"","stick-header-meta":"","header-above-stick-meta":"","header-main-stick-meta":"","header-below-stick-meta":"","astra-migrate-meta-layouts":"default","ast-page-background-enabled":"default","ast-page-background-meta":{"desktop":{"background-color":"","background-image":"","background-repeat":"repeat","background-position":"center center","background-size":"auto","background-attachment":"scroll","background-type":"","background-media":"","overlay-type":"","overlay-color":"","overlay-opacity":"","overlay-gradient":""},"tablet":{"background-color":"","background-image":"","background-repeat":"repeat","background-position":"center center","background-size":"auto","background-attachment":"scroll","background-type":"","background-media":"","overlay-type":"","overlay-color":"","overlay-opacity":"","overlay-gradient":""},"mobile":{"background-color":"","background-image":"","background-repeat":"repeat","background-position":"center center","background-size":"auto","background-attachment":"scroll","background-type":"","background-media":"","overlay-type":"","overlay-color":"","overlay-opacity":"","overlay-gradient":""}},"ast-content-background-meta":{"desktop":{"background-color":"var(--ast-global-color-5)","background-image":"","background-repeat":"repeat","background-position":"center center","background-size":"auto","background-attachment":"scroll","background-type":"","background-media":"","overlay-type":"","overlay-color":"","overlay-opacity":"","overlay-gradient":""},"tablet":{"background-color":"var(--ast-global-color-5)","background-image":"","background-repeat":"repeat","background-position":"center center","background-size":"auto","background-attachment":"scroll","background-type":"","background-media":"","overlay-type":"","overlay-color":"","overlay-opacity":"","overlay-gradient":""},"mobile":{"background-color":"var(--ast-global-color-5)","background-image":"","background-repeat":"repeat","background-position":"center center","background-size":"auto","background-attachment":"scroll","background-type":"","background-media":"","overlay-type":"","overlay-color":"","overlay-opacity":"","overlay-gradient":""}}},"product_brand":[],"product_cat":[67,70],"product_tag":[],"class_list":{"0":"post-5287","1":"product","2":"type-product","3":"status-publish","5":"product_cat-forarplatsfilmer","6":"product_cat-vinter-rea","7":"desktop-align-center","8":"tablet-align-center","9":"mobile-align-center","11":"first","12":"instock","13":"taxable","14":"shipping-taxable","15":"purchasable","16":"product-type-simple"},"aioseo_notices":[],"spectra_custom_meta":{"_product_attributes":["a:0:{}"],"_thumbnail_id":[""],"_visibility":["visible"],"_stock_status":["instock"],"total_sales":["2"],"_downloadable":["no"],"_virtual":["no"],"_regular_price":["50"],"_sale_price":[""],"_tax_status":["taxable"],"_tax_class":[""],"_featured":["no"],"_purchase_note":[""],"_weight":["80"],"_length":[""],"_width":[""],"_height":[""],"_sku":[""],"_sale_price_dates_from":[""],"_sale_price_dates_to":[""],"_price":["50"],"_sold_individually":[""],"_manage_stock":["yes"],"_backorders":["no"],"_stock":["18"],"_upsell_ids":["a:0:{}"],"_crosssell_ids":["a:0:{}"],"_children":["a:0:{}"],"_min_variation_price":[""],"_max_variation_price":[""],"_min_price_variation_id":[""],"_max_price_variation_id":[""],"_min_variation_regular_price":[""],"_max_variation_regular_price":[""],"_min_regular_price_variation_id":[""],"_max_regular_price_variation_id":[""],"_min_variation_sale_price":[""],"_max_variation_sale_price":[""],"_min_sale_price_variation_id":[""],"_max_sale_price_variation_id":[""],"_product_image_gallery":["5288"],"_yoast_wpseo_title":[""],"_yoast_wpseo_metadesc":[""],"_yoast_wpseo_focuskw":[""],"_downloadable_files":["a:0:{}"],"_download_limit":[""],"_download_expiry":[""],"_wc_average_rating":["0"],"_wc_rating_count":["a:0:{}"],"_wc_review_count":["0"],"_wpm_gtin_code":[""],"rank_math_title":[""],"rank_math_description":[""],"rank_math_focus_keyword":[""],"_edit_last":["3"],"_product_version":["8.0.2"],"_edit_lock":["1663943743:3"],"_uag_page_assets":["a:9:{s:3:\"css\";s:0:\"\";s:2:\"js\";s:0:\"\";s:18:\"current_block_list\";a:5:{i:0;s:26:\"woocommerce\/product-search\";i:1;s:10:\"core\/group\";i:2;s:12:\"core\/heading\";i:3;s:27:\"woocommerce\/product-on-sale\";i:4;s:32:\"woocommerce\/product-best-sellers\";}s:8:\"uag_flag\";b:0;s:11:\"uag_version\";s:10:\"1775983743\";s:6:\"gfonts\";a:0:{}s:10:\"gfonts_url\";s:0:\"\";s:12:\"gfonts_files\";a:0:{}s:14:\"uag_faq_layout\";b:0;}"]},"uagb_featured_image_src":{"full":false,"thumbnail":false,"medium":false,"medium_large":false,"large":false,"1536x1536":false,"2048x2048":false,"trp-custom-language-flag":false,"woocommerce_thumbnail":false,"woocommerce_single":false,"woocommerce_gallery_thumbnail":false,"awb_sm":false,"awb_md":false,"awb_lg":false,"awb_xl":false},"uagb_author_info":{"display_name":"admin","author_link":"https:\/\/smalsparet.com\/de\/author\/"},"uagb_comment_info":0,"uagb_excerpt":"Vi f\u00f6ljer med lokf\u00f6rarna Tomas Edstr\u00f6m fr\u00e5n T\u00e5gkompaniet och Freid Luneborg fr\u00e5n NSB med T\u00e5gkompaniets (TKAB) resandet\u00e5g 94 mellan Kiruna och Narvik. T\u00e5get dras av TKAB Rc6 nr 12. Loket tillverkades av ASEA 1983 f\u00f6r SJ som Rc6 nr 1334. Inspelningen gjordes i b\u00f6rjan av augusti 2000, n\u00e4r fj\u00e4llandskapet st\u00e5r i sommarskrud. Hela resan tar&hellip;","_links":{"self":[{"href":"https:\/\/smalsparet.com\/de\/wp-json\/wp\/v2\/product\/5287","targetHints":{"allow":["GET"]}}],"collection":[{"href":"https:\/\/smalsparet.com\/de\/wp-json\/wp\/v2\/product"}],"about":[{"href":"https:\/\/smalsparet.com\/de\/wp-json\/wp\/v2\/types\/product"}],"replies":[{"embeddable":true,"href":"https:\/\/smalsparet.com\/de\/wp-json\/wp\/v2\/comments?post=5287"}],"wp:attachment":[{"href":"https:\/\/smalsparet.com\/de\/wp-json\/wp\/v2\/media?parent=5287"}],"wp:term":[{"taxonomy":"product_brand","embeddable":true,"href":"https:\/\/smalsparet.com\/de\/wp-json\/wp\/v2\/product_brand?post=5287"},{"taxonomy":"product_cat","embeddable":true,"href":"https:\/\/smalsparet.com\/de\/wp-json\/wp\/v2\/product_cat?post=5287"},{"taxonomy":"product_tag","embeddable":true,"href":"https:\/\/smalsparet.com\/de\/wp-json\/wp\/v2\/product_tag?post=5287"}],"curies":[{"name":"wp","href":"https:\/\/api.w.org\/{rel}","templated":true}]}}