{"id":5275,"date":"2012-01-11T00:17:44","date_gmt":"2012-01-11T00:17:44","guid":{"rendered":"https:\/\/smalsparet.com\/?product=1435-skane-smalands-jarnvag"},"modified":"2025-04-10T16:16:37","modified_gmt":"2025-04-10T16:16:37","slug":"1435-skane-smalands-jarnvag","status":"publish","type":"product","link":"https:\/\/smalsparet.com\/de\/produkt\/1435-skane-smalands-jarnvag\/","title":{"rendered":"1435 Sk\u00e5ne-Sm\u00e5land-Bahn"},"content":{"rendered":"<p>Sk\u00e5ne - Sm\u00e5lands j\u00e4rnv\u00e4g (V\u00e4rnamo-\u00c5storp) und Industribanan Delary - Str\u00f6msn\u00e4sbruk wurden in den 1950er und 1960er Jahren auf Schwarzwei\u00df- und Farbkinofilm mit synchronisiertem Ton gedreht.<br \/>\n75 Minuten<\/p>","protected":false},"excerpt":{"rendered":"<p>Sk\u00e5ne - Sm\u00e5lands j\u00e4rnv\u00e4g (V\u00e4rnamo-\u00c5storp) und Industribanan Delary - Str\u00f6msn\u00e4sbruk, gedreht in den 1950er und 1960er Jahren auf Schmalfilm in Schwarz-Wei\u00df und Farbe mit synchronisiertem Ton. 75 Minuten<\/p>","protected":false},"featured_media":5276,"comment_status":"open","ping_status":"closed","template":"","meta":{"om_disable_all_campaigns":false,"_uag_custom_page_level_css":"","_monsterinsights_skip_tracking":false,"_monsterinsights_sitenote_active":false,"_monsterinsights_sitenote_note":"","_monsterinsights_sitenote_category":0,"site-sidebar-layout":"default","site-content-layout":"default","ast-site-content-layout":"default","site-content-style":"default","site-sidebar-style":"default","ast-global-header-display":"","ast-banner-title-visibility":"","ast-main-header-display":"","ast-hfb-above-header-display":"","ast-hfb-below-header-display":"","ast-hfb-mobile-header-display":"","site-post-title":"","ast-breadcrumbs-content":"","ast-featured-img":"","footer-sml-layout":"","ast-disable-related-posts":"","theme-transparent-header-meta":"default","adv-header-id-meta":"","stick-header-meta":"","header-above-stick-meta":"","header-main-stick-meta":"","header-below-stick-meta":"","astra-migrate-meta-layouts":"set","ast-page-background-enabled":"default","ast-page-background-meta":{"desktop":{"background-color":"","background-image":"","background-repeat":"repeat","background-position":"center center","background-size":"auto","background-attachment":"scroll","background-type":"","background-media":"","overlay-type":"","overlay-color":"","overlay-opacity":"","overlay-gradient":""},"tablet":{"background-color":"","background-image":"","background-repeat":"repeat","background-position":"center center","background-size":"auto","background-attachment":"scroll","background-type":"","background-media":"","overlay-type":"","overlay-color":"","overlay-opacity":"","overlay-gradient":""},"mobile":{"background-color":"","background-image":"","background-repeat":"repeat","background-position":"center center","background-size":"auto","background-attachment":"scroll","background-type":"","background-media":"","overlay-type":"","overlay-color":"","overlay-opacity":"","overlay-gradient":""}},"ast-content-background-meta":{"desktop":{"background-color":"var(--ast-global-color-5)","background-image":"","background-repeat":"repeat","background-position":"center center","background-size":"auto","background-attachment":"scroll","background-type":"","background-media":"","overlay-type":"","overlay-color":"","overlay-opacity":"","overlay-gradient":""},"tablet":{"background-color":"var(--ast-global-color-5)","background-image":"","background-repeat":"repeat","background-position":"center center","background-size":"auto","background-attachment":"scroll","background-type":"","background-media":"","overlay-type":"","overlay-color":"","overlay-opacity":"","overlay-gradient":""},"mobile":{"background-color":"var(--ast-global-color-5)","background-image":"","background-repeat":"repeat","background-position":"center center","background-size":"auto","background-attachment":"scroll","background-type":"","background-media":"","overlay-type":"","overlay-color":"","overlay-opacity":"","overlay-gradient":""}}},"product_brand":[],"product_cat":[66],"product_tag":[],"class_list":{"0":"post-5275","1":"product","2":"type-product","3":"status-publish","4":"has-post-thumbnail","6":"product_cat-historiska-filmer","7":"desktop-align-center","8":"tablet-align-center","9":"mobile-align-center","11":"first","12":"outofstock","13":"taxable","14":"shipping-taxable","15":"purchasable","16":"product-type-simple"},"aioseo_notices":[],"spectra_custom_meta":{"_product_attributes":["a:0:{}"],"_thumbnail_id":["5276"],"_visibility":["visible"],"_stock_status":["outofstock"],"total_sales":["4"],"_downloadable":["no"],"_virtual":["no"],"_regular_price":["200"],"_sale_price":[""],"_tax_status":["taxable"],"_tax_class":[""],"_featured":["no"],"_purchase_note":[""],"_weight":["80"],"_length":[""],"_width":[""],"_height":[""],"_sku":[""],"_sale_price_dates_from":[""],"_sale_price_dates_to":[""],"_price":["200"],"_sold_individually":[""],"_manage_stock":["yes"],"_backorders":["no"],"_stock":["0"],"_upsell_ids":["a:0:{}"],"_crosssell_ids":["a:0:{}"],"_children":["a:0:{}"],"_min_variation_price":[""],"_max_variation_price":[""],"_min_price_variation_id":[""],"_max_price_variation_id":[""],"_min_variation_regular_price":[""],"_max_variation_regular_price":[""],"_min_regular_price_variation_id":[""],"_max_regular_price_variation_id":[""],"_min_variation_sale_price":[""],"_max_variation_sale_price":[""],"_min_sale_price_variation_id":[""],"_max_sale_price_variation_id":[""],"_product_image_gallery":["5276"],"_yoast_wpseo_title":[""],"_yoast_wpseo_metadesc":[""],"_yoast_wpseo_focuskw":[""],"_downloadable_files":["a:0:{}"],"_download_limit":[""],"_download_expiry":[""],"_wc_average_rating":["0"],"_wc_rating_count":["a:0:{}"],"_wc_review_count":["0"],"_wpm_gtin_code":[""],"rank_math_title":[""],"rank_math_description":[""],"rank_math_focus_keyword":[""],"_edit_last":["3"],"_product_version":["9.7.1"],"_edit_lock":["1754213202:3"],"_primary_term_product_cat":["66"],"site-sidebar-layout":["default"],"site-content-layout":["default"],"theme-transparent-header-meta":["default"],"fb_product_item_id":["8276147565760095"],"_wc_facebook_sync_enabled":["yes"],"fb_visibility":["yes"],"fb_product_description":[""],"_wc_facebook_product_image_source":["product"],"_wc_facebook_commerce_enabled":["no"],"ast-site-content-layout":["default"],"site-content-style":["default"],"site-sidebar-style":["default"],"astra-migrate-meta-layouts":["set"],"_uag_page_assets":["a:9:{s:3:\"css\";s:0:\"\";s:2:\"js\";s:0:\"\";s:18:\"current_block_list\";a:5:{i:0;s:26:\"woocommerce\/product-search\";i:1;s:10:\"core\/group\";i:2;s:12:\"core\/heading\";i:3;s:27:\"woocommerce\/product-on-sale\";i:4;s:32:\"woocommerce\/product-best-sellers\";}s:8:\"uag_flag\";b:0;s:11:\"uag_version\";s:10:\"1775301941\";s:6:\"gfonts\";a:0:{}s:10:\"gfonts_url\";s:0:\"\";s:12:\"gfonts_files\";a:0:{}s:14:\"uag_faq_layout\";b:0;}"]},"uagb_featured_image_src":{"full":["https:\/\/smalsparet.com\/wp-content\/uploads\/nc\/2012\/04\/LEG-SSJ-200508xx-dvdomslag-ill8-1.jpg",1612,1079,false],"thumbnail":["https:\/\/smalsparet.com\/wp-content\/uploads\/nc\/2012\/04\/LEG-SSJ-200508xx-dvdomslag-ill8-1.jpg",150,100,false],"medium":["https:\/\/smalsparet.com\/wp-content\/uploads\/nc\/2012\/04\/LEG-SSJ-200508xx-dvdomslag-ill8-1.jpg",300,201,false],"medium_large":["https:\/\/smalsparet.com\/wp-content\/uploads\/nc\/2012\/04\/LEG-SSJ-200508xx-dvdomslag-ill8-1.jpg",768,514,false],"large":["https:\/\/smalsparet.com\/wp-content\/uploads\/nc\/2012\/04\/LEG-SSJ-200508xx-dvdomslag-ill8-1.jpg",1024,685,false],"1536x1536":["https:\/\/smalsparet.com\/wp-content\/uploads\/nc\/2012\/04\/LEG-SSJ-200508xx-dvdomslag-ill8-1.jpg",1536,1028,false],"2048x2048":["https:\/\/smalsparet.com\/wp-content\/uploads\/nc\/2012\/04\/LEG-SSJ-200508xx-dvdomslag-ill8-1.jpg",1612,1079,false],"trp-custom-language-flag":["https:\/\/smalsparet.com\/wp-content\/uploads\/nc\/2012\/04\/LEG-SSJ-200508xx-dvdomslag-ill8-1.jpg",18,12,false],"woocommerce_thumbnail":["https:\/\/smalsparet.com\/wp-content\/uploads\/nc\/2012\/04\/LEG-SSJ-200508xx-dvdomslag-ill8-1-300x300.jpg",300,300,true],"woocommerce_single":["https:\/\/smalsparet.com\/wp-content\/uploads\/nc\/2012\/04\/LEG-SSJ-200508xx-dvdomslag-ill8-1.jpg",600,402,true],"woocommerce_gallery_thumbnail":["https:\/\/smalsparet.com\/wp-content\/uploads\/nc\/2012\/04\/LEG-SSJ-200508xx-dvdomslag-ill8-1-100x100.jpg",100,100,true],"awb_sm":["https:\/\/smalsparet.com\/wp-content\/uploads\/nc\/2012\/04\/LEG-SSJ-200508xx-dvdomslag-ill8-1.jpg",500,335,false],"awb_md":["https:\/\/smalsparet.com\/wp-content\/uploads\/nc\/2012\/04\/LEG-SSJ-200508xx-dvdomslag-ill8-1.jpg",800,535,false],"awb_lg":["https:\/\/smalsparet.com\/wp-content\/uploads\/nc\/2012\/04\/LEG-SSJ-200508xx-dvdomslag-ill8-1.jpg",1280,857,false],"awb_xl":["https:\/\/smalsparet.com\/wp-content\/uploads\/nc\/2012\/04\/LEG-SSJ-200508xx-dvdomslag-ill8-1.jpg",1612,1079,false]},"uagb_author_info":{"display_name":"admin","author_link":"https:\/\/smalsparet.com\/de\/author\/"},"uagb_comment_info":0,"uagb_excerpt":"Sk\u00e5ne &#8211; Sm\u00e5lands j\u00e4rnv\u00e4g (V\u00e4rnamo-\u00c5storp) och Industribanan Delary &#8211; Str\u00f6msn\u00e4sbruk filmade p\u00e5 1950- och 1960-talet p\u00e5 smalfilm i svartvitt och f\u00e4rg med dubbat ljud. 75 minuter","_links":{"self":[{"href":"https:\/\/smalsparet.com\/de\/wp-json\/wp\/v2\/product\/5275","targetHints":{"allow":["GET"]}}],"collection":[{"href":"https:\/\/smalsparet.com\/de\/wp-json\/wp\/v2\/product"}],"about":[{"href":"https:\/\/smalsparet.com\/de\/wp-json\/wp\/v2\/types\/product"}],"replies":[{"embeddable":true,"href":"https:\/\/smalsparet.com\/de\/wp-json\/wp\/v2\/comments?post=5275"}],"wp:featuredmedia":[{"embeddable":true,"href":"https:\/\/smalsparet.com\/de\/wp-json\/wp\/v2\/media\/5276"}],"wp:attachment":[{"href":"https:\/\/smalsparet.com\/de\/wp-json\/wp\/v2\/media?parent=5275"}],"wp:term":[{"taxonomy":"product_brand","embeddable":true,"href":"https:\/\/smalsparet.com\/de\/wp-json\/wp\/v2\/product_brand?post=5275"},{"taxonomy":"product_cat","embeddable":true,"href":"https:\/\/smalsparet.com\/de\/wp-json\/wp\/v2\/product_cat?post=5275"},{"taxonomy":"product_tag","embeddable":true,"href":"https:\/\/smalsparet.com\/de\/wp-json\/wp\/v2\/product_tag?post=5275"}],"curies":[{"name":"wp","href":"https:\/\/api.w.org\/{rel}","templated":true}]}}