{"id":5210,"date":"2022-07-05T10:34:26","date_gmt":"2022-07-05T10:34:26","guid":{"rendered":"https:\/\/smalsparet.com\/?post_type=product&#038;p=5210"},"modified":"2025-12-31T22:07:08","modified_gmt":"2025-12-31T22:07:08","slug":"1435-anglok-pa-1960-talet-del-2","status":"publish","type":"product","link":"https:\/\/smalsparet.com\/de\/produkt\/1435-anglok-pa-1960-talet-del-2\/","title":{"rendered":"1435 Dampflokomotiven in den 1960er Jahren, Teil 2"},"content":{"rendered":"<p>Der zweite Teil der beliebten Serie von LEG-Videos \u00fcber schwedische Dampflokomotiven der Normalspur, gedreht in den 1960er Jahren. Gezeigt werden viele Dampflokomotivtypen mit Schwerpunkt auf B und E2. Gefilmt auf 8 mm Schmalfilm in Farbe mit synchronisiertem Ton.<\/p>\n<h4>Enth\u00e4lt:<\/h4>\n<ul>\n<li>Alvesta-Kalmar\/Karlskrona<\/li>\n<li>Rund um Dalarna<\/li>\n<li>Drei industrielle Eisenbahnlinien<\/li>\n<li>Umsteigen in Stockholm<\/li>\n<li>S\u00fcdliche Inlandsbanane<\/li>\n<\/ul>\n<p>Gedreht auf 8-mm-Farbfilm, mit synchronisiertem Ton.<\/p>","protected":false},"excerpt":{"rendered":"<p>Der zweite Teil der beliebten Serie von LEG-Videos \u00fcber schwedische Dampflokomotiven der Normalspur, gedreht in den 1960er Jahren. Es werden viele Dampflokomotivtypen gezeigt, mit Schwerpunkt auf B und E2. Gefilmt auf 8 mm Schmalfilm in Farbe mit synchronisiertem Ton. Enth\u00e4lt: Alvesta-Kalmar\/Karlskrona Rund um Dalarna Drei Industriestrecken Rangieren in Stockholm S\u00fcdliche Inlandsbanan Gefilmt auf 8-mm-Schmalfilm in Farbe, mit synchronisiertem Ton.<\/p>","protected":false},"featured_media":5209,"comment_status":"closed","ping_status":"closed","template":"","meta":{"om_disable_all_campaigns":false,"_uag_custom_page_level_css":"","_monsterinsights_skip_tracking":false,"_monsterinsights_sitenote_active":false,"_monsterinsights_sitenote_note":"","_monsterinsights_sitenote_category":0,"site-sidebar-layout":"default","site-content-layout":"default","ast-site-content-layout":"default","site-content-style":"default","site-sidebar-style":"default","ast-global-header-display":"","ast-banner-title-visibility":"","ast-main-header-display":"","ast-hfb-above-header-display":"","ast-hfb-below-header-display":"","ast-hfb-mobile-header-display":"","site-post-title":"","ast-breadcrumbs-content":"","ast-featured-img":"","footer-sml-layout":"","ast-disable-related-posts":"","theme-transparent-header-meta":"default","adv-header-id-meta":"","stick-header-meta":"","header-above-stick-meta":"","header-main-stick-meta":"","header-below-stick-meta":"","astra-migrate-meta-layouts":"default","ast-page-background-enabled":"default","ast-page-background-meta":{"desktop":{"background-color":"","background-image":"","background-repeat":"repeat","background-position":"center center","background-size":"auto","background-attachment":"scroll","background-type":"","background-media":"","overlay-type":"","overlay-color":"","overlay-opacity":"","overlay-gradient":""},"tablet":{"background-color":"","background-image":"","background-repeat":"repeat","background-position":"center center","background-size":"auto","background-attachment":"scroll","background-type":"","background-media":"","overlay-type":"","overlay-color":"","overlay-opacity":"","overlay-gradient":""},"mobile":{"background-color":"","background-image":"","background-repeat":"repeat","background-position":"center center","background-size":"auto","background-attachment":"scroll","background-type":"","background-media":"","overlay-type":"","overlay-color":"","overlay-opacity":"","overlay-gradient":""}},"ast-content-background-meta":{"desktop":{"background-color":"var(--ast-global-color-5)","background-image":"","background-repeat":"repeat","background-position":"center center","background-size":"auto","background-attachment":"scroll","background-type":"","background-media":"","overlay-type":"","overlay-color":"","overlay-opacity":"","overlay-gradient":""},"tablet":{"background-color":"var(--ast-global-color-5)","background-image":"","background-repeat":"repeat","background-position":"center center","background-size":"auto","background-attachment":"scroll","background-type":"","background-media":"","overlay-type":"","overlay-color":"","overlay-opacity":"","overlay-gradient":""},"mobile":{"background-color":"var(--ast-global-color-5)","background-image":"","background-repeat":"repeat","background-position":"center center","background-size":"auto","background-attachment":"scroll","background-type":"","background-media":"","overlay-type":"","overlay-color":"","overlay-opacity":"","overlay-gradient":""}}},"product_brand":[],"product_cat":[22],"product_tag":[],"class_list":{"0":"post-5210","1":"product","2":"type-product","3":"status-publish","4":"has-post-thumbnail","6":"product_cat-film","7":"desktop-align-center","8":"tablet-align-center","9":"mobile-align-center","11":"first","12":"instock","13":"sale","14":"taxable","15":"shipping-taxable","16":"purchasable","17":"product-type-simple"},"aioseo_notices":[],"spectra_custom_meta":{"_regular_price":["199"],"total_sales":["7"],"_tax_status":["taxable"],"_tax_class":[""],"_manage_stock":["yes"],"_backorders":["no"],"_sold_individually":["no"],"_virtual":["no"],"_downloadable":["no"],"_download_limit":["-1"],"_download_expiry":["-1"],"_thumbnail_id":["5209"],"_stock":["3"],"_stock_status":["instock"],"_wc_average_rating":["0"],"_wc_review_count":["0"],"_product_attributes":["a:1:{s:8:\"pa_langd\";a:6:{s:4:\"name\";s:8:\"pa_langd\";s:5:\"value\";s:0:\"\";s:8:\"position\";i:1;s:10:\"is_visible\";i:1;s:12:\"is_variation\";i:0;s:11:\"is_taxonomy\";i:1;}}"],"_product_version":["9.7.1"],"_price":["59"],"_wc_facebook_sync_enabled":["yes"],"fb_visibility":["yes"],"fb_product_description":[""],"_wc_facebook_product_image_source":["product"],"_wc_facebook_commerce_enabled":["no"],"_yoast_wpseo_primary_product_cat":["48"],"_yoast_wpseo_content_score":["60"],"_primary_term_product_cat":["22"],"site-sidebar-layout":["default"],"site-content-layout":["default"],"theme-transparent-header-meta":["default"],"_edit_lock":["1658697775:3"],"_edit_last":["3"],"_genesis_description":["Andra delen av LEG&#x2d;videos popul\u00e4ra serie om normalsp\u00e5riga svenska \u00e5nglok filmade p\u00e5 1960&#x2d;talet"],"_sale_price":["59"],"_wp_old_slug":["1435-sjk-resor-pa-1960-talet-del-2","1435-anglok-pa-1960-talet-del-2__trashed"],"_weight":["86"],"_uag_page_assets":["a:9:{s:3:\"css\";s:0:\"\";s:2:\"js\";s:0:\"\";s:18:\"current_block_list\";a:5:{i:0;s:26:\"woocommerce\/product-search\";i:1;s:10:\"core\/group\";i:2;s:12:\"core\/heading\";i:3;s:27:\"woocommerce\/product-on-sale\";i:4;s:32:\"woocommerce\/product-best-sellers\";}s:8:\"uag_flag\";b:0;s:11:\"uag_version\";s:10:\"1775301941\";s:6:\"gfonts\";a:0:{}s:10:\"gfonts_url\";s:0:\"\";s:12:\"gfonts_files\";a:0:{}s:14:\"uag_faq_layout\";b:0;}"]},"uagb_featured_image_src":{"full":["https:\/\/smalsparet.com\/wp-content\/uploads\/2022\/07\/LEG-A\u030anglok-60-2-20081016-dvdomslag-ill8.jpeg",820,550,false],"thumbnail":["https:\/\/smalsparet.com\/wp-content\/uploads\/2022\/07\/LEG-A\u030anglok-60-2-20081016-dvdomslag-ill8-150x150.jpeg",150,150,true],"medium":["https:\/\/smalsparet.com\/wp-content\/uploads\/2022\/07\/LEG-A\u030anglok-60-2-20081016-dvdomslag-ill8-300x201.jpeg",300,201,true],"medium_large":["https:\/\/smalsparet.com\/wp-content\/uploads\/2022\/07\/LEG-A\u030anglok-60-2-20081016-dvdomslag-ill8-768x515.jpeg",768,515,true],"large":["https:\/\/smalsparet.com\/wp-content\/uploads\/2022\/07\/LEG-A\u030anglok-60-2-20081016-dvdomslag-ill8.jpeg",820,550,false],"1536x1536":["https:\/\/smalsparet.com\/wp-content\/uploads\/2022\/07\/LEG-A\u030anglok-60-2-20081016-dvdomslag-ill8.jpeg",820,550,false],"2048x2048":["https:\/\/smalsparet.com\/wp-content\/uploads\/2022\/07\/LEG-A\u030anglok-60-2-20081016-dvdomslag-ill8.jpeg",820,550,false],"trp-custom-language-flag":["https:\/\/smalsparet.com\/wp-content\/uploads\/2022\/07\/LEG-A\u030anglok-60-2-20081016-dvdomslag-ill8-18x12.jpeg",18,12,true],"woocommerce_thumbnail":["https:\/\/smalsparet.com\/wp-content\/uploads\/2022\/07\/LEG-A\u030anglok-60-2-20081016-dvdomslag-ill8-300x300.jpeg",300,300,true],"woocommerce_single":["https:\/\/smalsparet.com\/wp-content\/uploads\/2022\/07\/LEG-A\u030anglok-60-2-20081016-dvdomslag-ill8-600x402.jpeg",600,402,true],"woocommerce_gallery_thumbnail":["https:\/\/smalsparet.com\/wp-content\/uploads\/2022\/07\/LEG-A\u030anglok-60-2-20081016-dvdomslag-ill8-100x100.jpeg",100,100,true],"awb_sm":["https:\/\/smalsparet.com\/wp-content\/uploads\/2022\/07\/LEG-A\u030anglok-60-2-20081016-dvdomslag-ill8.jpeg",500,335,false],"awb_md":["https:\/\/smalsparet.com\/wp-content\/uploads\/2022\/07\/LEG-A\u030anglok-60-2-20081016-dvdomslag-ill8.jpeg",800,537,false],"awb_lg":["https:\/\/smalsparet.com\/wp-content\/uploads\/2022\/07\/LEG-A\u030anglok-60-2-20081016-dvdomslag-ill8.jpeg",820,550,false],"awb_xl":["https:\/\/smalsparet.com\/wp-content\/uploads\/2022\/07\/LEG-A\u030anglok-60-2-20081016-dvdomslag-ill8.jpeg",820,550,false]},"uagb_author_info":{"display_name":"Olaf","author_link":"https:\/\/smalsparet.com\/de\/author\/"},"uagb_comment_info":0,"uagb_excerpt":"Andra delen av LEG-videos popul\u00e4ra serie om normalsp\u00e5riga svenska \u00e5nglok filmade p\u00e5 1960-talet. M\u00e5nga \u00e5nglokstyper visas med fokus p\u00e5 B och E2. Filmade p\u00e5 8 mm smalfilm i f\u00e4rg med dubbat ljud. Inneh\u00e5ller: Alvesta-Kalmar\/Karlskrona Runt om i Dalarna Tre industribanor V\u00e4xling i Stockholm S\u00f6dra Inlandsbanan Filmad p\u00e5 8mm smalfilm i f\u00e4rg, med dubbat ljud.","_links":{"self":[{"href":"https:\/\/smalsparet.com\/de\/wp-json\/wp\/v2\/product\/5210","targetHints":{"allow":["GET"]}}],"collection":[{"href":"https:\/\/smalsparet.com\/de\/wp-json\/wp\/v2\/product"}],"about":[{"href":"https:\/\/smalsparet.com\/de\/wp-json\/wp\/v2\/types\/product"}],"replies":[{"embeddable":true,"href":"https:\/\/smalsparet.com\/de\/wp-json\/wp\/v2\/comments?post=5210"}],"wp:featuredmedia":[{"embeddable":true,"href":"https:\/\/smalsparet.com\/de\/wp-json\/wp\/v2\/media\/5209"}],"wp:attachment":[{"href":"https:\/\/smalsparet.com\/de\/wp-json\/wp\/v2\/media?parent=5210"}],"wp:term":[{"taxonomy":"product_brand","embeddable":true,"href":"https:\/\/smalsparet.com\/de\/wp-json\/wp\/v2\/product_brand?post=5210"},{"taxonomy":"product_cat","embeddable":true,"href":"https:\/\/smalsparet.com\/de\/wp-json\/wp\/v2\/product_cat?post=5210"},{"taxonomy":"product_tag","embeddable":true,"href":"https:\/\/smalsparet.com\/de\/wp-json\/wp\/v2\/product_tag?post=5210"}],"curies":[{"name":"wp","href":"https:\/\/api.w.org\/{rel}","templated":true}]}}