{"id":5030,"date":"2021-11-16T15:42:37","date_gmt":"2021-11-16T15:42:37","guid":{"rendered":"https:\/\/smalsparet.com\/?post_type=product&#038;p=5030"},"modified":"2025-12-01T00:00:09","modified_gmt":"2025-12-01T00:00:09","slug":"uniformer-i-jarnvagsnara-verksamheter","status":"publish","type":"product","link":"https:\/\/smalsparet.com\/de\/produkt\/uniformer-i-jarnvagsnara-verksamheter\/","title":{"rendered":"Uniformen bei bahnbezogenen T\u00e4tigkeiten"},"content":{"rendered":"<div class=\"woocommerce-product-details__short-description\">\n<p><strong>Uniformen bei bahnbezogenen T\u00e4tigkeiten<\/strong> ist das Buch, das die Geschichte der Uniformen und ihre Entwicklung im Laufe der Jahre beschreibt - von den fr\u00fchen 1900er bis zu den sp\u00e4ten 1990er Jahren. Es bietet ausf\u00fchrliche Informationen \u00fcber alles, was mit der Eisenbahn und ihrer Umgebung zu tun hat.<\/p>\n<p>Seit fast 45 Jahren sammelt der Autor G\u00f6ran Enqvist Abzeichen und Kleidungsst\u00fccke rund um den Eisenbahnverkehr. M\u00fctzen, Uniformen, Kn\u00f6pfe, Embleme und andere historische Uniformabzeichen waren schon immer seine gro\u00dfe Leidenschaft. Es begann 1978 mit einem M\u00fctzenabzeichen und entwickelte sich schnell zu einer lebenslangen Sammlung.<\/p>\n<p>F\u00fcr dieses Buch hat G\u00f6ran tief in den Archiven gegraben und ein solides Material aus den bahnbezogenen Aktivit\u00e4ten der Vergangenheit gesammelt. Das Buch beschreibt detailliert die Geschichte hinter den Uniformen und die Entwicklung im Laufe der Jahre - von den fr\u00fchen 1900er Jahren bis in die sp\u00e4ten 1990er Jahre.<\/p>\n<p>Da das Gebiet der Uniformen bei unseren Eisenbahnen viel gr\u00f6\u00dfer ist, als man sich zun\u00e4chst vorstellen kann, werden wir das Material in eine Reihe von drei B\u00fcchern aufteilen, von denen das vorliegende das erste ist. Teil zwei wird sich mit den Uniformen von SJ von 1856 bis zur Vergesellschaftung im Jahr 2001 befassen und das dritte Buch wird sich mit den Uniformen und Emblemen der einzelnen Bahnen und Privatbahnen besch\u00e4ftigen.<\/p>\n<p>G\u00f6ran wurde 1962 geboren und wuchs in H\u00f6kar\u00e4ngen, einem der s\u00fcdlichen Vororte Stockholms, auf. 1980 begann er bei SJ in Tapiola im allgemeinen Wagendienst, der bald durch Rangierdienst ersetzt wurde. 1983 begann er die Ausbildung zum Lokomotivf\u00fchrer, die er im folgenden Jahr abschloss. 1986 absolvierte G\u00f6ran die Ausbildung zum Dampflokomotivf\u00fchrer in Tapiola. Seitdem hat er Z\u00fcge f\u00fcr Citypendeln, TGOJ und Green Cargo gefahren, aber jetzt ist er wieder bei SJAB. Er hat vier erwachsene Kinder und lebt seit fast zwanzig Jahren in Eskilstuna. \"Uniformen im Eisenbahnwesen\" bietet auf 160 Seiten Nostalgie aus einer Epoche der Eisenbahnromantik und enth\u00e4lt viele fantastische Bilder aus einem ganzen Jahrhundert. Ein Muss f\u00fcr Enthusiasten und Kenner, die sich f\u00fcr die Geschichte der Eisenbahn und ihrer Uniformen interessieren. Nehmen Sie Platz an Bord und genie\u00dfen Sie die Reise!<\/p>\n<\/div>","protected":false},"excerpt":{"rendered":"<p>Uniformer i j\u00e4rnv\u00e4gsn\u00e4ra verksamheter \u00e4r boken som beskriver historien bakom uniformerna samt utvecklingen genom \u00e5ren \u2013 fr\u00e5n tidigt 1900- tal till sent 1990-tal. H\u00e4r f\u00e5r du ing\u00e5ende information om allt som har med j\u00e4rnv\u00e4gen och dess n\u00e4romr\u00e5de. I n\u00e4ra 45 \u00e5r har f\u00f6rfattaren G\u00f6ran Enqvist samlat p\u00e5 m\u00e4rken och bekl\u00e4dnader relaterade till sp\u00e5rbunden trafik. M\u00f6ssor, [&hellip;]<\/p>\n","protected":false},"featured_media":5031,"comment_status":"open","ping_status":"closed","template":"","meta":{"om_disable_all_campaigns":false,"_uag_custom_page_level_css":"","_monsterinsights_skip_tracking":false,"_monsterinsights_sitenote_active":false,"_monsterinsights_sitenote_note":"","_monsterinsights_sitenote_category":0,"site-sidebar-layout":"default","site-content-layout":"default","ast-site-content-layout":"default","site-content-style":"default","site-sidebar-style":"default","ast-global-header-display":"","ast-banner-title-visibility":"","ast-main-header-display":"","ast-hfb-above-header-display":"","ast-hfb-below-header-display":"","ast-hfb-mobile-header-display":"","site-post-title":"","ast-breadcrumbs-content":"","ast-featured-img":"","footer-sml-layout":"","ast-disable-related-posts":"","theme-transparent-header-meta":"default","adv-header-id-meta":"","stick-header-meta":"","header-above-stick-meta":"","header-main-stick-meta":"","header-below-stick-meta":"","astra-migrate-meta-layouts":"set","ast-page-background-enabled":"default","ast-page-background-meta":{"desktop":{"background-color":"","background-image":"","background-repeat":"repeat","background-position":"center center","background-size":"auto","background-attachment":"scroll","background-type":"","background-media":"","overlay-type":"","overlay-color":"","overlay-opacity":"","overlay-gradient":""},"tablet":{"background-color":"","background-image":"","background-repeat":"repeat","background-position":"center center","background-size":"auto","background-attachment":"scroll","background-type":"","background-media":"","overlay-type":"","overlay-color":"","overlay-opacity":"","overlay-gradient":""},"mobile":{"background-color":"","background-image":"","background-repeat":"repeat","background-position":"center center","background-size":"auto","background-attachment":"scroll","background-type":"","background-media":"","overlay-type":"","overlay-color":"","overlay-opacity":"","overlay-gradient":""}},"ast-content-background-meta":{"desktop":{"background-color":"var(--ast-global-color-5)","background-image":"","background-repeat":"repeat","background-position":"center center","background-size":"auto","background-attachment":"scroll","background-type":"","background-media":"","overlay-type":"","overlay-color":"","overlay-opacity":"","overlay-gradient":""},"tablet":{"background-color":"var(--ast-global-color-5)","background-image":"","background-repeat":"repeat","background-position":"center center","background-size":"auto","background-attachment":"scroll","background-type":"","background-media":"","overlay-type":"","overlay-color":"","overlay-opacity":"","overlay-gradient":""},"mobile":{"background-color":"var(--ast-global-color-5)","background-image":"","background-repeat":"repeat","background-position":"center center","background-size":"auto","background-attachment":"scroll","background-type":"","background-media":"","overlay-type":"","overlay-color":"","overlay-opacity":"","overlay-gradient":""}}},"product_brand":[],"product_cat":[83,23],"product_tag":[26],"class_list":{"0":"post-5030","1":"product","2":"type-product","3":"status-publish","4":"has-post-thumbnail","6":"product_cat-black-friday-2025","7":"product_cat-bok","8":"product_tag-bok","9":"desktop-align-center","10":"tablet-align-center","11":"mobile-align-center","13":"first","14":"instock","15":"taxable","16":"shipping-taxable","17":"purchasable","18":"product-type-simple"},"aioseo_notices":[],"spectra_custom_meta":{"_regular_price":["295"],"total_sales":["0"],"_tax_status":["taxable"],"_tax_class":["6"],"_manage_stock":["yes"],"_backorders":["no"],"_low_stock_amount":["3"],"_sold_individually":["no"],"_weight":["790"],"_virtual":["no"],"_downloadable":["no"],"_download_limit":["-1"],"_download_expiry":["-1"],"_thumbnail_id":["5031"],"_stock":["17"],"_stock_status":["instock"],"_wc_average_rating":["0"],"_wc_review_count":["0"],"_product_attributes":["a:1:{s:8:\"pa_sidor\";a:6:{s:4:\"name\";s:8:\"pa_sidor\";s:5:\"value\";s:0:\"\";s:8:\"position\";i:1;s:10:\"is_visible\";i:1;s:12:\"is_variation\";i:0;s:11:\"is_taxonomy\";i:1;}}"],"_product_version":["9.7.1"],"_price":["295"],"_wc_facebook_sync_enabled":["yes"],"fb_visibility":["yes"],"fb_product_description":[""],"_wc_facebook_product_image_source":["product"],"_wc_facebook_commerce_enabled":["no"],"_yoast_wpseo_primary_product_cat":["44"],"_yoast_wpseo_metadesc":["Ingemar Lundin forts\u00e4tter p\u00e5 ett m\u00e5lande vis ber\u00e4tta om .\u00a0Magnus Lindman tar vid fr\u00e5n 2010 och beskriver sina erfarenheter som f\u00f6rare i trafiken."],"_yoast_wpseo_content_score":["90"],"_primary_term_product_cat":["23"],"site-sidebar-layout":["default"],"site-content-layout":["default"],"theme-transparent-header-meta":["default"],"_edit_lock":["1763818016:3"],"_edit_last":["3"],"_tsf_title_no_blogname":["1"],"fb_product_item_id":["6269442686405889"],"_aioseo_keywords":["a:0:{}"],"_aioseo_og_article_section":[""],"_aioseo_og_article_tags":["a:0:{}"],"_monsterinsights_sitenote_active":["0"],"om_disable_all_campaigns":[""],"ast-site-content-layout":["default"],"site-content-style":["default"],"site-sidebar-style":["default"],"fb_rich_text_description":[""],"fb_product_video":["a:0:{}"],"fb_brand":[""],"fb_mpn":[""],"_aioseo_title":[null],"_aioseo_description":[null],"_aioseo_og_title":[""],"_aioseo_og_description":[""],"_aioseo_twitter_title":[""],"_aioseo_twitter_description":[""],"astra-migrate-meta-layouts":["set"],"_uag_page_assets":["a:9:{s:3:\"css\";s:0:\"\";s:2:\"js\";s:0:\"\";s:18:\"current_block_list\";a:5:{i:0;s:26:\"woocommerce\/product-search\";i:1;s:10:\"core\/group\";i:2;s:12:\"core\/heading\";i:3;s:27:\"woocommerce\/product-on-sale\";i:4;s:32:\"woocommerce\/product-best-sellers\";}s:8:\"uag_flag\";b:0;s:11:\"uag_version\";s:10:\"1775983743\";s:6:\"gfonts\";a:0:{}s:10:\"gfonts_url\";s:0:\"\";s:12:\"gfonts_files\";a:0:{}s:14:\"uag_faq_layout\";b:0;}"]},"uagb_featured_image_src":{"full":["https:\/\/smalsparet.com\/wp-content\/uploads\/2021\/11\/uniformerjarnvagsnaraverksamheter.png",1620,2160,false],"thumbnail":["https:\/\/smalsparet.com\/wp-content\/uploads\/2021\/11\/uniformerjarnvagsnaraverksamheter-150x150.png",150,150,true],"medium":["https:\/\/smalsparet.com\/wp-content\/uploads\/2021\/11\/uniformerjarnvagsnaraverksamheter-225x300.png",225,300,true],"medium_large":["https:\/\/smalsparet.com\/wp-content\/uploads\/2021\/11\/uniformerjarnvagsnaraverksamheter-768x1024.png",768,1024,true],"large":["https:\/\/smalsparet.com\/wp-content\/uploads\/2021\/11\/uniformerjarnvagsnaraverksamheter-768x1024.png",768,1024,true],"1536x1536":["https:\/\/smalsparet.com\/wp-content\/uploads\/2021\/11\/uniformerjarnvagsnaraverksamheter-1152x1536.png",1152,1536,true],"2048x2048":["https:\/\/smalsparet.com\/wp-content\/uploads\/2021\/11\/uniformerjarnvagsnaraverksamheter-1536x2048.png",1536,2048,true],"trp-custom-language-flag":["https:\/\/smalsparet.com\/wp-content\/uploads\/2021\/11\/uniformerjarnvagsnaraverksamheter-9x12.png",9,12,true],"woocommerce_thumbnail":["https:\/\/smalsparet.com\/wp-content\/uploads\/2021\/11\/uniformerjarnvagsnaraverksamheter-300x300.png",300,300,true],"woocommerce_single":["https:\/\/smalsparet.com\/wp-content\/uploads\/2021\/11\/uniformerjarnvagsnaraverksamheter-600x800.png",600,800,true],"woocommerce_gallery_thumbnail":["https:\/\/smalsparet.com\/wp-content\/uploads\/2021\/11\/uniformerjarnvagsnaraverksamheter-100x100.png",100,100,true],"awb_sm":["https:\/\/smalsparet.com\/wp-content\/uploads\/2021\/11\/uniformerjarnvagsnaraverksamheter.png",500,667,false],"awb_md":["https:\/\/smalsparet.com\/wp-content\/uploads\/2021\/11\/uniformerjarnvagsnaraverksamheter.png",800,1067,false],"awb_lg":["https:\/\/smalsparet.com\/wp-content\/uploads\/2021\/11\/uniformerjarnvagsnaraverksamheter.png",1280,1707,false],"awb_xl":["https:\/\/smalsparet.com\/wp-content\/uploads\/2021\/11\/uniformerjarnvagsnaraverksamheter.png",1620,2160,false]},"uagb_author_info":{"display_name":"Olaf","author_link":"https:\/\/smalsparet.com\/de\/author\/"},"uagb_comment_info":0,"uagb_excerpt":"Uniformer i j\u00e4rnv\u00e4gsn\u00e4ra verksamheter \u00e4r boken som beskriver historien bakom uniformerna samt utvecklingen genom \u00e5ren \u2013 fr\u00e5n tidigt 1900- tal till sent 1990-tal. H\u00e4r f\u00e5r du ing\u00e5ende information om allt som har med j\u00e4rnv\u00e4gen och dess n\u00e4romr\u00e5de. I n\u00e4ra 45 \u00e5r har f\u00f6rfattaren G\u00f6ran Enqvist samlat p\u00e5 m\u00e4rken och bekl\u00e4dnader relaterade till sp\u00e5rbunden trafik. M\u00f6ssor,&hellip;","_links":{"self":[{"href":"https:\/\/smalsparet.com\/de\/wp-json\/wp\/v2\/product\/5030","targetHints":{"allow":["GET"]}}],"collection":[{"href":"https:\/\/smalsparet.com\/de\/wp-json\/wp\/v2\/product"}],"about":[{"href":"https:\/\/smalsparet.com\/de\/wp-json\/wp\/v2\/types\/product"}],"replies":[{"embeddable":true,"href":"https:\/\/smalsparet.com\/de\/wp-json\/wp\/v2\/comments?post=5030"}],"wp:featuredmedia":[{"embeddable":true,"href":"https:\/\/smalsparet.com\/de\/wp-json\/wp\/v2\/media\/5031"}],"wp:attachment":[{"href":"https:\/\/smalsparet.com\/de\/wp-json\/wp\/v2\/media?parent=5030"}],"wp:term":[{"taxonomy":"product_brand","embeddable":true,"href":"https:\/\/smalsparet.com\/de\/wp-json\/wp\/v2\/product_brand?post=5030"},{"taxonomy":"product_cat","embeddable":true,"href":"https:\/\/smalsparet.com\/de\/wp-json\/wp\/v2\/product_cat?post=5030"},{"taxonomy":"product_tag","embeddable":true,"href":"https:\/\/smalsparet.com\/de\/wp-json\/wp\/v2\/product_tag?post=5030"}],"curies":[{"name":"wp","href":"https:\/\/api.w.org\/{rel}","templated":true}]}}