{"id":2840,"date":"2021-02-26T13:30:21","date_gmt":"2021-02-26T13:30:21","guid":{"rendered":"https:\/\/nya.smalsparet.com\/produkt\/jarnvagsbilder-6-english-appendix\/"},"modified":"2025-12-01T00:00:09","modified_gmt":"2025-12-01T00:00:09","slug":"jarnvagsbilder-6-english-appendix","status":"publish","type":"product","link":"https:\/\/smalsparet.com\/de\/produkt\/jarnvagsbilder-6-english-appendix\/","title":{"rendered":"Eisenbahnfotografien 6 - Englischer Anhang f\u00fcr Eisenbahnfotografien 6"},"content":{"rendered":"<p>Ein \u00fcbersetzter Anhang zu dem beliebten Buch J\u00e4rnv\u00e4gsbilder 6, mit allen Texten in englischer \u00dcbersetzung. \u00dcbersetzt von unserem Mitglied Phillip Groves. Es wird in Kombination mit dem Buch f\u00fcr nur 300 \u20ac verkauft.<\/p>\n<p>V\u00e4xj\u00f6-V\u00e4stervik Die 187 Kilometer lange Bahn auf der 891-mm-Spur war die letzte Schmalspurbahn von SJ, die bis zu ihrer Stilllegung am 20. August 1984 einen Personenverkehr betrieb. Die Bahnstrecke f\u00fchrte von V\u00e4xj\u00f6 im S\u00fcden \u00fcber Hultsfred nach V\u00e4stervik im Nordosten und war einst Teil eines umfangreichen Netzes von Schmalspurbahnen in 891 mm Spurweite, das von \u00d6rebro im Norden bis Tors\u00e5s im S\u00fcdosten reichte und Abzweigungen nach S\u00e4vsj\u00f6 im Westen und Oskarshamn im Osten hatte. Nach einer geschichtlichen Orientierung \u00fcber die Urspr\u00fcnge der Strecken, die sp\u00e4ter Teil der V\u00e4xj\u00f6-V\u00e4stervik-Eisenbahn wurden, pr\u00e4sentiert Ulf Smedbo die Strecke und die Umgebung, wie sie in den 1970er, 1980er und 1990er Jahren aussahen.<\/p>\n<p>Er besuchte die Strecke zum ersten Mal im Jahr 1973 und kehrte im Laufe der Jahre immer wieder zur\u00fcck. Zusammen mit einem Freund fuhr er die gesamte Strecke mit dem Fahrrad ab und machte kurz vor der Schlie\u00dfung am 20. August 1984 eine umfassende Fotodokumentation; in den 1980er und 1990er Jahren kehrte er mehrmals zur\u00fcck, da Teile der Strecke und die Schienenbusse in verschiedenen Konstellationen \u00fcberlebt haben und sich als historische Eisenbahnen mit Personenverkehr etabliert haben.<\/p>\n<p><a href=\"https:\/\/smalsparet.com\/de\/produkt\/butik-jarnvagsbilder-vaxjo-vastervik\/\"><strong>Kaufen Sie unbedingt auch das Buch!<\/strong><\/a><\/p>","protected":false},"excerpt":{"rendered":"<p>A translated appendix to the popular J\u00e4rnv\u00e4gsbilder 6 book, with all texts in English translation. Translated by our member Phillip Groves. It is sold in combination with the book for only 300 V\u00e4xj\u00f6\u2013V\u00e4stervik The 187 kilometers long railway on the 891 mm gauge was the last of SJ\u2019s narrow-gauge railways to operate a passenger service, [&hellip;]<\/p>\n","protected":false},"featured_media":4675,"comment_status":"closed","ping_status":"closed","template":"","meta":{"om_disable_all_campaigns":false,"_uag_custom_page_level_css":"","_monsterinsights_skip_tracking":false,"_monsterinsights_sitenote_active":false,"_monsterinsights_sitenote_note":"","_monsterinsights_sitenote_category":0,"site-sidebar-layout":"default","site-content-layout":"default","ast-site-content-layout":"default","site-content-style":"default","site-sidebar-style":"default","ast-global-header-display":"","ast-banner-title-visibility":"","ast-main-header-display":"","ast-hfb-above-header-display":"","ast-hfb-below-header-display":"","ast-hfb-mobile-header-display":"","site-post-title":"","ast-breadcrumbs-content":"","ast-featured-img":"","footer-sml-layout":"","ast-disable-related-posts":"","theme-transparent-header-meta":"default","adv-header-id-meta":"","stick-header-meta":"","header-above-stick-meta":"","header-main-stick-meta":"","header-below-stick-meta":"","astra-migrate-meta-layouts":"set","ast-page-background-enabled":"default","ast-page-background-meta":{"desktop":{"background-color":"","background-image":"","background-repeat":"repeat","background-position":"center center","background-size":"auto","background-attachment":"scroll","background-type":"","background-media":"","overlay-type":"","overlay-color":"","overlay-opacity":"","overlay-gradient":""},"tablet":{"background-color":"","background-image":"","background-repeat":"repeat","background-position":"center center","background-size":"auto","background-attachment":"scroll","background-type":"","background-media":"","overlay-type":"","overlay-color":"","overlay-opacity":"","overlay-gradient":""},"mobile":{"background-color":"","background-image":"","background-repeat":"repeat","background-position":"center center","background-size":"auto","background-attachment":"scroll","background-type":"","background-media":"","overlay-type":"","overlay-color":"","overlay-opacity":"","overlay-gradient":""}},"ast-content-background-meta":{"desktop":{"background-color":"var(--ast-global-color-5)","background-image":"","background-repeat":"repeat","background-position":"center center","background-size":"auto","background-attachment":"scroll","background-type":"","background-media":"","overlay-type":"","overlay-color":"","overlay-opacity":"","overlay-gradient":""},"tablet":{"background-color":"var(--ast-global-color-5)","background-image":"","background-repeat":"repeat","background-position":"center center","background-size":"auto","background-attachment":"scroll","background-type":"","background-media":"","overlay-type":"","overlay-color":"","overlay-opacity":"","overlay-gradient":""},"mobile":{"background-color":"var(--ast-global-color-5)","background-image":"","background-repeat":"repeat","background-position":"center center","background-size":"auto","background-attachment":"scroll","background-type":"","background-media":"","overlay-type":"","overlay-color":"","overlay-opacity":"","overlay-gradient":""}}},"product_brand":[],"product_cat":[23],"product_tag":[],"class_list":{"0":"post-2840","1":"product","2":"type-product","3":"status-publish","4":"has-post-thumbnail","6":"product_cat-bok","7":"desktop-align-center","8":"tablet-align-center","9":"mobile-align-center","11":"first","12":"instock","13":"taxable","14":"shipping-taxable","15":"purchasable","16":"product-type-simple"},"aioseo_notices":[],"spectra_custom_meta":{"_edit_last":["3"],"_regular_price":["80"],"total_sales":["3"],"_tax_status":["taxable"],"_tax_class":["6"],"_manage_stock":["yes"],"_backorders":["no"],"_sold_individually":["no"],"_weight":["200"],"_virtual":["no"],"_downloadable":["no"],"_download_limit":["-1"],"_download_expiry":["-1"],"_stock":["7"],"_stock_status":["instock"],"_wc_average_rating":["0"],"_wc_review_count":["0"],"_product_version":["9.7.1"],"_price":["80"],"_product_image_gallery":["4676"],"_wc_facebook_sync_enabled":["yes"],"fb_visibility":["yes"],"fb_product_description":[""],"_wc_facebook_product_image_source":["product"],"_wc_facebook_commerce_enabled":["no"],"fb_product_group_id":["3930125510341828"],"_yoast_wpseo_primary_product_cat":["44"],"_yoast_wpseo_focuskw":["Railway Photographs 6"],"_yoast_wpseo_metadesc":["Railway Photographs 6, the translated appendix for our best seller J\u00e4rnv\u00e4gsbilder 6, V\u00e4xj\u00f6-V\u00e4stervik, with miniatures of each image."],"_yoast_wpseo_linkdex":["59"],"_yoast_wpseo_content_score":["30"],"_yoast_wpseo_estimated-reading-time-minutes":["2"],"_thumbnail_id":["4675"],"fb_product_item_id":["3930128177008228"],"_edit_lock":["1763818023:3"],"_primary_term_product_cat":["23"],"site-sidebar-layout":["default"],"site-content-layout":["default"],"theme-transparent-header-meta":["default"],"fb_rich_text_description":[""],"fb_product_video":["a:0:{}"],"fb_brand":[""],"fb_mpn":[""],"_aioseo_title":[null],"_aioseo_description":[null],"_aioseo_keywords":["a:0:{}"],"_aioseo_og_title":[""],"_aioseo_og_description":[""],"_aioseo_og_article_section":[""],"_aioseo_og_article_tags":["a:0:{}"],"_aioseo_twitter_title":[""],"_aioseo_twitter_description":[""],"_monsterinsights_sitenote_active":["0"],"om_disable_all_campaigns":[""],"ast-site-content-layout":["default"],"site-content-style":["default"],"site-sidebar-style":["default"],"astra-migrate-meta-layouts":["set"],"_uag_page_assets":["a:9:{s:3:\"css\";s:0:\"\";s:2:\"js\";s:0:\"\";s:18:\"current_block_list\";a:5:{i:0;s:26:\"woocommerce\/product-search\";i:1;s:10:\"core\/group\";i:2;s:12:\"core\/heading\";i:3;s:27:\"woocommerce\/product-on-sale\";i:4;s:32:\"woocommerce\/product-best-sellers\";}s:8:\"uag_flag\";b:0;s:11:\"uag_version\";s:10:\"1777358308\";s:6:\"gfonts\";a:0:{}s:10:\"gfonts_url\";s:0:\"\";s:12:\"gfonts_files\";a:0:{}s:14:\"uag_faq_layout\";b:0;}"]},"uagb_featured_image_src":{"full":["https:\/\/smalsparet.com\/wp-content\/uploads\/2021\/02\/Railway-Photographs-6.png",794,728,false],"thumbnail":["https:\/\/smalsparet.com\/wp-content\/uploads\/2021\/02\/Railway-Photographs-6-150x150.png",150,150,true],"medium":["https:\/\/smalsparet.com\/wp-content\/uploads\/2021\/02\/Railway-Photographs-6-300x275.png",300,275,true],"medium_large":["https:\/\/smalsparet.com\/wp-content\/uploads\/2021\/02\/Railway-Photographs-6-768x704.png",768,704,true],"large":["https:\/\/smalsparet.com\/wp-content\/uploads\/2021\/02\/Railway-Photographs-6.png",794,728,false],"1536x1536":["https:\/\/smalsparet.com\/wp-content\/uploads\/2021\/02\/Railway-Photographs-6.png",794,728,false],"2048x2048":["https:\/\/smalsparet.com\/wp-content\/uploads\/2021\/02\/Railway-Photographs-6.png",794,728,false],"trp-custom-language-flag":["https:\/\/smalsparet.com\/wp-content\/uploads\/2021\/02\/Railway-Photographs-6.png",13,12,false],"woocommerce_thumbnail":["https:\/\/smalsparet.com\/wp-content\/uploads\/2021\/02\/Railway-Photographs-6-300x300.png",300,300,true],"woocommerce_single":["https:\/\/smalsparet.com\/wp-content\/uploads\/2021\/02\/Railway-Photographs-6-600x550.png",600,550,true],"woocommerce_gallery_thumbnail":["https:\/\/smalsparet.com\/wp-content\/uploads\/2021\/02\/Railway-Photographs-6-100x100.png",100,100,true],"awb_sm":["https:\/\/smalsparet.com\/wp-content\/uploads\/2021\/02\/Railway-Photographs-6.png",500,458,false],"awb_md":["https:\/\/smalsparet.com\/wp-content\/uploads\/2021\/02\/Railway-Photographs-6.png",794,728,false],"awb_lg":["https:\/\/smalsparet.com\/wp-content\/uploads\/2021\/02\/Railway-Photographs-6.png",794,728,false],"awb_xl":["https:\/\/smalsparet.com\/wp-content\/uploads\/2021\/02\/Railway-Photographs-6.png",794,728,false]},"uagb_author_info":{"display_name":"Olaf","author_link":"https:\/\/smalsparet.com\/de\/author\/"},"uagb_comment_info":0,"uagb_excerpt":"A translated appendix to the popular J\u00e4rnv\u00e4gsbilder 6 book, with all texts in English translation. Translated by our member Phillip Groves. It is sold in combination with the book for only 300 V\u00e4xj\u00f6\u2013V\u00e4stervik The 187 kilometers long railway on the 891 mm gauge was the last of SJ\u2019s narrow-gauge railways to operate a passenger service,&hellip;","_links":{"self":[{"href":"https:\/\/smalsparet.com\/de\/wp-json\/wp\/v2\/product\/2840","targetHints":{"allow":["GET"]}}],"collection":[{"href":"https:\/\/smalsparet.com\/de\/wp-json\/wp\/v2\/product"}],"about":[{"href":"https:\/\/smalsparet.com\/de\/wp-json\/wp\/v2\/types\/product"}],"replies":[{"embeddable":true,"href":"https:\/\/smalsparet.com\/de\/wp-json\/wp\/v2\/comments?post=2840"}],"wp:featuredmedia":[{"embeddable":true,"href":"https:\/\/smalsparet.com\/de\/wp-json\/wp\/v2\/media\/4675"}],"wp:attachment":[{"href":"https:\/\/smalsparet.com\/de\/wp-json\/wp\/v2\/media?parent=2840"}],"wp:term":[{"taxonomy":"product_brand","embeddable":true,"href":"https:\/\/smalsparet.com\/de\/wp-json\/wp\/v2\/product_brand?post=2840"},{"taxonomy":"product_cat","embeddable":true,"href":"https:\/\/smalsparet.com\/de\/wp-json\/wp\/v2\/product_cat?post=2840"},{"taxonomy":"product_tag","embeddable":true,"href":"https:\/\/smalsparet.com\/de\/wp-json\/wp\/v2\/product_tag?post=2840"}],"curies":[{"name":"wp","href":"https:\/\/api.w.org\/{rel}","templated":true}]}}