{"id":2781,"date":"2021-01-20T19:22:52","date_gmt":"2021-01-20T19:22:52","guid":{"rendered":"https:\/\/nya.smalsparet.com\/produkt\/kronan-pa-verket\/"},"modified":"2022-11-26T20:28:32","modified_gmt":"2022-11-26T20:28:32","slug":"kronan-pa-verket","status":"publish","type":"product","link":"https:\/\/smalsparet.com\/de\/produkt\/kronan-pa-verket\/","title":{"rendered":"Das Sahneh\u00e4ubchen auf dem Kuchen?"},"content":{"rendered":"<p style=\"padding-left: 40px;\">Der Autor Stig Svallhammar f\u00fchrt uns durch die 125-j\u00e4hrige Geschichte der NVHJ (Norsholm-V\u00e4stervik-Hultsfred-Bahn). Der Schwerpunkt liegt auf den letzten f\u00fcnf Jahrzehnten und der Politik der Verstaatlichung, des Ausbaus und der Stilllegung.<\/p>\n<p>Wir erfahren auch mehr dar\u00fcber, wie die Organisation \"Rettet die Schmalspur\", aus der sp\u00e4ter die <a href=\"https:\/\/smalsparet.com\/de\/om-smalsparet\/om-foreningen\/\">unser Unternehmen<\/a>ins Leben gerufen. Auch die Perspektive des Provinzgouverneurs und die Entwicklung der Wirtschaft in V\u00e4stervik werden angesprochen.<\/p>\n<p>Als der Reichstag 1939 beschloss, die meisten Eisenbahnen zu verstaatlichen, wurden Hoffnungen geweckt, dass das NVHJ-Netz auf Normalspur ausgebaut werden w\u00fcrde. Zehn Jahre sp\u00e4ter \u00fcbernahm SJ das Schienennetz und nun sollten die Visionen verwirklicht werden - aber war die staatliche \u00dcbernahme wirklich die \"Kr\u00f6nung\", die sich so viele erhofft hatten? Die Handlungsf\u00e4higkeit zeigte sich nach und nach in der Priorit\u00e4tensetzung der Nachkriegszeit. Als die Nordbahn 1964 als Normalspurstrecke er\u00f6ffnet wurde, war auch klar, dass die S\u00fcdbahn nie ausgebaut werden w\u00fcrde. Trotzdem wurde sie noch 20 Jahre lang von SJ betrieben und existiert noch heute als Museumsbahn.<\/p>\n<p>Das rollende Material auf den NVHJ-Strecken, insbesondere w\u00e4hrend der SJ-\u00c4ra, wird er\u00f6rtert, ebenso wie die Umz\u00fcge aus anderen Teilen des Landes, usw. Ganze 344 Seiten im A4-Format mit \u00fcber 500 Fotos, Karten und Zeichnungen.<\/p>","protected":false},"excerpt":{"rendered":"<p>F\u00f6rfattaren Stig Svallhammar tar oss med p\u00e5 en skildring av NVHJ:s (Norsholm-V\u00e4stervik-Hultsfreds J\u00e4rnv\u00e4gar) historia under 125 \u00e5r. Tonvikten ligger p\u00e5 fem senaste decennierna och politiken kring f\u00f6rstatligande, breddande och nedl\u00e4ggning. Dessutom f\u00e5r vi l\u00e4sa mer om hur f\u00f6reningen &#8221;R\u00e4dda Smalsp\u00e5ret&#8221;, som sedermera blev v\u00e5r f\u00f6rening, kom till. \u00c4ven l\u00e4nshuvudmannens perspektiv och n\u00e4ringslivets utveckling i V\u00e4stervik [&hellip;]<\/p>\n","protected":false},"featured_media":2782,"comment_status":"closed","ping_status":"closed","template":"","meta":{"om_disable_all_campaigns":false,"_uag_custom_page_level_css":"","_monsterinsights_skip_tracking":false,"_monsterinsights_sitenote_active":false,"_monsterinsights_sitenote_note":"","_monsterinsights_sitenote_category":0,"site-sidebar-layout":"default","site-content-layout":"","ast-site-content-layout":"default","site-content-style":"default","site-sidebar-style":"default","ast-global-header-display":"","ast-banner-title-visibility":"","ast-main-header-display":"","ast-hfb-above-header-display":"","ast-hfb-below-header-display":"","ast-hfb-mobile-header-display":"","site-post-title":"","ast-breadcrumbs-content":"","ast-featured-img":"","footer-sml-layout":"","ast-disable-related-posts":"","theme-transparent-header-meta":"","adv-header-id-meta":"","stick-header-meta":"","header-above-stick-meta":"","header-main-stick-meta":"","header-below-stick-meta":"","astra-migrate-meta-layouts":"default","ast-page-background-enabled":"default","ast-page-background-meta":{"desktop":{"background-color":"","background-image":"","background-repeat":"repeat","background-position":"center center","background-size":"auto","background-attachment":"scroll","background-type":"","background-media":"","overlay-type":"","overlay-color":"","overlay-opacity":"","overlay-gradient":""},"tablet":{"background-color":"","background-image":"","background-repeat":"repeat","background-position":"center center","background-size":"auto","background-attachment":"scroll","background-type":"","background-media":"","overlay-type":"","overlay-color":"","overlay-opacity":"","overlay-gradient":""},"mobile":{"background-color":"","background-image":"","background-repeat":"repeat","background-position":"center center","background-size":"auto","background-attachment":"scroll","background-type":"","background-media":"","overlay-type":"","overlay-color":"","overlay-opacity":"","overlay-gradient":""}},"ast-content-background-meta":{"desktop":{"background-color":"var(--ast-global-color-5)","background-image":"","background-repeat":"repeat","background-position":"center center","background-size":"auto","background-attachment":"scroll","background-type":"","background-media":"","overlay-type":"","overlay-color":"","overlay-opacity":"","overlay-gradient":""},"tablet":{"background-color":"var(--ast-global-color-5)","background-image":"","background-repeat":"repeat","background-position":"center center","background-size":"auto","background-attachment":"scroll","background-type":"","background-media":"","overlay-type":"","overlay-color":"","overlay-opacity":"","overlay-gradient":""},"mobile":{"background-color":"var(--ast-global-color-5)","background-image":"","background-repeat":"repeat","background-position":"center center","background-size":"auto","background-attachment":"scroll","background-type":"","background-media":"","overlay-type":"","overlay-color":"","overlay-opacity":"","overlay-gradient":""}}},"product_brand":[],"product_cat":[23],"product_tag":[],"class_list":{"0":"post-2781","1":"product","2":"type-product","3":"status-publish","4":"has-post-thumbnail","6":"product_cat-bok","7":"desktop-align-center","8":"tablet-align-center","9":"mobile-align-center","11":"first","12":"instock","13":"taxable","14":"shipping-taxable","15":"purchasable","16":"product-type-simple"},"aioseo_notices":[],"spectra_custom_meta":{"_edit_last":["3"],"_thumbnail_id":["2782"],"_regular_price":["295"],"total_sales":["7"],"_tax_status":["taxable"],"_tax_class":["6"],"_manage_stock":["yes"],"_backorders":["no"],"_sold_individually":["no"],"_virtual":["no"],"_downloadable":["no"],"_download_limit":["-1"],"_download_expiry":["-1"],"_stock":["2"],"_stock_status":["instock"],"_wc_average_rating":["0"],"_wc_review_count":["0"],"_product_attributes":["a:2:{s:11:\"pa_bindning\";a:6:{s:4:\"name\";s:11:\"pa_bindning\";s:5:\"value\";s:0:\"\";s:8:\"position\";i:0;s:10:\"is_visible\";i:1;s:12:\"is_variation\";i:0;s:11:\"is_taxonomy\";i:1;}s:8:\"pa_sidor\";a:6:{s:4:\"name\";s:8:\"pa_sidor\";s:5:\"value\";s:0:\"\";s:8:\"position\";i:1;s:10:\"is_visible\";i:1;s:12:\"is_variation\";i:0;s:11:\"is_taxonomy\";i:1;}}"],"_product_version":["6.6.1"],"_price":["295"],"_wc_facebook_sync_enabled":["yes"],"fb_visibility":["yes"],"fb_product_description":[""],"_wc_facebook_product_image_source":["product"],"_wc_facebook_commerce_enabled":["no"],"fb_product_group_id":["4997320590337920"],"fb_product_item_id":["4997320630337916"],"_yoast_wpseo_primary_product_cat":["44"],"_yoast_wpseo_focuskw":["Kronan p\u00e5 verket"],"_yoast_wpseo_linkdex":["47"],"_yoast_wpseo_content_score":["60"],"_weight":["1500"],"_edit_lock":["1669044144:3"],"_uag_page_assets":["a:9:{s:3:\"css\";s:0:\"\";s:2:\"js\";s:0:\"\";s:18:\"current_block_list\";a:5:{i:0;s:26:\"woocommerce\/product-search\";i:1;s:10:\"core\/group\";i:2;s:12:\"core\/heading\";i:3;s:27:\"woocommerce\/product-on-sale\";i:4;s:32:\"woocommerce\/product-best-sellers\";}s:8:\"uag_flag\";b:0;s:11:\"uag_version\";s:10:\"1775301941\";s:6:\"gfonts\";a:0:{}s:10:\"gfonts_url\";s:0:\"\";s:12:\"gfonts_files\";a:0:{}s:14:\"uag_faq_layout\";b:0;}"]},"uagb_featured_image_src":{"full":["https:\/\/smalsparet.com\/wp-content\/uploads\/2021\/01\/kronanpaverket.jpg",240,338,false],"thumbnail":["https:\/\/smalsparet.com\/wp-content\/uploads\/2021\/01\/kronanpaverket-150x150.jpg",150,150,true],"medium":["https:\/\/smalsparet.com\/wp-content\/uploads\/2021\/01\/kronanpaverket-213x300.jpg",213,300,true],"medium_large":["https:\/\/smalsparet.com\/wp-content\/uploads\/2021\/01\/kronanpaverket.jpg",240,338,false],"large":["https:\/\/smalsparet.com\/wp-content\/uploads\/2021\/01\/kronanpaverket.jpg",240,338,false],"1536x1536":["https:\/\/smalsparet.com\/wp-content\/uploads\/2021\/01\/kronanpaverket.jpg",240,338,false],"2048x2048":["https:\/\/smalsparet.com\/wp-content\/uploads\/2021\/01\/kronanpaverket.jpg",240,338,false],"trp-custom-language-flag":["https:\/\/smalsparet.com\/wp-content\/uploads\/2021\/01\/kronanpaverket.jpg",9,12,false],"woocommerce_thumbnail":["https:\/\/smalsparet.com\/wp-content\/uploads\/2021\/01\/kronanpaverket-240x300.jpg",240,300,true],"woocommerce_single":["https:\/\/smalsparet.com\/wp-content\/uploads\/2021\/01\/kronanpaverket.jpg",240,338,false],"woocommerce_gallery_thumbnail":["https:\/\/smalsparet.com\/wp-content\/uploads\/2021\/01\/kronanpaverket-100x100.jpg",100,100,true],"awb_sm":["https:\/\/smalsparet.com\/wp-content\/uploads\/2021\/01\/kronanpaverket.jpg",240,338,false],"awb_md":["https:\/\/smalsparet.com\/wp-content\/uploads\/2021\/01\/kronanpaverket.jpg",240,338,false],"awb_lg":["https:\/\/smalsparet.com\/wp-content\/uploads\/2021\/01\/kronanpaverket.jpg",240,338,false],"awb_xl":["https:\/\/smalsparet.com\/wp-content\/uploads\/2021\/01\/kronanpaverket.jpg",240,338,false]},"uagb_author_info":{"display_name":"Olaf","author_link":"https:\/\/smalsparet.com\/de\/author\/"},"uagb_comment_info":0,"uagb_excerpt":"F\u00f6rfattaren Stig Svallhammar tar oss med p\u00e5 en skildring av NVHJ:s (Norsholm-V\u00e4stervik-Hultsfreds J\u00e4rnv\u00e4gar) historia under 125 \u00e5r. Tonvikten ligger p\u00e5 fem senaste decennierna och politiken kring f\u00f6rstatligande, breddande och nedl\u00e4ggning. Dessutom f\u00e5r vi l\u00e4sa mer om hur f\u00f6reningen &#8221;R\u00e4dda Smalsp\u00e5ret&#8221;, som sedermera blev v\u00e5r f\u00f6rening, kom till. \u00c4ven l\u00e4nshuvudmannens perspektiv och n\u00e4ringslivets utveckling i V\u00e4stervik&hellip;","_links":{"self":[{"href":"https:\/\/smalsparet.com\/de\/wp-json\/wp\/v2\/product\/2781","targetHints":{"allow":["GET"]}}],"collection":[{"href":"https:\/\/smalsparet.com\/de\/wp-json\/wp\/v2\/product"}],"about":[{"href":"https:\/\/smalsparet.com\/de\/wp-json\/wp\/v2\/types\/product"}],"replies":[{"embeddable":true,"href":"https:\/\/smalsparet.com\/de\/wp-json\/wp\/v2\/comments?post=2781"}],"wp:featuredmedia":[{"embeddable":true,"href":"https:\/\/smalsparet.com\/de\/wp-json\/wp\/v2\/media\/2782"}],"wp:attachment":[{"href":"https:\/\/smalsparet.com\/de\/wp-json\/wp\/v2\/media?parent=2781"}],"wp:term":[{"taxonomy":"product_brand","embeddable":true,"href":"https:\/\/smalsparet.com\/de\/wp-json\/wp\/v2\/product_brand?post=2781"},{"taxonomy":"product_cat","embeddable":true,"href":"https:\/\/smalsparet.com\/de\/wp-json\/wp\/v2\/product_cat?post=2781"},{"taxonomy":"product_tag","embeddable":true,"href":"https:\/\/smalsparet.com\/de\/wp-json\/wp\/v2\/product_tag?post=2781"}],"curies":[{"name":"wp","href":"https:\/\/api.w.org\/{rel}","templated":true}]}}