{"id":2708,"date":"2020-12-19T23:52:01","date_gmt":"2020-12-19T23:52:01","guid":{"rendered":"https:\/\/nya.smalsparet.com\/produkt\/krosataget-den-smalandska-tagrevolutionen-del-2-2\/"},"modified":"2026-03-19T02:34:22","modified_gmt":"2026-03-19T02:34:22","slug":"krosataget-den-smalandska-tagrevolutionen-del-2","status":"publish","type":"product","link":"https:\/\/smalsparet.com\/de\/produkt\/krosataget-den-smalandska-tagrevolutionen-del-2\/","title":{"rendered":"Kr\u00f6sat\u00e5get, Teil 2: Der Kr\u00f6sat\u00e5get, die Zugrevolution in Sm\u00e5land"},"content":{"rendered":"<p>Im Fr\u00fchjahr 2016 wurde das Buch Kr\u00f6sat\u00e5get, den sm\u00e5l\u00e4ndska t\u00e5grevolutionen, Teil 1 ver\u00f6ffentlicht, <strong>Kr\u00f6sat\u00e5get, die Zugrevolution in Sm\u00e5land, Teil 2<\/strong>.<\/p>\n<p><strong>Ingemar Lundin<\/strong> erz\u00e4hlt weiterhin anschaulich von Beschaffungen, Betreiberwechseln, Fahrzeugsanierungen, dem Aufstieg und Fall von BK-T\u00e5g und dem Versuch von SJ, sein Monopol um jeden Preis aufrechtzuerhalten.<\/p>\n<p><strong>Magnus Lindman<\/strong> \u00fcbernimmt ab 2010 und beschreibt seine Erfahrungen als Fahrer auf der Stra\u00dfe. Weitere Betreiberwechsel, mangelhaftes Verkehrsmanagement und gro\u00dfer Fahrzeugmangel. Ingemar f\u00fchrt eine Reihe interessanter Interviews mit Menschen, die in den letzten 30 Jahren Einfluss hatten.<\/p>\n<p>Die Vertreter des Kreisverkehrs und der Verkehrsunternehmen ducken sich bei der Frage des wiederkehrenden Fahrzeugmangels weg, aber Magnus beschreibt objektiv die Ursachen und Entscheidungen. Der negative Trend wird sich jedoch umkehren, wenn der Dienst seine Qualit\u00e4t und Zuverl\u00e4ssigkeit wiedererlangt.<\/p>\n<p>Das Buch ist reich illustriert mit Fotos aus drei Jahrzehnten und vollst\u00e4ndigen Fahrzeuglisten, ausgew\u00e4hlten Reisestatistiken und Verkehrstrends. Die beiden Autoren blicken auch aus unterschiedlichen Perspektiven in die Zukunft und sagen uns, was sie denken und hoffen, was uns bevorsteht.<\/p>\n<div class=\"main-content-container container\">\n<div id=\"content\" class=\"main-content-inner\" role=\"main\">\n<div id=\"product-3966\" class=\"product type-product post-3966 status-publish first instock product_cat-bocker product_cat-jarnvag product_cat-jarnvagsminnen has-post-thumbnail shipping-taxable purchasable product-type-simple\">\n<div class=\"woocommerce-tabs wc-tabs-wrapper\">\n<div id=\"tab-description\" class=\"woocommerce-Tabs-panel woocommerce-Tabs-panel--description panel entry-content wc-tab\" role=\"tabpanel\" aria-labelledby=\"tab-title-description\">\n<p>Das Buch enth\u00e4lt auch lustige Anekdoten, wie die vom 3. Juni 2012. Es war der Namenstag des Autors und des Generaldirektors f\u00fcr Verkehr des Bezirks, Ingemar. Er war nach N\u00e4ssj\u00f6 eingeladen, wo der Triebwagen Y1 1299 auf den Namen Malte getauft werden sollte, nach dem eigenwilligen Lokf\u00fchrer Malte Liewen Stierngranat. Der Triebwagen war vom Eisenbahnmuseum N\u00e4ssj\u00f6 \u00fcbernommen worden, das nun den Namen des Wagens bestimmen wollte. <span style=\"font-size: 16px;\">Diesmal jedoch war Ingemar das Opfer eines Scherzes, der gut ankam. Hinter der Pappscheibe stand nichts Geringeres als Ingemars Name. Die Zeitungen schrieben am n\u00e4chsten Tag Dinge wie \"Namensputsch gegen den Vater des Kr\u00f6sat\u00e5gen-Zugs\" und die Geschichte wurde weit verbreitet. Ingemar kommentierte den Coup mit den Worten: \"Es f\u00fchlte sich an, als w\u00e4ren sowohl ich als auch der Wagen reif f\u00fcr ein Museum\".<\/span><\/p>\n<p>144 Seiten unterhaltsame und interessante Lekt\u00fcre \u00fcber den zweiten Teil der Geschichte der Kr\u00f6sa-Bahn.<\/p>\n<\/div>\n<\/div>\n<\/div>\n<\/div>\n<\/div>","protected":false},"excerpt":{"rendered":"<p>Under v\u00e5ren 2016 kom boken Kr\u00f6sat\u00e5get, den sm\u00e5l\u00e4ndska t\u00e5grevolutionen, del 1. Nu finns forts\u00e4ttningen, Kr\u00f6sat\u00e5get, den sm\u00e5l\u00e4ndska t\u00e5grevolutionen, del 2. Ingemar Lundin forts\u00e4tter p\u00e5 ett m\u00e5lande vis ber\u00e4tta om upphandlingar, operat\u00f6rsbyten, fordonsupprustning, BK-T\u00e5gs uppg\u00e5ng och fall och SJs f\u00f6rs\u00f6k att till varje pris beh\u00e5lla sitt monopol. Magnus Lindman tar vid fr\u00e5n 2010 och beskriver sina [&hellip;]<\/p>\n","protected":false},"featured_media":9059,"comment_status":"closed","ping_status":"closed","template":"","meta":{"om_disable_all_campaigns":false,"_uag_custom_page_level_css":"","_monsterinsights_skip_tracking":false,"_monsterinsights_sitenote_active":false,"_monsterinsights_sitenote_note":"","_monsterinsights_sitenote_category":0,"site-sidebar-layout":"default","site-content-layout":"default","ast-site-content-layout":"default","site-content-style":"default","site-sidebar-style":"default","ast-global-header-display":"","ast-banner-title-visibility":"","ast-main-header-display":"","ast-hfb-above-header-display":"","ast-hfb-below-header-display":"","ast-hfb-mobile-header-display":"","site-post-title":"","ast-breadcrumbs-content":"","ast-featured-img":"","footer-sml-layout":"","ast-disable-related-posts":"","theme-transparent-header-meta":"default","adv-header-id-meta":"","stick-header-meta":"","header-above-stick-meta":"","header-main-stick-meta":"","header-below-stick-meta":"","astra-migrate-meta-layouts":"set","ast-page-background-enabled":"default","ast-page-background-meta":{"desktop":{"background-color":"","background-image":"","background-repeat":"repeat","background-position":"center center","background-size":"auto","background-attachment":"scroll","background-type":"","background-media":"","overlay-type":"","overlay-color":"","overlay-opacity":"","overlay-gradient":""},"tablet":{"background-color":"","background-image":"","background-repeat":"repeat","background-position":"center center","background-size":"auto","background-attachment":"scroll","background-type":"","background-media":"","overlay-type":"","overlay-color":"","overlay-opacity":"","overlay-gradient":""},"mobile":{"background-color":"","background-image":"","background-repeat":"repeat","background-position":"center center","background-size":"auto","background-attachment":"scroll","background-type":"","background-media":"","overlay-type":"","overlay-color":"","overlay-opacity":"","overlay-gradient":""}},"ast-content-background-meta":{"desktop":{"background-color":"var(--ast-global-color-5)","background-image":"","background-repeat":"repeat","background-position":"center center","background-size":"auto","background-attachment":"scroll","background-type":"","background-media":"","overlay-type":"","overlay-color":"","overlay-opacity":"","overlay-gradient":""},"tablet":{"background-color":"var(--ast-global-color-5)","background-image":"","background-repeat":"repeat","background-position":"center center","background-size":"auto","background-attachment":"scroll","background-type":"","background-media":"","overlay-type":"","overlay-color":"","overlay-opacity":"","overlay-gradient":""},"mobile":{"background-color":"var(--ast-global-color-5)","background-image":"","background-repeat":"repeat","background-position":"center center","background-size":"auto","background-attachment":"scroll","background-type":"","background-media":"","overlay-type":"","overlay-color":"","overlay-opacity":"","overlay-gradient":""}}},"product_brand":[],"product_cat":[83,23],"product_tag":[26],"class_list":{"0":"post-2708","1":"product","2":"type-product","3":"status-publish","4":"has-post-thumbnail","6":"product_cat-black-friday-2025","7":"product_cat-bok","8":"product_tag-bok","9":"desktop-align-center","10":"tablet-align-center","11":"mobile-align-center","13":"first","14":"instock","15":"taxable","16":"shipping-taxable","17":"purchasable","18":"product-type-simple"},"aioseo_notices":[],"spectra_custom_meta":{"_edit_last":["3"],"_thumbnail_id":["9059"],"_regular_price":["280"],"total_sales":["16"],"_tax_status":["taxable"],"_tax_class":["6"],"_manage_stock":["yes"],"_backorders":["no"],"_sold_individually":["no"],"_virtual":["no"],"_downloadable":["no"],"_download_limit":["-1"],"_download_expiry":["-1"],"_stock":["84"],"_stock_status":["instock"],"_wc_average_rating":["0"],"_wc_review_count":["0"],"_product_version":["10.6.1"],"_price":["280"],"_wc_facebook_sync_enabled":["yes"],"fb_visibility":["yes"],"fb_product_description":[""],"_wc_facebook_product_image_source":["product"],"_wc_facebook_commerce_enabled":["no"],"fb_product_group_id":["4828118840594753"],"fb_product_item_id":["4828118890594748"],"_yoast_wpseo_primary_product_cat":["44"],"_yoast_wpseo_metadesc":["Ingemar Lundin forts\u00e4tter p\u00e5 ett m\u00e5lande vis ber\u00e4tta om .\u00a0Magnus Lindman tar vid fr\u00e5n 2010 och beskriver sina erfarenheter som f\u00f6rare i trafiken."],"_yoast_wpseo_content_score":["90"],"_edit_lock":["1763818346:3"],"_genesis_title":["Kr\u00f6sat\u00e5get del 2"],"_genesis_description":["Kr\u00f6sat\u00e5get, den sm\u00e5l\u00e4ndska t\u00e5grevolutionen, del 2. ber\u00e4ttar om forts\u00e4ttningen p\u00e5 den sm\u00e5l\u00e4ndska t\u00e5grevolutionen."],"_primary_term_product_cat":["23"],"_low_stock_amount":["10"],"_weight":["790"],"site-sidebar-layout":["default"],"site-content-layout":["default"],"theme-transparent-header-meta":["default"],"_product_attributes":["a:2:{s:8:\"pa_sidor\";a:6:{s:4:\"name\";s:8:\"pa_sidor\";s:5:\"value\";s:0:\"\";s:8:\"position\";i:1;s:10:\"is_visible\";i:1;s:12:\"is_variation\";i:0;s:11:\"is_taxonomy\";i:1;}s:11:\"pa_bindning\";a:6:{s:4:\"name\";s:11:\"pa_bindning\";s:5:\"value\";s:0:\"\";s:8:\"position\";i:2;s:10:\"is_visible\";i:1;s:12:\"is_variation\";i:0;s:11:\"is_taxonomy\";i:1;}}"],"_wp_old_slug":["krosataget-den-smalandska-tagrevolutionen-del-2-2"],"_aioseo_keywords":["a:0:{}"],"_aioseo_og_article_section":[""],"_aioseo_og_article_tags":["a:0:{}"],"_monsterinsights_sitenote_active":["0"],"om_disable_all_campaigns":[""],"ast-site-content-layout":["default"],"site-content-style":["default"],"site-sidebar-style":["default"],"fb_rich_text_description":[""],"fb_product_video":["a:0:{}"],"fb_brand":[""],"fb_mpn":[""],"_aioseo_og_title":[""],"_aioseo_og_description":[""],"_aioseo_twitter_title":[""],"_aioseo_twitter_description":[""],"_aioseo_title":[null],"_aioseo_description":[null],"astra-migrate-meta-layouts":["set"],"_uag_page_assets":["a:9:{s:3:\"css\";s:0:\"\";s:2:\"js\";s:0:\"\";s:18:\"current_block_list\";a:5:{i:0;s:26:\"woocommerce\/product-search\";i:1;s:10:\"core\/group\";i:2;s:12:\"core\/heading\";i:3;s:27:\"woocommerce\/product-on-sale\";i:4;s:32:\"woocommerce\/product-best-sellers\";}s:8:\"uag_flag\";b:0;s:11:\"uag_version\";s:10:\"1777463016\";s:6:\"gfonts\";a:0:{}s:10:\"gfonts_url\";s:0:\"\";s:12:\"gfonts_files\";a:0:{}s:14:\"uag_faq_layout\";b:0;}"]},"uagb_featured_image_src":{"full":["https:\/\/smalsparet.com\/wp-content\/uploads\/2020\/12\/Screenshot-2025-11-22-at-14.31.09.jpg",1434,1818,false],"thumbnail":["https:\/\/smalsparet.com\/wp-content\/uploads\/2020\/12\/Screenshot-2025-11-22-at-14.31.09-150x150.jpg",150,150,true],"medium":["https:\/\/smalsparet.com\/wp-content\/uploads\/2020\/12\/Screenshot-2025-11-22-at-14.31.09-237x300.jpg",237,300,true],"medium_large":["https:\/\/smalsparet.com\/wp-content\/uploads\/2020\/12\/Screenshot-2025-11-22-at-14.31.09-768x974.jpg",768,974,true],"large":["https:\/\/smalsparet.com\/wp-content\/uploads\/2020\/12\/Screenshot-2025-11-22-at-14.31.09-808x1024.jpg",808,1024,true],"1536x1536":["https:\/\/smalsparet.com\/wp-content\/uploads\/2020\/12\/Screenshot-2025-11-22-at-14.31.09-1212x1536.jpg",1212,1536,true],"2048x2048":["https:\/\/smalsparet.com\/wp-content\/uploads\/2020\/12\/Screenshot-2025-11-22-at-14.31.09.jpg",1434,1818,false],"trp-custom-language-flag":["https:\/\/smalsparet.com\/wp-content\/uploads\/2020\/12\/Screenshot-2025-11-22-at-14.31.09-9x12.jpg",9,12,true],"woocommerce_thumbnail":["https:\/\/smalsparet.com\/wp-content\/uploads\/2020\/12\/Screenshot-2025-11-22-at-14.31.09-300x300.jpg",300,300,true],"woocommerce_single":["https:\/\/smalsparet.com\/wp-content\/uploads\/2020\/12\/Screenshot-2025-11-22-at-14.31.09-600x761.jpg",600,761,true],"woocommerce_gallery_thumbnail":["https:\/\/smalsparet.com\/wp-content\/uploads\/2020\/12\/Screenshot-2025-11-22-at-14.31.09-100x100.jpg",100,100,true],"awb_sm":["https:\/\/smalsparet.com\/wp-content\/uploads\/2020\/12\/Screenshot-2025-11-22-at-14.31.09-500x634.jpg",500,634,true],"awb_md":["https:\/\/smalsparet.com\/wp-content\/uploads\/2020\/12\/Screenshot-2025-11-22-at-14.31.09-800x1014.jpg",800,1014,true],"awb_lg":["https:\/\/smalsparet.com\/wp-content\/uploads\/2020\/12\/Screenshot-2025-11-22-at-14.31.09-1280x1623.jpg",1280,1623,true],"awb_xl":["https:\/\/smalsparet.com\/wp-content\/uploads\/2020\/12\/Screenshot-2025-11-22-at-14.31.09.jpg",1434,1818,false]},"uagb_author_info":{"display_name":"Olaf","author_link":"https:\/\/smalsparet.com\/de\/author\/"},"uagb_comment_info":0,"uagb_excerpt":"Under v\u00e5ren 2016 kom boken Kr\u00f6sat\u00e5get, den sm\u00e5l\u00e4ndska t\u00e5grevolutionen, del 1. Nu finns forts\u00e4ttningen, Kr\u00f6sat\u00e5get, den sm\u00e5l\u00e4ndska t\u00e5grevolutionen, del 2. Ingemar Lundin forts\u00e4tter p\u00e5 ett m\u00e5lande vis ber\u00e4tta om upphandlingar, operat\u00f6rsbyten, fordonsupprustning, BK-T\u00e5gs uppg\u00e5ng och fall och SJs f\u00f6rs\u00f6k att till varje pris beh\u00e5lla sitt monopol. Magnus Lindman tar vid fr\u00e5n 2010 och beskriver sina&hellip;","_links":{"self":[{"href":"https:\/\/smalsparet.com\/de\/wp-json\/wp\/v2\/product\/2708","targetHints":{"allow":["GET"]}}],"collection":[{"href":"https:\/\/smalsparet.com\/de\/wp-json\/wp\/v2\/product"}],"about":[{"href":"https:\/\/smalsparet.com\/de\/wp-json\/wp\/v2\/types\/product"}],"replies":[{"embeddable":true,"href":"https:\/\/smalsparet.com\/de\/wp-json\/wp\/v2\/comments?post=2708"}],"wp:featuredmedia":[{"embeddable":true,"href":"https:\/\/smalsparet.com\/de\/wp-json\/wp\/v2\/media\/9059"}],"wp:attachment":[{"href":"https:\/\/smalsparet.com\/de\/wp-json\/wp\/v2\/media?parent=2708"}],"wp:term":[{"taxonomy":"product_brand","embeddable":true,"href":"https:\/\/smalsparet.com\/de\/wp-json\/wp\/v2\/product_brand?post=2708"},{"taxonomy":"product_cat","embeddable":true,"href":"https:\/\/smalsparet.com\/de\/wp-json\/wp\/v2\/product_cat?post=2708"},{"taxonomy":"product_tag","embeddable":true,"href":"https:\/\/smalsparet.com\/de\/wp-json\/wp\/v2\/product_tag?post=2708"}],"curies":[{"name":"wp","href":"https:\/\/api.w.org\/{rel}","templated":true}]}}