{"id":2658,"date":"2020-12-15T22:24:28","date_gmt":"2020-12-15T22:24:28","guid":{"rendered":"https:\/\/nya.smalsparet.com\/produkt\/wexio-klafrestroms-jernvag-tjanstetidtabell-1895-2\/"},"modified":"2022-01-01T00:00:39","modified_gmt":"2022-01-01T00:00:39","slug":"wexio-klafrestroms-jernvag-tjanstetidtabell-1895-2","status":"publish","type":"product","link":"https:\/\/smalsparet.com\/de\/produkt\/wexio-klafrestroms-jernvag-tjanstetidtabell-1895-2\/","title":{"rendered":"Wexi\u00f6-Klafrestr\u00f6ms Eisenbahn, Fahrplan 1895"},"content":{"rendered":"<h2>WKJ-Dienstplan 1895<\/h2>\n<p>Der erste Fahrplan der V\u00e4xj\u00f6-Klavrestr\u00f6m-Bahn, nach dem Original reproduziert.<\/p>\n<p>Enth\u00e4lt \"Vorschriften f\u00fcr die Anwendung des Fahrplans\" mit allgemeinen Bestimmungen \u00fcber Geschwindigkeit und Vorsicht usw. sowie einen Fahrplan f\u00fcr die wenigen Z\u00fcge auf der Strecke.<\/p>","protected":false},"excerpt":{"rendered":"<p>WKJ-Fahrplan 1895 Der erste Fahrplan der V\u00e4xj\u00f6-Klavrestr\u00f6m-Bahn, nach dem Original reproduziert. Enth\u00e4lt \"Vorschriften, die bei der Anwendung des Fahrplans zu beachten sind\" mit allgemeinen Bestimmungen \u00fcber Geschwindigkeit und Vorsicht usw. sowie einen Fahrplan f\u00fcr die wenigen Z\u00fcge auf der Strecke.<\/p>","protected":false},"featured_media":290,"comment_status":"closed","ping_status":"closed","template":"","meta":{"om_disable_all_campaigns":false,"_uag_custom_page_level_css":"","_monsterinsights_skip_tracking":false,"_monsterinsights_sitenote_active":false,"_monsterinsights_sitenote_note":"","_monsterinsights_sitenote_category":0,"site-sidebar-layout":"default","site-content-layout":"default","ast-site-content-layout":"default","site-content-style":"default","site-sidebar-style":"default","ast-global-header-display":"","ast-banner-title-visibility":"","ast-main-header-display":"","ast-hfb-above-header-display":"","ast-hfb-below-header-display":"","ast-hfb-mobile-header-display":"","site-post-title":"","ast-breadcrumbs-content":"","ast-featured-img":"","footer-sml-layout":"","ast-disable-related-posts":"","theme-transparent-header-meta":"default","adv-header-id-meta":"","stick-header-meta":"","header-above-stick-meta":"","header-main-stick-meta":"","header-below-stick-meta":"","astra-migrate-meta-layouts":"default","ast-page-background-enabled":"default","ast-page-background-meta":{"desktop":{"background-color":"","background-image":"","background-repeat":"repeat","background-position":"center center","background-size":"auto","background-attachment":"scroll","background-type":"","background-media":"","overlay-type":"","overlay-color":"","overlay-opacity":"","overlay-gradient":""},"tablet":{"background-color":"","background-image":"","background-repeat":"repeat","background-position":"center center","background-size":"auto","background-attachment":"scroll","background-type":"","background-media":"","overlay-type":"","overlay-color":"","overlay-opacity":"","overlay-gradient":""},"mobile":{"background-color":"","background-image":"","background-repeat":"repeat","background-position":"center center","background-size":"auto","background-attachment":"scroll","background-type":"","background-media":"","overlay-type":"","overlay-color":"","overlay-opacity":"","overlay-gradient":""}},"ast-content-background-meta":{"desktop":{"background-color":"var(--ast-global-color-5)","background-image":"","background-repeat":"repeat","background-position":"center center","background-size":"auto","background-attachment":"scroll","background-type":"","background-media":"","overlay-type":"","overlay-color":"","overlay-opacity":"","overlay-gradient":""},"tablet":{"background-color":"var(--ast-global-color-5)","background-image":"","background-repeat":"repeat","background-position":"center center","background-size":"auto","background-attachment":"scroll","background-type":"","background-media":"","overlay-type":"","overlay-color":"","overlay-opacity":"","overlay-gradient":""},"mobile":{"background-color":"var(--ast-global-color-5)","background-image":"","background-repeat":"repeat","background-position":"center center","background-size":"auto","background-attachment":"scroll","background-type":"","background-media":"","overlay-type":"","overlay-color":"","overlay-opacity":"","overlay-gradient":""}}},"product_brand":[],"product_cat":[23],"product_tag":[26],"class_list":{"0":"post-2658","1":"product","2":"type-product","3":"status-publish","4":"has-post-thumbnail","6":"product_cat-bok","7":"product_tag-bok","8":"desktop-align-center","9":"tablet-align-center","10":"mobile-align-center","12":"first","13":"instock","14":"taxable","15":"shipping-taxable","16":"purchasable","17":"product-type-simple"},"aioseo_notices":[],"spectra_custom_meta":{"_edit_last":["3"],"_thumbnail_id":["290"],"_regular_price":["20"],"total_sales":["5"],"_tax_status":["taxable"],"_tax_class":["6"],"_manage_stock":["no"],"_backorders":["no"],"_sold_individually":["no"],"_virtual":["no"],"_downloadable":["no"],"_download_limit":["-1"],"_download_expiry":["-1"],"_stock":[null],"_stock_status":["instock"],"_wc_average_rating":["0"],"_wc_review_count":["0"],"_product_attributes":["a:2:{s:11:\"pa_bindning\";a:6:{s:4:\"name\";s:11:\"pa_bindning\";s:5:\"value\";s:0:\"\";s:8:\"position\";i:0;s:10:\"is_visible\";i:1;s:12:\"is_variation\";i:0;s:11:\"is_taxonomy\";i:1;}s:8:\"pa_sidor\";a:6:{s:4:\"name\";s:8:\"pa_sidor\";s:5:\"value\";s:0:\"\";s:8:\"position\";i:1;s:10:\"is_visible\";i:1;s:12:\"is_variation\";i:0;s:11:\"is_taxonomy\";i:1;}}"],"_product_version":["5.1.1"],"_price":["20"],"_yoast_wpseo_primary_product_cat":["44"],"_yoast_wpseo_content_score":["60"],"_weight":["35"],"_edit_lock":["1639750099:3"],"_primary_term_product_cat":["23"],"site-sidebar-layout":["default"],"site-content-layout":["default"],"theme-transparent-header-meta":["default"],"_uag_page_assets":["a:9:{s:3:\"css\";s:0:\"\";s:2:\"js\";s:0:\"\";s:18:\"current_block_list\";a:5:{i:0;s:26:\"woocommerce\/product-search\";i:1;s:10:\"core\/group\";i:2;s:12:\"core\/heading\";i:3;s:27:\"woocommerce\/product-on-sale\";i:4;s:32:\"woocommerce\/product-best-sellers\";}s:8:\"uag_flag\";b:0;s:11:\"uag_version\";s:10:\"1775301941\";s:6:\"gfonts\";a:0:{}s:10:\"gfonts_url\";s:0:\"\";s:12:\"gfonts_files\";a:0:{}s:14:\"uag_faq_layout\";b:0;}"]},"uagb_featured_image_src":{"full":["https:\/\/smalsparet.com\/wp-content\/uploads\/2014\/12\/wkj_tdt_large.jpg",410,600,false],"thumbnail":["https:\/\/smalsparet.com\/wp-content\/uploads\/2014\/12\/wkj_tdt_large-150x150.jpg",150,150,true],"medium":["https:\/\/smalsparet.com\/wp-content\/uploads\/2014\/12\/wkj_tdt_large-205x300.jpg",205,300,true],"medium_large":["https:\/\/smalsparet.com\/wp-content\/uploads\/2014\/12\/wkj_tdt_large.jpg",410,600,false],"large":["https:\/\/smalsparet.com\/wp-content\/uploads\/2014\/12\/wkj_tdt_large.jpg",410,600,false],"1536x1536":["https:\/\/smalsparet.com\/wp-content\/uploads\/2014\/12\/wkj_tdt_large.jpg",410,600,false],"2048x2048":["https:\/\/smalsparet.com\/wp-content\/uploads\/2014\/12\/wkj_tdt_large.jpg",410,600,false],"trp-custom-language-flag":["https:\/\/smalsparet.com\/wp-content\/uploads\/2014\/12\/wkj_tdt_large.jpg",8,12,false],"woocommerce_thumbnail":["https:\/\/smalsparet.com\/wp-content\/uploads\/2014\/12\/wkj_tdt_large-300x300.jpg",300,300,true],"woocommerce_single":["https:\/\/smalsparet.com\/wp-content\/uploads\/2014\/12\/wkj_tdt_large.jpg",410,600,false],"woocommerce_gallery_thumbnail":["https:\/\/smalsparet.com\/wp-content\/uploads\/2014\/12\/wkj_tdt_large-100x100.jpg",100,100,true],"awb_sm":["https:\/\/smalsparet.com\/wp-content\/uploads\/2014\/12\/wkj_tdt_large.jpg",410,600,false],"awb_md":["https:\/\/smalsparet.com\/wp-content\/uploads\/2014\/12\/wkj_tdt_large.jpg",410,600,false],"awb_lg":["https:\/\/smalsparet.com\/wp-content\/uploads\/2014\/12\/wkj_tdt_large.jpg",410,600,false],"awb_xl":["https:\/\/smalsparet.com\/wp-content\/uploads\/2014\/12\/wkj_tdt_large.jpg",410,600,false]},"uagb_author_info":{"display_name":"Olaf","author_link":"https:\/\/smalsparet.com\/de\/author\/"},"uagb_comment_info":0,"uagb_excerpt":"WKJ tj\u00e4nstetidtabell 1895 Den f\u00f6rsta tidtabellen f\u00f6r V\u00e4xj\u00f6-Klavrestr\u00f6m J\u00e4rnv\u00e4g reproducerad fr\u00e5n originalet. Inneh\u00e5ller \u201dF\u00f6reskrifter att l\u00e4nda till efterr\u00e4ttelse vid till\u00e4mpning af tidtabell\u201d med allm\u00e4nna best\u00e4mmelser om hastighet och varsamhet m.m. samt tidtabell f\u00f6r de f\u00e5 t\u00e5gen p\u00e5 banan.","_links":{"self":[{"href":"https:\/\/smalsparet.com\/de\/wp-json\/wp\/v2\/product\/2658","targetHints":{"allow":["GET"]}}],"collection":[{"href":"https:\/\/smalsparet.com\/de\/wp-json\/wp\/v2\/product"}],"about":[{"href":"https:\/\/smalsparet.com\/de\/wp-json\/wp\/v2\/types\/product"}],"replies":[{"embeddable":true,"href":"https:\/\/smalsparet.com\/de\/wp-json\/wp\/v2\/comments?post=2658"}],"wp:featuredmedia":[{"embeddable":true,"href":"https:\/\/smalsparet.com\/de\/wp-json\/wp\/v2\/media\/290"}],"wp:attachment":[{"href":"https:\/\/smalsparet.com\/de\/wp-json\/wp\/v2\/media?parent=2658"}],"wp:term":[{"taxonomy":"product_brand","embeddable":true,"href":"https:\/\/smalsparet.com\/de\/wp-json\/wp\/v2\/product_brand?post=2658"},{"taxonomy":"product_cat","embeddable":true,"href":"https:\/\/smalsparet.com\/de\/wp-json\/wp\/v2\/product_cat?post=2658"},{"taxonomy":"product_tag","embeddable":true,"href":"https:\/\/smalsparet.com\/de\/wp-json\/wp\/v2\/product_tag?post=2658"}],"curies":[{"name":"wp","href":"https:\/\/api.w.org\/{rel}","templated":true}]}}