{"id":2640,"date":"2020-12-14T20:24:23","date_gmt":"2020-12-14T20:24:23","guid":{"rendered":"https:\/\/nya.smalsparet.com\/produkt\/butik-jarnvagsbilder-vaxjo-vastervik\/"},"modified":"2025-08-19T08:07:58","modified_gmt":"2025-08-19T08:07:58","slug":"jarnvagsbilder-vaxjo-vastervik","status":"publish","type":"product","link":"https:\/\/smalsparet.com\/de\/produkt\/jarnvagsbilder-vaxjo-vastervik\/","title":{"rendered":"Eisenbahnbilder 6, V\u00e4xj\u00f6-V\u00e4stervik"},"content":{"rendered":"<p>Im Winter 2020 ver\u00f6ffentlichte Trafiknostalgiska F\u00f6rlaget ein neues Buch in der Reihe \"Eisenbahnbilder\", dieses Mal \u00fcber <strong>Schmalspurbahn V\u00e4xj\u00f6-V\u00e4stervik<\/strong>!<\/p>\n<p>Ulf Smedbo bietet auf 160 Seiten eine ausf\u00fchrliche Beschreibung und Fotodokumentation, in der jeder Bahnhof in geografischer Reihenfolge dokumentiert ist. Dar\u00fcber hinaus k\u00f6nnen wir mehrere Besuche von den 70er bis Ende der 90er Jahre machen und sehen, wie sich die Strecke von der SJ-\u00c4ra bis zu VHVJ und SMAB ver\u00e4ndert hat.<\/p>\n<p>Ein einzigartiges Buch mit vielen bisher unver\u00f6ffentlichten Bildern.<\/p>\n<p>Das Buch kann zusammen mit einem <a href=\"https:\/\/smalsparet.com\/de\/produkt\/jarnvagsbilder-6-english-appendix\/\"><strong>Englischer Anhang<\/strong><\/a>. \u00dcbersetzt von unserem Mitglied Philip Groves.<\/p>","protected":false},"excerpt":{"rendered":"<p>Trafiknostalgiska f\u00f6rlaget gav vintern 2020 ut en ny bok i serien J\u00e4rnv\u00e4gsbilder, denna g\u00e5ng om Smalsp\u00e5ret V\u00e4xj\u00f6-V\u00e4stervik! Ulf Smedbo bjuder p\u00e5 en ing\u00e5ende beskrivning och fotodokumentation p\u00e5 hela 160 sidor, d\u00e4r varje station dokumenteras i geografisk ordning. Dessutom f\u00e5r vi f\u00f6lja med p\u00e5 flera bes\u00f6k fr\u00e5n 70-talet \u00e4nda in p\u00e5 90-talets slut och se hur [&hellip;]<\/p>\n","protected":false},"featured_media":2641,"comment_status":"closed","ping_status":"closed","template":"","meta":{"om_disable_all_campaigns":false,"_uag_custom_page_level_css":"","_monsterinsights_skip_tracking":false,"_monsterinsights_sitenote_active":false,"_monsterinsights_sitenote_note":"","_monsterinsights_sitenote_category":0,"site-sidebar-layout":"default","site-content-layout":"default","ast-site-content-layout":"default","site-content-style":"default","site-sidebar-style":"default","ast-global-header-display":"","ast-banner-title-visibility":"","ast-main-header-display":"","ast-hfb-above-header-display":"","ast-hfb-below-header-display":"","ast-hfb-mobile-header-display":"","site-post-title":"","ast-breadcrumbs-content":"","ast-featured-img":"","footer-sml-layout":"","ast-disable-related-posts":"","theme-transparent-header-meta":"default","adv-header-id-meta":"","stick-header-meta":"","header-above-stick-meta":"","header-main-stick-meta":"","header-below-stick-meta":"","astra-migrate-meta-layouts":"set","ast-page-background-enabled":"default","ast-page-background-meta":{"desktop":{"background-color":"","background-image":"","background-repeat":"repeat","background-position":"center center","background-size":"auto","background-attachment":"scroll","background-type":"","background-media":"","overlay-type":"","overlay-color":"","overlay-opacity":"","overlay-gradient":""},"tablet":{"background-color":"","background-image":"","background-repeat":"repeat","background-position":"center center","background-size":"auto","background-attachment":"scroll","background-type":"","background-media":"","overlay-type":"","overlay-color":"","overlay-opacity":"","overlay-gradient":""},"mobile":{"background-color":"","background-image":"","background-repeat":"repeat","background-position":"center center","background-size":"auto","background-attachment":"scroll","background-type":"","background-media":"","overlay-type":"","overlay-color":"","overlay-opacity":"","overlay-gradient":""}},"ast-content-background-meta":{"desktop":{"background-color":"var(--ast-global-color-5)","background-image":"","background-repeat":"repeat","background-position":"center center","background-size":"auto","background-attachment":"scroll","background-type":"","background-media":"","overlay-type":"","overlay-color":"","overlay-opacity":"","overlay-gradient":""},"tablet":{"background-color":"var(--ast-global-color-5)","background-image":"","background-repeat":"repeat","background-position":"center center","background-size":"auto","background-attachment":"scroll","background-type":"","background-media":"","overlay-type":"","overlay-color":"","overlay-opacity":"","overlay-gradient":""},"mobile":{"background-color":"var(--ast-global-color-5)","background-image":"","background-repeat":"repeat","background-position":"center center","background-size":"auto","background-attachment":"scroll","background-type":"","background-media":"","overlay-type":"","overlay-color":"","overlay-opacity":"","overlay-gradient":""}}},"product_brand":[],"product_cat":[23],"product_tag":[],"class_list":{"0":"post-2640","1":"product","2":"type-product","3":"status-publish","4":"has-post-thumbnail","6":"product_cat-bok","7":"desktop-align-center","8":"tablet-align-center","9":"mobile-align-center","11":"first","12":"instock","13":"taxable","14":"shipping-taxable","15":"purchasable","16":"product-type-simple"},"aioseo_notices":[],"spectra_custom_meta":{"_edit_last":["3"],"_thumbnail_id":["2641"],"_regular_price":["250"],"total_sales":["64"],"_tax_status":["taxable"],"_tax_class":["6"],"_manage_stock":["yes"],"_backorders":["no"],"_sold_individually":["no"],"_virtual":["no"],"_downloadable":["no"],"_download_limit":["-1"],"_download_expiry":["-1"],"_stock":["10"],"_stock_status":["instock"],"_wc_average_rating":["0"],"_wc_review_count":["0"],"_product_version":["9.7.1"],"_price":["250"],"_yoast_wpseo_focuskw":["J\u00e4rnv\u00e4gsbilder 6"],"_yoast_wpseo_linkdex":["45"],"_yoast_wpseo_content_score":["60"],"_weight":["1030"],"fb_product_group_id":["4775650125810776"],"_wc_facebook_sync_enabled":["yes"],"fb_visibility":["yes"],"fb_product_description":[""],"_wc_facebook_product_image_source":["product"],"_wc_facebook_commerce_enabled":["no"],"fb_product_item_id":["4775650149144107"],"_yoast_wpseo_metadesc":["J\u00e4rnv\u00e4gsbilder 6 med bilder fr\u00e5n Smalsp\u00e5ret V\u00e4xj\u00f6-V\u00e4stervik, finns att k\u00f6pa nu! 160 sidor med unika bilder som inte publicerats tidigare."],"_yoast_wpseo_estimated-reading-time-minutes":["1"],"_edit_lock":["1732531263:3"],"_wp_old_slug":["butik-jarnvagsbilder-vaxjo-vastervik"],"_primary_term_product_cat":["23"],"site-sidebar-layout":["default"],"site-content-layout":["default"],"theme-transparent-header-meta":["default"],"_aioseo_title":[null],"_aioseo_description":[null],"_aioseo_keywords":["a:0:{}"],"_aioseo_og_title":[null],"_aioseo_og_description":[null],"_aioseo_og_article_section":[""],"_aioseo_og_article_tags":["a:0:{}"],"_aioseo_twitter_title":[null],"_aioseo_twitter_description":[null],"_monsterinsights_sitenote_active":["0"],"om_disable_all_campaigns":[""],"ast-site-content-layout":["default"],"site-content-style":["default"],"site-sidebar-style":["default"],"astra-migrate-meta-layouts":["set"],"_uag_page_assets":["a:9:{s:3:\"css\";s:0:\"\";s:2:\"js\";s:0:\"\";s:18:\"current_block_list\";a:5:{i:0;s:26:\"woocommerce\/product-search\";i:1;s:10:\"core\/group\";i:2;s:12:\"core\/heading\";i:3;s:27:\"woocommerce\/product-on-sale\";i:4;s:32:\"woocommerce\/product-best-sellers\";}s:8:\"uag_flag\";b:0;s:11:\"uag_version\";s:10:\"1775301941\";s:6:\"gfonts\";a:0:{}s:10:\"gfonts_url\";s:0:\"\";s:12:\"gfonts_files\";a:0:{}s:14:\"uag_faq_layout\";b:0;}"]},"uagb_featured_image_src":{"full":["https:\/\/smalsparet.com\/wp-content\/uploads\/2020\/12\/jarnvagsbilder6-1.png",300,283,false],"thumbnail":["https:\/\/smalsparet.com\/wp-content\/uploads\/2020\/12\/jarnvagsbilder6-1-150x150.png",150,150,true],"medium":["https:\/\/smalsparet.com\/wp-content\/uploads\/2020\/12\/jarnvagsbilder6-1.png",300,283,false],"medium_large":["https:\/\/smalsparet.com\/wp-content\/uploads\/2020\/12\/jarnvagsbilder6-1.png",300,283,false],"large":["https:\/\/smalsparet.com\/wp-content\/uploads\/2020\/12\/jarnvagsbilder6-1.png",300,283,false],"1536x1536":["https:\/\/smalsparet.com\/wp-content\/uploads\/2020\/12\/jarnvagsbilder6-1.png",300,283,false],"2048x2048":["https:\/\/smalsparet.com\/wp-content\/uploads\/2020\/12\/jarnvagsbilder6-1.png",300,283,false],"trp-custom-language-flag":["https:\/\/smalsparet.com\/wp-content\/uploads\/2020\/12\/jarnvagsbilder6-1.png",13,12,false],"woocommerce_thumbnail":["https:\/\/smalsparet.com\/wp-content\/uploads\/2020\/12\/jarnvagsbilder6-1.png",300,283,false],"woocommerce_single":["https:\/\/smalsparet.com\/wp-content\/uploads\/2020\/12\/jarnvagsbilder6-1.png",300,283,false],"woocommerce_gallery_thumbnail":["https:\/\/smalsparet.com\/wp-content\/uploads\/2020\/12\/jarnvagsbilder6-1-100x100.png",100,100,true],"awb_sm":["https:\/\/smalsparet.com\/wp-content\/uploads\/2020\/12\/jarnvagsbilder6-1.png",300,283,false],"awb_md":["https:\/\/smalsparet.com\/wp-content\/uploads\/2020\/12\/jarnvagsbilder6-1.png",300,283,false],"awb_lg":["https:\/\/smalsparet.com\/wp-content\/uploads\/2020\/12\/jarnvagsbilder6-1.png",300,283,false],"awb_xl":["https:\/\/smalsparet.com\/wp-content\/uploads\/2020\/12\/jarnvagsbilder6-1.png",300,283,false]},"uagb_author_info":{"display_name":"Olaf","author_link":"https:\/\/smalsparet.com\/de\/author\/"},"uagb_comment_info":0,"uagb_excerpt":"Trafiknostalgiska f\u00f6rlaget gav vintern 2020 ut en ny bok i serien J\u00e4rnv\u00e4gsbilder, denna g\u00e5ng om Smalsp\u00e5ret V\u00e4xj\u00f6-V\u00e4stervik! Ulf Smedbo bjuder p\u00e5 en ing\u00e5ende beskrivning och fotodokumentation p\u00e5 hela 160 sidor, d\u00e4r varje station dokumenteras i geografisk ordning. Dessutom f\u00e5r vi f\u00f6lja med p\u00e5 flera bes\u00f6k fr\u00e5n 70-talet \u00e4nda in p\u00e5 90-talets slut och se hur&hellip;","_links":{"self":[{"href":"https:\/\/smalsparet.com\/de\/wp-json\/wp\/v2\/product\/2640","targetHints":{"allow":["GET"]}}],"collection":[{"href":"https:\/\/smalsparet.com\/de\/wp-json\/wp\/v2\/product"}],"about":[{"href":"https:\/\/smalsparet.com\/de\/wp-json\/wp\/v2\/types\/product"}],"replies":[{"embeddable":true,"href":"https:\/\/smalsparet.com\/de\/wp-json\/wp\/v2\/comments?post=2640"}],"wp:featuredmedia":[{"embeddable":true,"href":"https:\/\/smalsparet.com\/de\/wp-json\/wp\/v2\/media\/2641"}],"wp:attachment":[{"href":"https:\/\/smalsparet.com\/de\/wp-json\/wp\/v2\/media?parent=2640"}],"wp:term":[{"taxonomy":"product_brand","embeddable":true,"href":"https:\/\/smalsparet.com\/de\/wp-json\/wp\/v2\/product_brand?post=2640"},{"taxonomy":"product_cat","embeddable":true,"href":"https:\/\/smalsparet.com\/de\/wp-json\/wp\/v2\/product_cat?post=2640"},{"taxonomy":"product_tag","embeddable":true,"href":"https:\/\/smalsparet.com\/de\/wp-json\/wp\/v2\/product_tag?post=2640"}],"curies":[{"name":"wp","href":"https:\/\/api.w.org\/{rel}","templated":true}]}}