{"id":2548,"date":"2020-11-10T19:32:31","date_gmt":"2020-11-10T19:32:31","guid":{"rendered":"https:\/\/nya.smalsparet.com\/produkt\/kosta-jarnvag-2\/"},"modified":"2020-11-10T19:32:31","modified_gmt":"2020-11-10T19:32:31","slug":"kosta-jarnvag-2","status":"publish","type":"product","link":"https:\/\/smalsparet.com\/de\/produkt\/kosta-jarnvag-2\/","title":{"rendered":"Kosta-Eisenbahn"},"content":{"rendered":"<p class=\"p1\"><span class=\"s1\">Das Buch handelt von der Glash\u00fctte Kosta, der Entstehung und Entwicklung der kleinen Schmalspurbahn und der Weiterf\u00fchrung nach M\u00e5ler\u00e5s sowie von allen Schwierigkeiten.<\/span><\/p>\n<p class=\"p1\"><span class=\"s1\">Es gibt Geschichten \u00fcber Hummels Eisenbahnb\u00fcro und \u00fcber Kosta Gjuteri &amp; Mekaniska Verkstad und seine Produktion. Sogar die Schmalspurbahn von Lessebo Mill ist in einer Ecke zu finden. Spannende Geschichten und Fakten dar\u00fcber, wann die Bahn gebaut wurde, und Personallisten. Ist es vielleicht einer Ihrer Verwandten, der bei dieser Bahn gearbeitet hat?<\/span><\/p>\n<p class=\"p1\"><span class=\"s1\">Lokomotiven und Waggons werden detailliert beschrieben, auch Umbauten und seltsame Umnummerierungen. Sie erfahren auch, was passierte, wenn G\u00fcterwagen bei Gegenwind umkippten oder wenn das Umladegleis in M\u00e5ler\u00e5s aufgerissen wurde und es zu Streitigkeiten kam.\u00a0<em>\"Die gro\u00dfe Eisenbahn\"<\/em>\u00a0seit 22 Jahren!<\/span><\/p>\n<p class=\"p1\"><span class=\"s1\">Das Buch hat das Format A5 und umfasst 147 Seiten mit 13 Karten und Gleispl\u00e4nen, von denen vier ausklappbar sind. 55 Fotos sowie Diagramme, Hinweise usw. erg\u00e4nzen den Text. Zwei vierfarbige Tafeln mit KLJ-Lokomotiven und -Waggons sind ebenfalls enthalten.<\/span><\/p>","protected":false},"excerpt":{"rendered":"<p>Boken handlar om Kosta Glasbruk, den lilla smalsp\u00e5riga j\u00e4rnv\u00e4gens tillkomst och utveckling samt forts\u00e4ttningen till M\u00e5ler\u00e5s liksom alla sv\u00e5righeter. Det ber\u00e4ttas om Hummels Jernv\u00e4gsbyr\u00e5 och om Kosta Gjuteri &amp; Mekaniska Verkstad och dess produktion. \u00c4ven Lessebo bruks smalsp\u00e5r kommer med p\u00e5 ett h\u00f6rn. Sp\u00e4nnande ber\u00e4ttelser och fakta om n\u00e4r banan byggdes och personalf\u00f6rteckningar, \u00e4r det [&hellip;]<\/p>\n","protected":false},"featured_media":1124,"comment_status":"closed","ping_status":"closed","template":"","meta":{"om_disable_all_campaigns":false,"_uag_custom_page_level_css":"","_monsterinsights_skip_tracking":false,"_monsterinsights_sitenote_active":false,"_monsterinsights_sitenote_note":"","_monsterinsights_sitenote_category":0,"site-sidebar-layout":"default","site-content-layout":"","ast-site-content-layout":"default","site-content-style":"default","site-sidebar-style":"default","ast-global-header-display":"","ast-banner-title-visibility":"","ast-main-header-display":"","ast-hfb-above-header-display":"","ast-hfb-below-header-display":"","ast-hfb-mobile-header-display":"","site-post-title":"","ast-breadcrumbs-content":"","ast-featured-img":"","footer-sml-layout":"","ast-disable-related-posts":"","theme-transparent-header-meta":"","adv-header-id-meta":"","stick-header-meta":"","header-above-stick-meta":"","header-main-stick-meta":"","header-below-stick-meta":"","astra-migrate-meta-layouts":"default","ast-page-background-enabled":"default","ast-page-background-meta":{"desktop":{"background-color":"","background-image":"","background-repeat":"repeat","background-position":"center center","background-size":"auto","background-attachment":"scroll","background-type":"","background-media":"","overlay-type":"","overlay-color":"","overlay-opacity":"","overlay-gradient":""},"tablet":{"background-color":"","background-image":"","background-repeat":"repeat","background-position":"center center","background-size":"auto","background-attachment":"scroll","background-type":"","background-media":"","overlay-type":"","overlay-color":"","overlay-opacity":"","overlay-gradient":""},"mobile":{"background-color":"","background-image":"","background-repeat":"repeat","background-position":"center center","background-size":"auto","background-attachment":"scroll","background-type":"","background-media":"","overlay-type":"","overlay-color":"","overlay-opacity":"","overlay-gradient":""}},"ast-content-background-meta":{"desktop":{"background-color":"var(--ast-global-color-5)","background-image":"","background-repeat":"repeat","background-position":"center center","background-size":"auto","background-attachment":"scroll","background-type":"","background-media":"","overlay-type":"","overlay-color":"","overlay-opacity":"","overlay-gradient":""},"tablet":{"background-color":"var(--ast-global-color-5)","background-image":"","background-repeat":"repeat","background-position":"center center","background-size":"auto","background-attachment":"scroll","background-type":"","background-media":"","overlay-type":"","overlay-color":"","overlay-opacity":"","overlay-gradient":""},"mobile":{"background-color":"var(--ast-global-color-5)","background-image":"","background-repeat":"repeat","background-position":"center center","background-size":"auto","background-attachment":"scroll","background-type":"","background-media":"","overlay-type":"","overlay-color":"","overlay-opacity":"","overlay-gradient":""}}},"product_brand":[],"product_cat":[23],"product_tag":[],"class_list":{"0":"post-2548","1":"product","2":"type-product","3":"status-publish","4":"has-post-thumbnail","6":"product_cat-bok","7":"desktop-align-center","8":"tablet-align-center","9":"mobile-align-center","11":"first","12":"instock","13":"taxable","14":"shipping-taxable","15":"purchasable","16":"product-type-simple"},"aioseo_notices":[],"spectra_custom_meta":{"_regular_price":["150"],"total_sales":["15"],"_tax_status":["taxable"],"_tax_class":["6"],"_manage_stock":["no"],"_backorders":["no"],"_sold_individually":["no"],"_virtual":["no"],"_downloadable":["no"],"_download_limit":["-1"],"_download_expiry":["-1"],"_thumbnail_id":["1124"],"_stock":[""],"_stock_status":["instock"],"_wc_average_rating":["0"],"_wc_review_count":["0"],"_product_attributes":["a:2:{s:5:\"sidor\";a:6:{s:4:\"name\";s:5:\"Sidor\";s:5:\"value\";s:3:\"147\";s:8:\"position\";i:0;s:10:\"is_visible\";i:1;s:12:\"is_variation\";i:0;s:11:\"is_taxonomy\";i:0;}s:8:\"bindning\";a:6:{s:4:\"name\";s:8:\"Bindning\";s:5:\"value\";s:7:\"H\u00e4ftad\";s:8:\"position\";i:1;s:10:\"is_visible\";i:1;s:12:\"is_variation\";i:0;s:11:\"is_taxonomy\";i:0;}}"],"_product_version":["4.8.0"],"_price":["150"],"is_cornerstone":[""],"_yoast_wpseo_primary_product_cat":[""],"_yoast_wpseo_content_score":["60"],"_edit_last":["3"],"_weight":["349"],"fb_product_group_id":["3846695062016185"],"_edit_lock":["1637324993:3"],"_uag_page_assets":["a:9:{s:3:\"css\";s:0:\"\";s:2:\"js\";s:0:\"\";s:18:\"current_block_list\";a:5:{i:0;s:26:\"woocommerce\/product-search\";i:1;s:10:\"core\/group\";i:2;s:12:\"core\/heading\";i:3;s:27:\"woocommerce\/product-on-sale\";i:4;s:32:\"woocommerce\/product-best-sellers\";}s:8:\"uag_flag\";b:0;s:11:\"uag_version\";s:10:\"1775301941\";s:6:\"gfonts\";a:0:{}s:10:\"gfonts_url\";s:0:\"\";s:12:\"gfonts_files\";a:0:{}s:14:\"uag_faq_layout\";b:0;}"]},"uagb_featured_image_src":{"full":["https:\/\/smalsparet.com\/wp-content\/uploads\/2009\/01\/klj_kostajarnvag.jpg",492,700,false],"thumbnail":["https:\/\/smalsparet.com\/wp-content\/uploads\/2009\/01\/klj_kostajarnvag-150x150.jpg",150,150,true],"medium":["https:\/\/smalsparet.com\/wp-content\/uploads\/2009\/01\/klj_kostajarnvag-211x300.jpg",211,300,true],"medium_large":["https:\/\/smalsparet.com\/wp-content\/uploads\/2009\/01\/klj_kostajarnvag.jpg",492,700,false],"large":["https:\/\/smalsparet.com\/wp-content\/uploads\/2009\/01\/klj_kostajarnvag.jpg",492,700,false],"1536x1536":["https:\/\/smalsparet.com\/wp-content\/uploads\/2009\/01\/klj_kostajarnvag.jpg",492,700,false],"2048x2048":["https:\/\/smalsparet.com\/wp-content\/uploads\/2009\/01\/klj_kostajarnvag.jpg",492,700,false],"trp-custom-language-flag":["https:\/\/smalsparet.com\/wp-content\/uploads\/2009\/01\/klj_kostajarnvag.jpg",8,12,false],"woocommerce_thumbnail":["https:\/\/smalsparet.com\/wp-content\/uploads\/2009\/01\/klj_kostajarnvag-300x300.jpg",300,300,true],"woocommerce_single":["https:\/\/smalsparet.com\/wp-content\/uploads\/2009\/01\/klj_kostajarnvag.jpg",492,700,false],"woocommerce_gallery_thumbnail":["https:\/\/smalsparet.com\/wp-content\/uploads\/2009\/01\/klj_kostajarnvag-100x100.jpg",100,100,true],"awb_sm":["https:\/\/smalsparet.com\/wp-content\/uploads\/2009\/01\/klj_kostajarnvag.jpg",492,700,false],"awb_md":["https:\/\/smalsparet.com\/wp-content\/uploads\/2009\/01\/klj_kostajarnvag.jpg",492,700,false],"awb_lg":["https:\/\/smalsparet.com\/wp-content\/uploads\/2009\/01\/klj_kostajarnvag.jpg",492,700,false],"awb_xl":["https:\/\/smalsparet.com\/wp-content\/uploads\/2009\/01\/klj_kostajarnvag.jpg",492,700,false]},"uagb_author_info":{"display_name":"Olaf","author_link":"https:\/\/smalsparet.com\/de\/author\/"},"uagb_comment_info":0,"uagb_excerpt":"Boken handlar om Kosta Glasbruk, den lilla smalsp\u00e5riga j\u00e4rnv\u00e4gens tillkomst och utveckling samt forts\u00e4ttningen till M\u00e5ler\u00e5s liksom alla sv\u00e5righeter. Det ber\u00e4ttas om Hummels Jernv\u00e4gsbyr\u00e5 och om Kosta Gjuteri &amp; Mekaniska Verkstad och dess produktion. \u00c4ven Lessebo bruks smalsp\u00e5r kommer med p\u00e5 ett h\u00f6rn. Sp\u00e4nnande ber\u00e4ttelser och fakta om n\u00e4r banan byggdes och personalf\u00f6rteckningar, \u00e4r det&hellip;","_links":{"self":[{"href":"https:\/\/smalsparet.com\/de\/wp-json\/wp\/v2\/product\/2548","targetHints":{"allow":["GET"]}}],"collection":[{"href":"https:\/\/smalsparet.com\/de\/wp-json\/wp\/v2\/product"}],"about":[{"href":"https:\/\/smalsparet.com\/de\/wp-json\/wp\/v2\/types\/product"}],"replies":[{"embeddable":true,"href":"https:\/\/smalsparet.com\/de\/wp-json\/wp\/v2\/comments?post=2548"}],"wp:featuredmedia":[{"embeddable":true,"href":"https:\/\/smalsparet.com\/de\/wp-json\/wp\/v2\/media\/1124"}],"wp:attachment":[{"href":"https:\/\/smalsparet.com\/de\/wp-json\/wp\/v2\/media?parent=2548"}],"wp:term":[{"taxonomy":"product_brand","embeddable":true,"href":"https:\/\/smalsparet.com\/de\/wp-json\/wp\/v2\/product_brand?post=2548"},{"taxonomy":"product_cat","embeddable":true,"href":"https:\/\/smalsparet.com\/de\/wp-json\/wp\/v2\/product_cat?post=2548"},{"taxonomy":"product_tag","embeddable":true,"href":"https:\/\/smalsparet.com\/de\/wp-json\/wp\/v2\/product_tag?post=2548"}],"curies":[{"name":"wp","href":"https:\/\/api.w.org\/{rel}","templated":true}]}}