{"id":1470,"date":"2018-04-12T19:56:11","date_gmt":"2018-04-12T19:56:11","guid":{"rendered":"https:\/\/nya.smalsparet.com\/produkt\/pressbyrakiosken-som-kom-tillbaka-pressbyrans-historia-virserum\/"},"modified":"2022-11-16T13:49:47","modified_gmt":"2022-11-16T13:49:47","slug":"pressbyrakiosken-som-kom-tillbaka-pressbyrans-historia-virserum","status":"publish","type":"product","link":"https:\/\/smalsparet.com\/de\/produkt\/pressbyrakiosken-som-kom-tillbaka-pressbyrans-historia-virserum\/","title":{"rendered":"Der Kiosk der Presseagentur, der zur\u00fcckkam - die Geschichte der Presseagentur im Virserum"},"content":{"rendered":"<p>Das Buch f\u00fcr alle, die sich f\u00fcr Nostalgie und die Geschichte von Virserum interessieren. Das Buch erz\u00e4hlt die erstaunliche Geschichte eines kleinen Kiosks in Pressbyr\u00e5, der geschlossen wird und verschwindet, nur um 50 Jahre sp\u00e4ter durch ein verr\u00fccktes Projekt wieder aufzutauchen! Lesen Sie \u00fcber die Frauen, die in dem Kiosk arbeiteten, die \"Kioskfabrik\" in V\u00e4rmland und vieles mehr! Das Buch ist voller einzigartiger Bilder und R\u00fcckblicke, ein perfektes Geschenk f\u00fcr Sie selbst oder jemand anderen!<\/p>","protected":false},"excerpt":{"rendered":"<p>Boken fo\u0308r alla som a\u0308r intresserade av nostalgi och Virserums historia. Boken ber\u00e4ttar den fantastiska historien om en liten Pressbyra\u030akiosk som la\u0308ggs ner och fo\u0308rsvinner, fo\u0308r att 50 a\u030ar senare komma tillbaka genom ett vansinnigt projekt! La\u0308s a\u0308ven om damer som arbetat i kiosken, \u201ckioskfabriken\u201d i Va\u0308rmland och mycket mera! Boken a\u0308r fylld med unika [&hellip;]<\/p>\n","protected":false},"featured_media":7639,"comment_status":"closed","ping_status":"closed","template":"","meta":{"om_disable_all_campaigns":false,"_uag_custom_page_level_css":"","_monsterinsights_skip_tracking":false,"_monsterinsights_sitenote_active":false,"_monsterinsights_sitenote_note":"","_monsterinsights_sitenote_category":0,"site-sidebar-layout":"default","site-content-layout":"default","ast-site-content-layout":"default","site-content-style":"default","site-sidebar-style":"default","ast-global-header-display":"","ast-banner-title-visibility":"","ast-main-header-display":"","ast-hfb-above-header-display":"","ast-hfb-below-header-display":"","ast-hfb-mobile-header-display":"","site-post-title":"","ast-breadcrumbs-content":"","ast-featured-img":"","footer-sml-layout":"","ast-disable-related-posts":"","theme-transparent-header-meta":"default","adv-header-id-meta":"","stick-header-meta":"","header-above-stick-meta":"","header-main-stick-meta":"","header-below-stick-meta":"","astra-migrate-meta-layouts":"default","ast-page-background-enabled":"default","ast-page-background-meta":{"desktop":{"background-color":"","background-image":"","background-repeat":"repeat","background-position":"center center","background-size":"auto","background-attachment":"scroll","background-type":"","background-media":"","overlay-type":"","overlay-color":"","overlay-opacity":"","overlay-gradient":""},"tablet":{"background-color":"","background-image":"","background-repeat":"repeat","background-position":"center center","background-size":"auto","background-attachment":"scroll","background-type":"","background-media":"","overlay-type":"","overlay-color":"","overlay-opacity":"","overlay-gradient":""},"mobile":{"background-color":"","background-image":"","background-repeat":"repeat","background-position":"center center","background-size":"auto","background-attachment":"scroll","background-type":"","background-media":"","overlay-type":"","overlay-color":"","overlay-opacity":"","overlay-gradient":""}},"ast-content-background-meta":{"desktop":{"background-color":"var(--ast-global-color-5)","background-image":"","background-repeat":"repeat","background-position":"center center","background-size":"auto","background-attachment":"scroll","background-type":"","background-media":"","overlay-type":"","overlay-color":"","overlay-opacity":"","overlay-gradient":""},"tablet":{"background-color":"var(--ast-global-color-5)","background-image":"","background-repeat":"repeat","background-position":"center center","background-size":"auto","background-attachment":"scroll","background-type":"","background-media":"","overlay-type":"","overlay-color":"","overlay-opacity":"","overlay-gradient":""},"mobile":{"background-color":"var(--ast-global-color-5)","background-image":"","background-repeat":"repeat","background-position":"center center","background-size":"auto","background-attachment":"scroll","background-type":"","background-media":"","overlay-type":"","overlay-color":"","overlay-opacity":"","overlay-gradient":""}}},"product_brand":[],"product_cat":[23],"product_tag":[],"class_list":{"0":"post-1470","1":"product","2":"type-product","3":"status-publish","4":"has-post-thumbnail","6":"product_cat-bok","7":"desktop-align-center","8":"tablet-align-center","9":"mobile-align-center","11":"first","12":"instock","13":"taxable","14":"shipping-taxable","15":"purchasable","16":"product-type-simple"},"aioseo_notices":[],"spectra_custom_meta":{"is_cornerstone":[""],"_wc_review_count":["0"],"_wc_rating_count":["a:0:{}"],"_wc_average_rating":["0"],"_edit_last":["3"],"_sku":[""],"_regular_price":["95"],"total_sales":["10"],"_tax_status":["taxable"],"_tax_class":["6"],"_manage_stock":["no"],"_backorders":["no"],"_sold_individually":["no"],"_weight":["165"],"_length":[""],"_width":[""],"_height":[""],"_upsell_ids":["a:0:{}"],"_crosssell_ids":["a:0:{}"],"_purchase_note":[""],"_default_attributes":["a:0:{}"],"_virtual":["no"],"_downloadable":["no"],"_product_image_gallery":[""],"_download_limit":["-1"],"_download_expiry":["-1"],"_stock":[null],"_stock_status":["instock"],"_product_attributes":["a:2:{s:5:\"sidor\";a:6:{s:4:\"name\";s:5:\"Sidor\";s:5:\"value\";s:2:\"67\";s:8:\"position\";i:0;s:10:\"is_visible\";i:1;s:12:\"is_variation\";i:0;s:11:\"is_taxonomy\";i:0;}s:8:\"bindning\";a:6:{s:4:\"name\";s:8:\"Bindning\";s:5:\"value\";s:9:\"Limbunden\";s:8:\"position\";i:1;s:10:\"is_visible\";i:1;s:12:\"is_variation\";i:0;s:11:\"is_taxonomy\";i:0;}}"],"_product_version":["6.6.1"],"_price":["95"],"_thumbnail_id":["7639"],"_yoast_wpseo_primary_product_cat":[""],"_yoast_wpseo_content_score":["60"],"_edit_lock":["1726230849:3"],"_genesis_title":["Pressbyr\u00e5kiosken som kom tillbaka"],"_primary_term_product_cat":["23"],"site-sidebar-layout":["default"],"site-content-layout":["default"],"theme-transparent-header-meta":["default"],"fb_product_item_id":["3664342316991483"],"_uag_page_assets":["a:9:{s:3:\"css\";s:0:\"\";s:2:\"js\";s:0:\"\";s:18:\"current_block_list\";a:5:{i:0;s:26:\"woocommerce\/product-search\";i:1;s:10:\"core\/group\";i:2;s:12:\"core\/heading\";i:3;s:27:\"woocommerce\/product-on-sale\";i:4;s:32:\"woocommerce\/product-best-sellers\";}s:8:\"uag_flag\";b:0;s:11:\"uag_version\";s:10:\"1775301941\";s:6:\"gfonts\";a:0:{}s:10:\"gfonts_url\";s:0:\"\";s:12:\"gfonts_files\";a:0:{}s:14:\"uag_faq_layout\";b:0;}"]},"uagb_featured_image_src":{"full":["https:\/\/smalsparet.com\/wp-content\/uploads\/2018\/04\/white-pressbyraboken-1092x1536-1.png",1576,1576,false],"thumbnail":["https:\/\/smalsparet.com\/wp-content\/uploads\/2018\/04\/white-pressbyraboken-1092x1536-1-150x150.png",150,150,true],"medium":["https:\/\/smalsparet.com\/wp-content\/uploads\/2018\/04\/white-pressbyraboken-1092x1536-1-300x300.png",300,300,true],"medium_large":["https:\/\/smalsparet.com\/wp-content\/uploads\/2018\/04\/white-pressbyraboken-1092x1536-1-768x768.png",768,768,true],"large":["https:\/\/smalsparet.com\/wp-content\/uploads\/2018\/04\/white-pressbyraboken-1092x1536-1-1024x1024.png",1024,1024,true],"1536x1536":["https:\/\/smalsparet.com\/wp-content\/uploads\/2018\/04\/white-pressbyraboken-1092x1536-1-1536x1536.png",1536,1536,true],"2048x2048":["https:\/\/smalsparet.com\/wp-content\/uploads\/2018\/04\/white-pressbyraboken-1092x1536-1.png",1576,1576,false],"trp-custom-language-flag":["https:\/\/smalsparet.com\/wp-content\/uploads\/2018\/04\/white-pressbyraboken-1092x1536-1-12x12.png",12,12,true],"woocommerce_thumbnail":["https:\/\/smalsparet.com\/wp-content\/uploads\/2018\/04\/white-pressbyraboken-1092x1536-1-300x300.png",300,300,true],"woocommerce_single":["https:\/\/smalsparet.com\/wp-content\/uploads\/2018\/04\/white-pressbyraboken-1092x1536-1-600x600.png",600,600,true],"woocommerce_gallery_thumbnail":["https:\/\/smalsparet.com\/wp-content\/uploads\/2018\/04\/white-pressbyraboken-1092x1536-1-100x100.png",100,100,true],"awb_sm":["https:\/\/smalsparet.com\/wp-content\/uploads\/2018\/04\/white-pressbyraboken-1092x1536-1.png",500,500,false],"awb_md":["https:\/\/smalsparet.com\/wp-content\/uploads\/2018\/04\/white-pressbyraboken-1092x1536-1.png",800,800,false],"awb_lg":["https:\/\/smalsparet.com\/wp-content\/uploads\/2018\/04\/white-pressbyraboken-1092x1536-1.png",1280,1280,false],"awb_xl":["https:\/\/smalsparet.com\/wp-content\/uploads\/2018\/04\/white-pressbyraboken-1092x1536-1.png",1576,1576,false]},"uagb_author_info":{"display_name":"Olaf","author_link":"https:\/\/smalsparet.com\/de\/author\/"},"uagb_comment_info":0,"uagb_excerpt":"Boken fo\u0308r alla som a\u0308r intresserade av nostalgi och Virserums historia. Boken ber\u00e4ttar den fantastiska historien om en liten Pressbyra\u030akiosk som la\u0308ggs ner och fo\u0308rsvinner, fo\u0308r att 50 a\u030ar senare komma tillbaka genom ett vansinnigt projekt! La\u0308s a\u0308ven om damer som arbetat i kiosken, \u201ckioskfabriken\u201d i Va\u0308rmland och mycket mera! Boken a\u0308r fylld med unika&hellip;","_links":{"self":[{"href":"https:\/\/smalsparet.com\/de\/wp-json\/wp\/v2\/product\/1470","targetHints":{"allow":["GET"]}}],"collection":[{"href":"https:\/\/smalsparet.com\/de\/wp-json\/wp\/v2\/product"}],"about":[{"href":"https:\/\/smalsparet.com\/de\/wp-json\/wp\/v2\/types\/product"}],"replies":[{"embeddable":true,"href":"https:\/\/smalsparet.com\/de\/wp-json\/wp\/v2\/comments?post=1470"}],"wp:featuredmedia":[{"embeddable":true,"href":"https:\/\/smalsparet.com\/de\/wp-json\/wp\/v2\/media\/7639"}],"wp:attachment":[{"href":"https:\/\/smalsparet.com\/de\/wp-json\/wp\/v2\/media?parent=1470"}],"wp:term":[{"taxonomy":"product_brand","embeddable":true,"href":"https:\/\/smalsparet.com\/de\/wp-json\/wp\/v2\/product_brand?post=1470"},{"taxonomy":"product_cat","embeddable":true,"href":"https:\/\/smalsparet.com\/de\/wp-json\/wp\/v2\/product_cat?post=1470"},{"taxonomy":"product_tag","embeddable":true,"href":"https:\/\/smalsparet.com\/de\/wp-json\/wp\/v2\/product_tag?post=1470"}],"curies":[{"name":"wp","href":"https:\/\/api.w.org\/{rel}","templated":true}]}}