{"id":4705,"date":"2021-03-29T09:47:22","date_gmt":"2021-03-29T09:47:22","guid":{"rendered":"https:\/\/smalsparet.com\/?page_id=4705"},"modified":"2021-03-29T12:51:53","modified_gmt":"2021-03-29T12:51:53","slug":"en-dag-smalsparet-i-aseda-augusti-1989","status":"publish","type":"page","link":"https:\/\/smalsparet.com\/de\/om-smalsparet\/en-dag-smalsparet-i-aseda-augusti-1989\/","title":{"rendered":"Ein Tag auf der Schmalspurbahn in \u00c5seda, August 1989"},"content":{"rendered":"<p>Eine Bildergalerie mit Bildern aus dem Sp\u00e4tsommer 1989. Die Bilder wurden in \u00c5seda aufgenommen und zeigen den von der VHVJ betriebenen Verkehr, hier 5 Jahre nach der Schlie\u00dfung von SJ. Dank an <a href=\"http:\/\/www.panoramio.com\/user\/736021\">Voltadino<\/a> f\u00fcr die Erlaubnis zur Ver\u00f6ffentlichung dieser sch\u00f6nen Fotos.<\/p>\n\n\n\n<figure class=\"wp-block-gallery columns-3 is-cropped wp-block-gallery-1 is-layout-flex wp-block-gallery-is-layout-flex\"><ul class=\"blocks-gallery-grid\"><li class=\"blocks-gallery-item\"><figure><a href=\"https:\/\/smalsparet.com\/wp-content\/uploads\/2016\/03\/55443097.jpg\"><img loading=\"lazy\" decoding=\"async\" width=\"1024\" height=\"716\" src=\"https:\/\/smalsparet.com\/wp-content\/uploads\/2016\/03\/55443097.jpg\" alt=\"Bang\u00e5rden och stationen i \u00c5seda\" data-id=\"839\" data-full-url=\"https:\/\/smalsparet.com\/wp-content\/uploads\/2016\/03\/55443097.jpg\" data-link=\"https:\/\/smalsparet.com\/55443097\/\" class=\"wp-image-839\" srcset=\"https:\/\/smalsparet.com\/wp-content\/uploads\/2016\/03\/55443097.jpg 1024w, https:\/\/smalsparet.com\/wp-content\/uploads\/2016\/03\/55443097-300x210.jpg 300w, https:\/\/smalsparet.com\/wp-content\/uploads\/2016\/03\/55443097-768x537.jpg 768w, https:\/\/smalsparet.com\/wp-content\/uploads\/2016\/03\/55443097-600x420.jpg 600w\" sizes=\"auto, (max-width: 1024px) 100vw, 1024px\" \/><\/a><\/figure><\/li><li class=\"blocks-gallery-item\"><figure><a href=\"https:\/\/smalsparet.com\/wp-content\/uploads\/2016\/03\/55443047.jpg\"><img loading=\"lazy\" decoding=\"async\" width=\"1024\" height=\"716\" src=\"https:\/\/smalsparet.com\/wp-content\/uploads\/2016\/03\/55443047.jpg\" alt=\"Bang\u00e5rden och stationen i \u00c5seda\" data-id=\"838\" data-full-url=\"https:\/\/smalsparet.com\/wp-content\/uploads\/2016\/03\/55443047.jpg\" data-link=\"https:\/\/smalsparet.com\/55443047\/\" class=\"wp-image-838\" srcset=\"https:\/\/smalsparet.com\/wp-content\/uploads\/2016\/03\/55443047.jpg 1024w, https:\/\/smalsparet.com\/wp-content\/uploads\/2016\/03\/55443047-300x210.jpg 300w, https:\/\/smalsparet.com\/wp-content\/uploads\/2016\/03\/55443047-768x537.jpg 768w, https:\/\/smalsparet.com\/wp-content\/uploads\/2016\/03\/55443047-600x420.jpg 600w\" sizes=\"auto, (max-width: 1024px) 100vw, 1024px\" \/><\/a><\/figure><\/li><li class=\"blocks-gallery-item\"><figure><a href=\"https:\/\/smalsparet.com\/wp-content\/uploads\/2016\/03\/55442925.jpg\"><img loading=\"lazy\" decoding=\"async\" width=\"1024\" height=\"716\" src=\"https:\/\/smalsparet.com\/wp-content\/uploads\/2016\/03\/55442925.jpg\" alt=\"Bang\u00e5rden och stationen i \u00c5seda\" data-id=\"836\" data-full-url=\"https:\/\/smalsparet.com\/wp-content\/uploads\/2016\/03\/55442925.jpg\" data-link=\"https:\/\/smalsparet.com\/55442925\/\" class=\"wp-image-836\" srcset=\"https:\/\/smalsparet.com\/wp-content\/uploads\/2016\/03\/55442925.jpg 1024w, https:\/\/smalsparet.com\/wp-content\/uploads\/2016\/03\/55442925-300x210.jpg 300w, https:\/\/smalsparet.com\/wp-content\/uploads\/2016\/03\/55442925-768x537.jpg 768w, https:\/\/smalsparet.com\/wp-content\/uploads\/2016\/03\/55442925-600x420.jpg 600w\" sizes=\"auto, (max-width: 1024px) 100vw, 1024px\" \/><\/a><\/figure><\/li><li class=\"blocks-gallery-item\"><figure><a href=\"https:\/\/smalsparet.com\/wp-content\/uploads\/2016\/03\/55442867.jpg\"><img loading=\"lazy\" decoding=\"async\" width=\"1024\" height=\"716\" src=\"https:\/\/smalsparet.com\/wp-content\/uploads\/2016\/03\/55442867.jpg\" alt=\"Kexalidens j\u00e4rnv\u00e4gs\u00f6verg\u00e5ng, numera cykelv\u00e4g\" data-id=\"835\" data-full-url=\"https:\/\/smalsparet.com\/wp-content\/uploads\/2016\/03\/55442867.jpg\" data-link=\"https:\/\/smalsparet.com\/55442867\/\" class=\"wp-image-835\" srcset=\"https:\/\/smalsparet.com\/wp-content\/uploads\/2016\/03\/55442867.jpg 1024w, https:\/\/smalsparet.com\/wp-content\/uploads\/2016\/03\/55442867-300x210.jpg 300w, https:\/\/smalsparet.com\/wp-content\/uploads\/2016\/03\/55442867-768x537.jpg 768w, https:\/\/smalsparet.com\/wp-content\/uploads\/2016\/03\/55442867-600x420.jpg 600w\" sizes=\"auto, (max-width: 1024px) 100vw, 1024px\" \/><\/a><\/figure><\/li><li class=\"blocks-gallery-item\"><figure><a href=\"https:\/\/smalsparet.com\/wp-content\/uploads\/2016\/03\/55442712.jpg\"><img loading=\"lazy\" decoding=\"async\" width=\"1024\" height=\"715\" src=\"https:\/\/smalsparet.com\/wp-content\/uploads\/2016\/03\/55442712.jpg\" alt=\"Kexaliden och stationen i bakgrunden\" data-id=\"833\" data-full-url=\"https:\/\/smalsparet.com\/wp-content\/uploads\/2016\/03\/55442712.jpg\" data-link=\"https:\/\/smalsparet.com\/55442712\/\" class=\"wp-image-833\" srcset=\"https:\/\/smalsparet.com\/wp-content\/uploads\/2016\/03\/55442712.jpg 1024w, https:\/\/smalsparet.com\/wp-content\/uploads\/2016\/03\/55442712-300x209.jpg 300w, https:\/\/smalsparet.com\/wp-content\/uploads\/2016\/03\/55442712-768x536.jpg 768w, https:\/\/smalsparet.com\/wp-content\/uploads\/2016\/03\/55442712-600x419.jpg 600w\" sizes=\"auto, (max-width: 1024px) 100vw, 1024px\" \/><\/a><\/figure><\/li><li class=\"blocks-gallery-item\"><figure><a href=\"https:\/\/smalsparet.com\/wp-content\/uploads\/2016\/03\/55442701.jpg\"><img loading=\"lazy\" decoding=\"async\" width=\"1024\" height=\"716\" src=\"https:\/\/smalsparet.com\/wp-content\/uploads\/2016\/03\/55442701.jpg\" alt=\"R\u00e4lsbuss vid sp\u00e5rkorset i \u00c5seda\" data-id=\"832\" data-full-url=\"https:\/\/smalsparet.com\/wp-content\/uploads\/2016\/03\/55442701.jpg\" data-link=\"https:\/\/smalsparet.com\/55442701\/\" class=\"wp-image-832\" srcset=\"https:\/\/smalsparet.com\/wp-content\/uploads\/2016\/03\/55442701.jpg 1024w, https:\/\/smalsparet.com\/wp-content\/uploads\/2016\/03\/55442701-300x210.jpg 300w, https:\/\/smalsparet.com\/wp-content\/uploads\/2016\/03\/55442701-768x537.jpg 768w, https:\/\/smalsparet.com\/wp-content\/uploads\/2016\/03\/55442701-600x420.jpg 600w\" sizes=\"auto, (max-width: 1024px) 100vw, 1024px\" \/><\/a><\/figure><\/li><li class=\"blocks-gallery-item\"><figure><a href=\"https:\/\/smalsparet.com\/wp-content\/uploads\/2016\/03\/55442648.jpg\"><img loading=\"lazy\" decoding=\"async\" width=\"716\" height=\"1024\" src=\"https:\/\/smalsparet.com\/wp-content\/uploads\/2016\/03\/55442648.jpg\" alt=\"R\u00e4lsbuss vid sp\u00e5rkorset i \u00c5seda\" data-id=\"831\" data-full-url=\"https:\/\/smalsparet.com\/wp-content\/uploads\/2016\/03\/55442648.jpg\" data-link=\"https:\/\/smalsparet.com\/55442648\/\" class=\"wp-image-831\" srcset=\"https:\/\/smalsparet.com\/wp-content\/uploads\/2016\/03\/55442648.jpg 716w, https:\/\/smalsparet.com\/wp-content\/uploads\/2016\/03\/55442648-210x300.jpg 210w, https:\/\/smalsparet.com\/wp-content\/uploads\/2016\/03\/55442648-600x858.jpg 600w\" sizes=\"auto, (max-width: 716px) 100vw, 716px\" \/><\/a><\/figure><\/li><li class=\"blocks-gallery-item\"><figure><a href=\"https:\/\/smalsparet.com\/wp-content\/uploads\/2016\/03\/55442636.jpg\"><img loading=\"lazy\" decoding=\"async\" width=\"717\" height=\"1024\" src=\"https:\/\/smalsparet.com\/wp-content\/uploads\/2016\/03\/55442636.jpg\" alt=\"R\u00e4lsbuss p\u00e5 v\u00e4g mot V\u00e4xj\u00f6, sp\u00e5rkorset i f\u00f6rgrunden\" data-id=\"830\" data-full-url=\"https:\/\/smalsparet.com\/wp-content\/uploads\/2016\/03\/55442636.jpg\" data-link=\"https:\/\/smalsparet.com\/55442636\/\" class=\"wp-image-830\" srcset=\"https:\/\/smalsparet.com\/wp-content\/uploads\/2016\/03\/55442636.jpg 717w, https:\/\/smalsparet.com\/wp-content\/uploads\/2016\/03\/55442636-210x300.jpg 210w, https:\/\/smalsparet.com\/wp-content\/uploads\/2016\/03\/55442636-600x857.jpg 600w\" sizes=\"auto, (max-width: 717px) 100vw, 717px\" \/><\/a><\/figure><\/li><li class=\"blocks-gallery-item\"><figure><a href=\"https:\/\/smalsparet.com\/wp-content\/uploads\/2016\/03\/55442624.jpg\"><img loading=\"lazy\" decoding=\"async\" width=\"1024\" height=\"716\" src=\"https:\/\/smalsparet.com\/wp-content\/uploads\/2016\/03\/55442624.jpg\" alt=\"Infarten s\u00f6derifr\u00e5n\" data-id=\"829\" data-full-url=\"https:\/\/smalsparet.com\/wp-content\/uploads\/2016\/03\/55442624.jpg\" data-link=\"https:\/\/smalsparet.com\/55442624\/\" class=\"wp-image-829\" srcset=\"https:\/\/smalsparet.com\/wp-content\/uploads\/2016\/03\/55442624.jpg 1024w, https:\/\/smalsparet.com\/wp-content\/uploads\/2016\/03\/55442624-300x210.jpg 300w, https:\/\/smalsparet.com\/wp-content\/uploads\/2016\/03\/55442624-768x537.jpg 768w, https:\/\/smalsparet.com\/wp-content\/uploads\/2016\/03\/55442624-600x420.jpg 600w\" sizes=\"auto, (max-width: 1024px) 100vw, 1024px\" \/><\/a><\/figure><\/li><li class=\"blocks-gallery-item\"><figure><a href=\"https:\/\/smalsparet.com\/wp-content\/uploads\/2016\/03\/55442552.jpg\"><img loading=\"lazy\" decoding=\"async\" width=\"1024\" height=\"716\" src=\"https:\/\/smalsparet.com\/wp-content\/uploads\/2016\/03\/55442552.jpg\" alt=\"R\u00e4lsbusst\u00e5g vid plattform i \u00c5seda\" data-id=\"827\" data-full-url=\"https:\/\/smalsparet.com\/wp-content\/uploads\/2016\/03\/55442552.jpg\" data-link=\"https:\/\/smalsparet.com\/55442552\/\" class=\"wp-image-827\" srcset=\"https:\/\/smalsparet.com\/wp-content\/uploads\/2016\/03\/55442552.jpg 1024w, https:\/\/smalsparet.com\/wp-content\/uploads\/2016\/03\/55442552-300x210.jpg 300w, https:\/\/smalsparet.com\/wp-content\/uploads\/2016\/03\/55442552-768x537.jpg 768w, https:\/\/smalsparet.com\/wp-content\/uploads\/2016\/03\/55442552-600x420.jpg 600w\" sizes=\"auto, (max-width: 1024px) 100vw, 1024px\" \/><\/a><\/figure><\/li><li class=\"blocks-gallery-item\"><figure><a href=\"https:\/\/smalsparet.com\/wp-content\/uploads\/2016\/03\/55442513.jpg\"><img loading=\"lazy\" decoding=\"async\" width=\"1024\" height=\"716\" src=\"https:\/\/smalsparet.com\/wp-content\/uploads\/2016\/03\/55442513.jpg\" alt=\"Infart \u00f6sterifr\u00e5n, j\u00e4rnv\u00e4gsgatan\" data-id=\"826\" data-full-url=\"https:\/\/smalsparet.com\/wp-content\/uploads\/2016\/03\/55442513.jpg\" data-link=\"https:\/\/smalsparet.com\/55442513\/\" class=\"wp-image-826\" srcset=\"https:\/\/smalsparet.com\/wp-content\/uploads\/2016\/03\/55442513.jpg 1024w, https:\/\/smalsparet.com\/wp-content\/uploads\/2016\/03\/55442513-300x210.jpg 300w, https:\/\/smalsparet.com\/wp-content\/uploads\/2016\/03\/55442513-768x537.jpg 768w, https:\/\/smalsparet.com\/wp-content\/uploads\/2016\/03\/55442513-600x420.jpg 600w\" sizes=\"auto, (max-width: 1024px) 100vw, 1024px\" \/><\/a><\/figure><\/li><li class=\"blocks-gallery-item\"><figure><a href=\"https:\/\/smalsparet.com\/wp-content\/uploads\/2016\/03\/55442481.jpg\"><img loading=\"lazy\" decoding=\"async\" width=\"1024\" height=\"716\" src=\"https:\/\/smalsparet.com\/wp-content\/uploads\/2016\/03\/55442481.jpg\" alt=\"Infart \u00f6sterifr\u00e5n, j\u00e4rnv\u00e4gsgatan\" data-id=\"825\" data-full-url=\"https:\/\/smalsparet.com\/wp-content\/uploads\/2016\/03\/55442481.jpg\" data-link=\"https:\/\/smalsparet.com\/55442481\/\" class=\"wp-image-825\" srcset=\"https:\/\/smalsparet.com\/wp-content\/uploads\/2016\/03\/55442481.jpg 1024w, https:\/\/smalsparet.com\/wp-content\/uploads\/2016\/03\/55442481-300x210.jpg 300w, https:\/\/smalsparet.com\/wp-content\/uploads\/2016\/03\/55442481-768x537.jpg 768w, https:\/\/smalsparet.com\/wp-content\/uploads\/2016\/03\/55442481-600x420.jpg 600w\" sizes=\"auto, (max-width: 1024px) 100vw, 1024px\" \/><\/a><\/figure><\/li><\/ul><\/figure>\n\n\n\n<p><\/p>","protected":false},"excerpt":{"rendered":"<p>Eine Bildergalerie mit Bildern aus dem Sp\u00e4tsommer 1989. Die Bilder wurden in \u00c5seda aufgenommen und zeigen den von VHVJ betriebenen Verkehr, hier 5 Jahre nach der Schlie\u00dfung von SJ. Vielen Dank an Voltadino f\u00fcr die Erlaubnis, diese sch\u00f6nen Bilder zu ver\u00f6ffentlichen.<\/p>","protected":false},"author":3,"featured_media":0,"parent":3612,"menu_order":0,"comment_status":"closed","ping_status":"closed","template":"","meta":{"om_disable_all_campaigns":false,"_uag_custom_page_level_css":"","_monsterinsights_skip_tracking":false,"_monsterinsights_sitenote_active":false,"_monsterinsights_sitenote_note":"","_monsterinsights_sitenote_category":0,"site-sidebar-layout":"default","site-content-layout":"default","ast-site-content-layout":"default","site-content-style":"default","site-sidebar-style":"default","ast-global-header-display":"","ast-banner-title-visibility":"","ast-main-header-display":"","ast-hfb-above-header-display":"","ast-hfb-below-header-display":"","ast-hfb-mobile-header-display":"","site-post-title":"","ast-breadcrumbs-content":"","ast-featured-img":"","footer-sml-layout":"","ast-disable-related-posts":"","theme-transparent-header-meta":"default","adv-header-id-meta":"","stick-header-meta":"","header-above-stick-meta":"","header-main-stick-meta":"","header-below-stick-meta":"","astra-migrate-meta-layouts":"default","ast-page-background-enabled":"default","ast-page-background-meta":{"desktop":{"background-color":"","background-image":"","background-repeat":"repeat","background-position":"center center","background-size":"auto","background-attachment":"scroll","background-type":"","background-media":"","overlay-type":"","overlay-color":"","overlay-opacity":"","overlay-gradient":""},"tablet":{"background-color":"","background-image":"","background-repeat":"repeat","background-position":"center center","background-size":"auto","background-attachment":"scroll","background-type":"","background-media":"","overlay-type":"","overlay-color":"","overlay-opacity":"","overlay-gradient":""},"mobile":{"background-color":"","background-image":"","background-repeat":"repeat","background-position":"center center","background-size":"auto","background-attachment":"scroll","background-type":"","background-media":"","overlay-type":"","overlay-color":"","overlay-opacity":"","overlay-gradient":""}},"ast-content-background-meta":{"desktop":{"background-color":"var(--ast-global-color-5)","background-image":"","background-repeat":"repeat","background-position":"center center","background-size":"auto","background-attachment":"scroll","background-type":"","background-media":"","overlay-type":"","overlay-color":"","overlay-opacity":"","overlay-gradient":""},"tablet":{"background-color":"var(--ast-global-color-5)","background-image":"","background-repeat":"repeat","background-position":"center center","background-size":"auto","background-attachment":"scroll","background-type":"","background-media":"","overlay-type":"","overlay-color":"","overlay-opacity":"","overlay-gradient":""},"mobile":{"background-color":"var(--ast-global-color-5)","background-image":"","background-repeat":"repeat","background-position":"center center","background-size":"auto","background-attachment":"scroll","background-type":"","background-media":"","overlay-type":"","overlay-color":"","overlay-opacity":"","overlay-gradient":""}},"footnotes":""},"class_list":["post-4705","page","type-page","status-publish","hentry"],"aioseo_notices":[],"spectra_custom_meta":{"_edit_lock":["1617022314:3"],"_edit_last":["3"],"site-sidebar-layout":["default"],"site-content-layout":["default"],"theme-transparent-header-meta":["default"],"_uag_page_assets":["a:9:{s:3:\"css\";s:0:\"\";s:2:\"js\";s:0:\"\";s:18:\"current_block_list\";a:7:{i:0;s:14:\"core\/paragraph\";i:1;s:12:\"core\/gallery\";i:2;s:26:\"woocommerce\/product-search\";i:3;s:10:\"core\/group\";i:4;s:12:\"core\/heading\";i:5;s:27:\"woocommerce\/product-on-sale\";i:6;s:32:\"woocommerce\/product-best-sellers\";}s:8:\"uag_flag\";b:0;s:11:\"uag_version\";s:10:\"1777463016\";s:6:\"gfonts\";a:0:{}s:10:\"gfonts_url\";s:0:\"\";s:12:\"gfonts_files\";a:0:{}s:14:\"uag_faq_layout\";b:0;}"]},"uagb_featured_image_src":{"full":false,"thumbnail":false,"medium":false,"medium_large":false,"large":false,"1536x1536":false,"2048x2048":false,"trp-custom-language-flag":false,"woocommerce_thumbnail":false,"woocommerce_single":false,"woocommerce_gallery_thumbnail":false,"awb_sm":false,"awb_md":false,"awb_lg":false,"awb_xl":false},"uagb_author_info":{"display_name":"Olaf","author_link":"https:\/\/smalsparet.com\/de\/author\/olalid\/"},"uagb_comment_info":0,"uagb_excerpt":"Ett bildgalleri med bilder fr\u00e5n sensommaren 1989. Bilderna \u00e4r tagna i \u00c5seda och visar trafiken som bedrevs av VHVJ, h\u00e4r 5 \u00e5r efter SJ:s nedl\u00e4ggning. Tack till Voltadino f\u00f6r till\u00e5telse att publicera de h\u00e4r vackra bilderna.","_links":{"self":[{"href":"https:\/\/smalsparet.com\/de\/wp-json\/wp\/v2\/pages\/4705","targetHints":{"allow":["GET"]}}],"collection":[{"href":"https:\/\/smalsparet.com\/de\/wp-json\/wp\/v2\/pages"}],"about":[{"href":"https:\/\/smalsparet.com\/de\/wp-json\/wp\/v2\/types\/page"}],"author":[{"embeddable":true,"href":"https:\/\/smalsparet.com\/de\/wp-json\/wp\/v2\/users\/3"}],"replies":[{"embeddable":true,"href":"https:\/\/smalsparet.com\/de\/wp-json\/wp\/v2\/comments?post=4705"}],"version-history":[{"count":4,"href":"https:\/\/smalsparet.com\/de\/wp-json\/wp\/v2\/pages\/4705\/revisions"}],"predecessor-version":[{"id":4713,"href":"https:\/\/smalsparet.com\/de\/wp-json\/wp\/v2\/pages\/4705\/revisions\/4713"}],"up":[{"embeddable":true,"href":"https:\/\/smalsparet.com\/de\/wp-json\/wp\/v2\/pages\/3612"}],"wp:attachment":[{"href":"https:\/\/smalsparet.com\/de\/wp-json\/wp\/v2\/media?parent=4705"}],"curies":[{"name":"wp","href":"https:\/\/api.w.org\/{rel}","templated":true}]}}