{"id":4594,"date":"2021-03-19T09:00:01","date_gmt":"2021-03-19T09:00:01","guid":{"rendered":"https:\/\/nya.smalsparet.com\/?page_id=4594"},"modified":"2023-08-21T15:19:21","modified_gmt":"2023-08-21T15:19:21","slug":"vanliga-fragor-om-dressincykling","status":"publish","type":"page","link":"https:\/\/smalsparet.com\/de\/cykla-dressin\/vanliga-fragor-om-dressincykling\/","title":{"rendered":"H\u00e4ufige Fragen zum Radeln mit Draisinen"},"content":{"rendered":"<div class=\"inherit-container-width wp-block-group has-background is-layout-constrained wp-block-group-is-layout-constrained\" style=\"background-color:#f8f6f3\"><div class=\"wp-block-group__inner-container\">\n<h1 class=\"wp-block-heading has-text-align-center\">H\u00e4ufige Fragen zum Radeln mit Draisinen<\/h1>\n\n\n\n<p><\/p>\n<\/div><\/div>\n\n\n\n<div class=\"inherit-container-width wp-block-group alignwide is-layout-constrained wp-block-group-is-layout-constrained\"><div class=\"wp-block-group__inner-container\">\n<div class=\"wp-block-columns is-layout-flex wp-container-core-columns-is-layout-28f84493 wp-block-columns-is-layout-flex\">\n<div class=\"wp-block-column is-layout-flow wp-block-column-is-layout-flow\" style=\"flex-basis:50%\">\n<h2 class=\"wp-block-heading\">Wie buche ich?<\/h2>\n\n\n\n<h4 class=\"wp-block-heading\">Wie buche ich?<\/h4>\n\n\n\n<p class=\"translation-block\">Einfach auf unserer Homepage. Weitere Informationen sowie Buchungen f\u00fcr die jeweilige Strecke:\u00a0<a href=\"https:\/\/smalsparet.com\/de\/cykla-dressin\/cykla-dressin-fran-hultsfred-till-malilla\/\" data-type=\"page\" data-id=\"4511\" target=\"_self\">Hultsfred<\/a>,\u00a0<a href=\"https:\/\/smalsparet.com\/de\/cykla-dressin\/cykla-dressin-fran-flaten-till-gardveda\/\" data-type=\"page\" data-id=\"4548\" target=\"_self\">Flaten<\/a>,\u00a0<a href=\"https:\/\/smalsparet.com\/de\/cykla-dressin\/cykla-dressin-fran-virserum-till-aseda\/\" data-type=\"page\" data-id=\"4131\" target=\"_self\">Virserum<\/a>,\u00a0<a href=\"https:\/\/smalsparet.com\/de\/cykla-dressin\/cykla-dressin-fran-aseda-till-virserum\/\" data-type=\"page\" data-id=\"4164\" target=\"_self\">\u00c5seda<\/a>.\u00a0<strong>Leider k\u00f6nnen wir keine Buchungen \u00fcber E-Mail entgegennehmen<\/strong>, sondern wir verweisen auf die Online-Buchung. Bei starker Beanspruchung m\u00f6chten wir n\u00e4mlich in erster Linie den Besuchern vor Ort helfen. <strong>Telefonbuchung nur begrenzt<\/strong> und je nach Zeit. Der aktuelle Buchungsstand ist stets online ersichtlich.<\/p>\n\n\n\n<hr class=\"wp-block-separator has-css-opacity\"\/>\n\n\n\n<h4 class=\"wp-block-heading\">Wie buche ich ab?<\/h4>\n\n\n\n<p>Einfach auf unserer Buchungsseite abbuchen, entsprechend der gebuchten Strecke. Falls das Einloggen nicht gelingt, schicken Sie uns eine Mail: info@smalsparet.com und geben Sie Ihre Buchungsnummer sowie die gebuchte Strecke an, damit wir Ihnen helfen k\u00f6nnen.<\/p>\n\n\n\n<p><a href=\"https:\/\/dressinhultsfred.bokamera.se\/bookings\">Abbuchung der Strecken, die in Flaten oder Hultsfred starten<\/a><\/p>\n\n\n\n<p><a href=\"https:\/\/dressinvirserum.bokamera.se\/bookings\">Abbuchung der Strecken, die in Virserum oder \u00c5seda starten<\/a><\/p>\n\n\n\n<hr class=\"wp-block-separator has-css-opacity\"\/>\n\n\n\n<h4 class=\"wp-block-heading\">Wie bezahle ich?<\/h4>\n\n\n\n<p>Kartenzahlung an s\u00e4mtlichen Orten bei der Ankunft. Sie brauchen die Buchung nicht im Voraus zu bezahlen.<\/p>\n\n\n\n<hr class=\"wp-block-separator has-css-opacity\"\/>\n\n\n\n<h4 class=\"wp-block-heading\">Brauche ich besondere Kleidung?<\/h4>\n\n\n\n<p>Kleidung dem Wetter entsprechend. Denken Sie daran, dass Sie sich in der Natur befinden und radeln, also nicht allzu empfindliche Kleidung.<\/p>\n\n\n\n<hr class=\"wp-block-separator has-css-opacity\"\/>\n\n\n\n<h4 class=\"wp-block-heading\">Muss ich einen Helm haben?<\/h4>\n\n\n\n<p>Selbstverst\u00e4ndlich empfehlen wir Helme, vor allem f\u00fcr Kinder und Jugendliche. Falls Sie einen Helm vergessen haben, gibt es beim Start einige wenige zur Ausleihe.<\/p>\n\n\n\n<hr class=\"wp-block-separator has-css-opacity\"\/>\n\n\n\n<h4 class=\"wp-block-heading\">K\u00f6nnen auch die Kleinsten mitkommen?<\/h4>\n\n\n\n<p>Ohne Weiteres, sobald sie selbst aufrecht sitzen und im Kinderstuhl angeschnallt werden k\u00f6nnen. Wir haben besondere Kinderst\u00fchle, die an die Fahrr\u00e4der geh\u00e4ngt werden. Allerdings nur eine begrenzte Anzahl auf jeder Strecke.<\/p>\n\n\n\n<hr class=\"wp-block-separator has-css-opacity\"\/>\n\n\n\n<h4 class=\"wp-block-heading\">Wie viele Personen k\u00f6nnen auf einem Rad sitzen?<\/h4>\n\n\n\n<p>Eine Draisine ist f\u00fcr bis zu 2 Personen geeignet.<\/p>\n\n\n\n<hr class=\"wp-block-separator has-css-opacity\"\/>\n\n\n\n<h4 class=\"wp-block-heading\">Radelt man in eine Richtung oder hin und zur\u00fcck?<\/h4>\n\n\n\n<p>Sie kommen an denselben Ort zur\u00fcck. Mieten Sie z.B. ab Virserum und fahren nach \u00c5seda, radeln Sie zur\u00fcck nach Virserum.<\/p>\n\n\n\n<hr class=\"wp-block-separator has-css-opacity\"\/>\n\n\n\n<h4 class=\"wp-block-heading\">Kann ich meinen Hund mitnehmen?<\/h4>\n\n\n\n<p>Ja, das ist m\u00f6glich, aber denken Sie daran, dass es f\u00fcr das feine Geh\u00f6r des Tiers recht laut zugeht. Dem Hund sollte es auch nichts ausmachen, auf der Ladefl\u00e4che der Draisine zu sitzen, damit er w\u00e4hrend der Fahrt nicht etwa abspringt. \u00dcberlegen Sie sich, ob der Hund wirklich mitgenommen werden sollte.<\/p>\n\n\n\n<hr class=\"wp-block-separator has-css-opacity\"\/>\n\n\n\n<h3 class=\"wp-block-heading\">W\u00e4hrend der Fahrt<\/h3>\n\n\n\n<h4 class=\"wp-block-heading\">Gibt es Regeln f\u00fcr das Radeln?<\/h4>\n\n\n\n<p>Vor dem Start unterschreiben Sie einen Vertrag, der unsere Verkehrsregeln enth\u00e4lt. Unser Personal erkl\u00e4rt sie der gesamten Gruppe, bevor Sie losfahren. Entlang der Strecken sind au\u00dferdem Schilder aufgestellt, aus denen hervorgeht, wo Sie anhalten und die R\u00e4der schieben m\u00fcssen.<\/p>\n\n\n\n<hr class=\"wp-block-separator has-css-opacity\"\/>\n\n\n\n<h4 class=\"wp-block-heading\">Darf ich anhalten, wo ich will?<\/h4>\n\n\n\n<p>Durchaus, aber nehmen Sie das Rad von den Schienen, damit andere passieren k\u00f6nnen, wenn Sie etwa eine Kaffeepause an der Strecke machen m\u00f6chten. Private Grundst\u00fccke m\u00fcssen nat\u00fcrlich respektiert werden.<\/p>\n\n\n\n<hr class=\"wp-block-separator has-css-opacity\"\/>\n\n\n\n<h4 class=\"wp-block-heading\">Was gilt bei Begegnungen mit anderen Radlern?<\/h4>\n\n\n\n<p>Entweder nehmen Sie oder die anderen Radler das Rad von den Schienen, je nach Richtung. Unser Personal informiert dar\u00fcber vor Ort. Immer den Rahmen des Rads anheben, nicht den Lenker usw.<\/p>\n\n\n\n<hr class=\"wp-block-separator has-css-opacity\"\/>\n\n\n\n<h4 class=\"wp-block-heading\">Wie kehre ich mit dem Rad um?<\/h4>\n\n\n\n<p>Am einfachsten ist es, die Wendeplatten zu benutzen, die sich an ausgew\u00e4hlten Stellen der Strecken befinden. Ansonsten das Rad zu zweit vorn beziehungsweise hinten am Rahmen heben (nicht am Lenker usw.) Unser Personal zeigt, wie\u2019s funktioniert, ehe Sie starten.<\/p>\n\n\n\n<hr class=\"wp-block-separator has-css-opacity\"\/>\n\n\n\n<h4 class=\"wp-block-heading\">Ist es laut beim Radeln?<\/h4>\n\n\n\n<p>Auch wenn das Erlebnis relativ leise ist, darf man nicht vergessen, dass sowohl R\u00e4der als auch Schienen aus Metall sind. Es wird also lauter als bei einem gew\u00f6hnlichen Fahrrad. F\u00fcr Empfindliche, vor allem die Kleinsten, empfehlen wir Ohrenschutz.<\/p>\n\n\n\n<hr class=\"wp-block-separator has-css-opacity\"\/>\n\n\n\n<h4 class=\"wp-block-heading\">Muss ich die gesamte Strecke und zur\u00fcck radeln?<\/h4>\n\n\n\n<p>Man entscheidet selbst, wie weit man f\u00e4hrt, muss aber immer zum Ausgangspunkt zur\u00fcck. Wenn Sie also etwa in Virserum beginnen, m\u00fcssen Sie dort nach vier oder acht Stunden zur\u00fcck sein.<\/p>\n\n\n\n<h3 class=\"wp-block-heading\">Nach der Fahrt<\/h3>\n\n\n\n<h4 class=\"wp-block-heading\">An wen wende ich mich, wenn etwas schiefgeht?<\/h4>\n\n\n\n<p class=\"translation-block\">In erster Linie k\u00f6nnen Sie mit unserem Personal vor Ort reden. Wir versuchen dann, das Problem sofort zu l\u00f6sen. Ansonsten erreichen Sie uns am einfachsten \u00fcber\u00a0<a href=\"https:\/\/smalsparet.com\/de\/kontakta-smalsparet\/\" data-type=\"page\" data-id=\"3614\" target=\"_self\">mail\u00a0<\/a> oder\u00a0<a href=\"https:\/\/www.facebook.com\/foreningensmalsparet\" target=\"_self\">Facebook<\/a>, dann helfen wir Ihnen.<\/p>\n\n\n\n<hr class=\"wp-block-separator has-css-opacity\"\/>\n\n\n\n<h4 class=\"wp-block-heading\">Ich habe etwas vergessen<\/h4>\n\n\n\n<p class=\"translation-block\">Melden Sie sich \u00fcber\u00a0<a href=\"https:\/\/smalsparet.com\/de\/kontakta-smalsparet\/\" data-type=\"page\" data-id=\"3614\" target=\"_self\">mail<\/a> oder\u00a0<a href=\"https:\/\/www.facebook.com\/foreningensmalsparet\" target=\"_self\">Facebook<\/a>, dann helfen wir Ihnen.<\/p>\n<\/div>\n\n\n\n<div class=\"wp-block-column is-layout-flow wp-block-column-is-layout-flow\" style=\"flex-basis:50%\">\n<figure class=\"wp-block-image size-large\"><img loading=\"lazy\" decoding=\"async\" width=\"576\" height=\"1024\" src=\"https:\/\/smalsparet.com\/wp-content\/uploads\/2021\/03\/20200717_124645-576x1024.jpg\" alt=\"Cykla dressin fr\u00e5n \u00c5seda\" class=\"wp-image-4471\"\/><figcaption class=\"wp-element-caption\">Wir haben eine begrenzte Anzahl von R\u00e4dern mit Kinderstuhl. Gut f\u00fcr die J\u00fcngsten.<\/figcaption><\/figure>\n\n\n\n<figure class=\"wp-block-image size-large\"><img loading=\"lazy\" decoding=\"async\" width=\"576\" height=\"1024\" src=\"https:\/\/smalsparet.com\/wp-content\/uploads\/2021\/03\/20200717_124635-576x1024.jpg\" alt=\"Dressiner i \u00c5seda\" class=\"wp-image-4469\" srcset=\"https:\/\/smalsparet.com\/wp-content\/uploads\/2021\/03\/20200717_124635-576x1024.jpg 576w, https:\/\/smalsparet.com\/wp-content\/uploads\/2021\/03\/20200717_124635-169x300.jpg 169w, https:\/\/smalsparet.com\/wp-content\/uploads\/2021\/03\/20200717_124635-768x1365.jpg 768w, https:\/\/smalsparet.com\/wp-content\/uploads\/2021\/03\/20200717_124635-864x1536.jpg 864w, https:\/\/smalsparet.com\/wp-content\/uploads\/2021\/03\/20200717_124635-1152x2048.jpg 1152w, https:\/\/smalsparet.com\/wp-content\/uploads\/2021\/03\/20200717_124635-600x1067.jpg 600w, https:\/\/smalsparet.com\/wp-content\/uploads\/2021\/03\/20200717_124635-scaled.jpg 1440w\" sizes=\"auto, (max-width: 576px) 100vw, 576px\" \/><figcaption class=\"wp-element-caption\">In Hultsfred, Virserum sowie Flaten sind s\u00e4mtliche R\u00e4der mit St\u00fchlen ausgestattet und f\u00fcr 2 Erwachsene geeignet. In \u00c5seda haben die meisten Draisinen St\u00fchle, aber nicht alle.<\/figcaption><\/figure>\n\n\n\n<figure class=\"wp-block-image size-large\"><img loading=\"lazy\" decoding=\"async\" width=\"1024\" height=\"576\" src=\"https:\/\/smalsparet.com\/wp-content\/uploads\/2021\/06\/20210418_144231-1024x576.jpg\" alt=\"\" class=\"wp-image-4838\" srcset=\"https:\/\/smalsparet.com\/wp-content\/uploads\/2021\/06\/20210418_144231-1024x576.jpg 1024w, https:\/\/smalsparet.com\/wp-content\/uploads\/2021\/06\/20210418_144231-300x169.jpg 300w, https:\/\/smalsparet.com\/wp-content\/uploads\/2021\/06\/20210418_144231-768x432.jpg 768w, https:\/\/smalsparet.com\/wp-content\/uploads\/2021\/06\/20210418_144231-1536x864.jpg 1536w, https:\/\/smalsparet.com\/wp-content\/uploads\/2021\/06\/20210418_144231-2048x1152.jpg 2048w, https:\/\/smalsparet.com\/wp-content\/uploads\/2021\/06\/20210418_144231-600x338.jpg 600w\" sizes=\"auto, (max-width: 1024px) 100vw, 1024px\" \/><figcaption class=\"wp-element-caption\">Draisinenr\u00e4der lassen sich einfach mithilfe unserer Wendeplatten umkehren, die es an ausgew\u00e4hlten Stellen gibt. Man kann die R\u00e4der auch wenden, indem man sie vorn und hinten anhebt, falls man an einer anderen Stelle umkehren m\u00f6chte.<\/figcaption><\/figure>\n\n\n\n<p><\/p>\n<\/div>\n<\/div>\n<\/div><\/div>\n\n\n\n<div class=\"wp-block-group alignfull has-background\" style=\"background-color:#001524\"><div class=\"wp-block-group__inner-container is-layout-flow wp-block-group-is-layout-flow\">\n<div class=\"wp-block-columns is-layout-flex wp-container-core-columns-is-layout-28f84493 wp-block-columns-is-layout-flex\">\n<div class=\"wp-block-column is-layout-flow wp-block-column-is-layout-flow\" style=\"flex-basis:40%\">\n<h5 class=\"has-white-color has-text-color wp-block-heading\">\u00dcber F\u00f6reningen Smalsp\u00e5ret<\/h5>\n\n\n\n<div class=\"wp-block-image\"><figure class=\"alignleft size-large is-resized\"><img loading=\"lazy\" decoding=\"async\" src=\"https:\/\/smalsparet.com\/wp-content\/uploads\/2020\/12\/FSVV_symbol@2x.png\" alt=\"F\u00f6reningen Smalsp\u00e5ret V\u00e4xj\u00f6-V\u00e4stervik\" class=\"wp-image-3909\" width=\"84\" height=\"84\" srcset=\"https:\/\/smalsparet.com\/wp-content\/uploads\/2020\/12\/FSVV_symbol@2x.png 600w, https:\/\/smalsparet.com\/wp-content\/uploads\/2020\/12\/FSVV_symbol@2x-300x300.png 300w, https:\/\/smalsparet.com\/wp-content\/uploads\/2020\/12\/FSVV_symbol@2x-150x150.png 150w, https:\/\/smalsparet.com\/wp-content\/uploads\/2020\/12\/FSVV_symbol@2x-12x12.png 12w, https:\/\/smalsparet.com\/wp-content\/uploads\/2020\/12\/FSVV_symbol@2x-100x100.png 100w, https:\/\/smalsparet.com\/wp-content\/uploads\/2020\/12\/FSVV_symbol@2x-500x500.png 500w, https:\/\/smalsparet.com\/wp-content\/uploads\/2020\/12\/FSVV_symbol@2x-70x70.png 70w\" sizes=\"auto, (max-width: 84px) 100vw, 84px\" \/><\/figure><\/div>\n\n\n\n<p class=\"has-cyan-bluish-gray-color has-text-color\">F\u00f6reningen Smalsp\u00e5ret V\u00e4xj\u00f6-V\u00e4stervik ist eine gemeinn\u00fctzige, unpolitische Organisation, die 1984 gegr\u00fcndet wurde und \u00fcber 1000 Mitglieder hat.<\/p>\n\n\n\n<p class=\"has-cyan-bluish-gray-color has-text-color\">Der Verein setzt sich daf\u00fcr ein, dass die Schmalspurbahn V\u00e4xj\u00f6-V\u00e4stervik in ihrer jetzigen Streckenf\u00fchrung erhalten und ausgebaut wird. Mehr lesen <a href=\"#\">mehr \u00fcber den Verein<\/a>.<\/p>\n<\/div>\n\n\n\n<div class=\"wp-block-column is-layout-flow wp-block-column-is-layout-flow\" style=\"flex-basis:26.67%\">\n<h5 class=\"has-text-align-left has-white-color has-text-color wp-block-heading\">Kontaktieren Sie uns unter<\/h5>\n\n\n<nav class=\"has-text-color has-cyan-bluish-gray-color is-responsive wp-block-navigation is-layout-flex wp-block-navigation-is-layout-flex\" \n\t\t data-wp-interactive=\"core\/navigation\" data-wp-context='{\"overlayOpenedBy\":{\"click\":false,\"hover\":false,\"focus\":false},\"type\":\"overlay\",\"roleAttribute\":\"\",\"ariaLabel\":\"Men\\u00fc\"}'><button aria-haspopup=\"dialog\" aria-label=\"Men\u00fc \u00f6ffnen\" class=\"wp-block-navigation__responsive-container-open\" \n\t\t\t\tdata-wp-on--click=\"actions.openMenuOnClick\"\n\t\t\t\tdata-wp-on--keydown=\"actions.handleMenuKeydown\"\n\t\t\t><svg width=\"24\" height=\"24\" xmlns=\"http:\/\/www.w3.org\/2000\/svg\" viewbox=\"0 0 24 24\" aria-hidden=\"true\" focusable=\"false\"><path d=\"M4 7.5h16v1.5H4z\"><\/path><path d=\"M4 15h16v1.5H4z\"><\/path><\/svg><\/button>\n\t\t\t\t<div class=\"wp-block-navigation__responsive-container\"  id=\"modal-1\" \n\t\t\t\tdata-wp-class--has-modal-open=\"state.isMenuOpen\"\n\t\t\t\tdata-wp-class--is-menu-open=\"state.isMenuOpen\"\n\t\t\t\tdata-wp-watch=\"callbacks.initMenu\"\n\t\t\t\tdata-wp-on--keydown=\"actions.handleMenuKeydown\"\n\t\t\t\tdata-wp-on--focusout=\"actions.handleMenuFocusout\"\n\t\t\t\ttabindex=\"-1\"\n\t\t\t>\n\t\t\t\t\t<div class=\"wp-block-navigation__responsive-close\" tabindex=\"-1\">\n\t\t\t\t\t\t<div class=\"wp-block-navigation__responsive-dialog\" \n\t\t\t\tdata-wp-bind--aria-modal=\"state.ariaModal\"\n\t\t\t\tdata-wp-bind--aria-label=\"state.ariaLabel\"\n\t\t\t\tdata-wp-bind--role=\"state.roleAttribute\"\n\t\t\t>\n\t\t\t\t\t\t\t<button aria-label=\"Men\u00fc schlie\u00dfen\" class=\"wp-block-navigation__responsive-container-close\" \n\t\t\t\tdata-wp-on--click=\"actions.closeMenuOnClick\"\n\t\t\t><svg xmlns=\"http:\/\/www.w3.org\/2000\/svg\" viewbox=\"0 0 24 24\" width=\"24\" height=\"24\" aria-hidden=\"true\" focusable=\"false\"><path d=\"m13.06 12 6.47-6.47-1.06-1.06L12 10.94 5.53 4.47 4.47 5.53 10.94 12l-6.47 6.47 1.06 1.06L12 13.06l6.47 6.47 1.06-1.06L13.06 12Z\"><\/path><\/svg><\/button>\n\t\t\t\t\t\t\t<div class=\"wp-block-navigation__responsive-container-content\" \n\t\t\t\tdata-wp-watch=\"callbacks.focusFirstElement\"\n\t\t\t id=\"modal-1-content\">\n\t\t\t\t\t\t\t\t<ul class=\"wp-block-navigation__container has-text-color has-cyan-bluish-gray-color is-responsive wp-block-navigation\"><li class=\"wp-block-navigation-item wp-block-navigation-link\"><a class=\"wp-block-navigation-item__content\"  href=\"http:\/\/maps.google.com\/?q=S%C3%B6dra%20J%C3%A4rnv%C3%A4gsgatan%2020,%20577%2071,%20Virserum\"><span class=\"wp-block-navigation-item__label\"><strong>Adresse<\/strong>: <em>Box 1, 577 03, Virserum<\/em><\/span><\/a><\/li><li class=\"wp-block-navigation-item wp-block-navigation-link\"><a class=\"wp-block-navigation-item__content\"  href=\"mailto:info@smalsparet.com\"><span class=\"wp-block-navigation-item__label\"><strong>E-Mail:<\/strong> info@smalsparet.com<\/span><\/a><\/li><li class=\"wp-block-navigation-item wp-block-navigation-link\"><a class=\"wp-block-navigation-item__content\"  href=\"tel:004649510808\"><span class=\"wp-block-navigation-item__label\"><strong>Dressin Virserum\/\u00c5seda:<\/strong> 0495-108 08<\/span><\/a><\/li><li class=\"wp-block-navigation-item wp-block-navigation-link\"><a class=\"wp-block-navigation-item__content\"  href=\"tel:0046495650880\"><span class=\"wp-block-navigation-item__label\"><strong>Dressin Flaten\/Hultsfred: <\/strong>0495-650 880<\/span><\/a><\/li><\/ul>\n\t\t\t\t\t\t\t<\/div>\n\t\t\t\t\t\t<\/div>\n\t\t\t\t\t<\/div>\n\t\t\t\t<\/div><\/nav><\/div>\n\n\n\n<div class=\"wp-block-column is-layout-flow wp-block-column-is-layout-flow\" style=\"flex-basis:33.33%\"><script>(function() {\n\twindow.mc4wp = window.mc4wp || {\n\t\tlisteners: [],\n\t\tforms: {\n\t\t\ton: function(evt, cb) {\n\t\t\t\twindow.mc4wp.listeners.push(\n\t\t\t\t\t{\n\t\t\t\t\t\tevent   : evt,\n\t\t\t\t\t\tcallback: cb\n\t\t\t\t\t}\n\t\t\t\t);\n\t\t\t}\n\t\t}\n\t}\n})();\n<\/script><!-- Mailchimp for WordPress v4.11.1 - https:\/\/wordpress.org\/plugins\/mailchimp-for-wp\/ --><form id=\"mc4wp-form-1\" class=\"mc4wp-form mc4wp-form-4128\" method=\"post\" data-id=\"4128\" data-name=\"Nyhetsbrev sidfot\" action=\"\" ><div class=\"mc4wp-form-fields\"><p class=\"has-cyan-bluish-gray-color\">\r\n\t<label>E-Mail Adresse: \r\n\t\t<input type=\"email\" name=\"EMAIL\" placeholder=\"Ihre E-Mail Adresse\" required \/>\r\n<\/label>\r\n<\/p>\r\n\r\n<p class=\"has-cyan-bluish-gray-color\">\r\n    <label>\r\n        <input name=\"AGREE_TO_TERMS\" type=\"checkbox\" value=\"1\" required=\"\" style=\"margin-right: 10px;\">Ich habe die Allgemeinen Gesch\u00e4ftsbedingungen gelesen und akzeptiere sie<\/label>\r\n<\/p>\r\n\r\n<p>\r\n\t<input type=\"submit\" value=\"Register\" \/>\r\n<\/p><\/div><label style=\"display: none !important;\">Wenn Sie ein Mensch sind, lassen Sie das Feld leer: <input type=\"text\" name=\"_mc4wp_honeypot\" value=\"\" tabindex=\"-1\" autocomplete=\"off\" \/><\/label><input type=\"hidden\" name=\"_mc4wp_timestamp\" value=\"1775522606\" \/><input type=\"hidden\" name=\"_mc4wp_form_id\" value=\"4128\" \/><input type=\"hidden\" name=\"_mc4wp_form_element_id\" value=\"mc4wp-form-1\" \/><div class=\"mc4wp-response\"><\/div><input type=\"hidden\" name=\"trp-form-language\" value=\"de\"\/><\/form><!-- \/ Mailchimp for WordPress Plugin -->\n\n\n<p><\/p>\n<\/div>\n<\/div>\n<\/div><\/div>\n\n\n\n<p><\/p>","protected":false},"excerpt":{"rendered":"<p>Vanliga fr\u00e5gor om dressincykling Inf\u00f6r cyklingen Hur bokar jag? Du bokar enkelt direkt h\u00e4r p\u00e5 v\u00e5r webbplats. Information samt bokning f\u00f6r respektive str\u00e4cka:&nbsp;Hultsfred,&nbsp;Flaten,&nbsp;Virserum,&nbsp;\u00c5seda.&nbsp;Vi kan tyv\u00e4rr inte ta emot bokningar p\u00e5 mail, utan h\u00e4nvisar till onlinebokningen. Detta d\u00e5 det \u00e4r mycket h\u00f6gt tryck och vi i f\u00f6rsta hand vill hj\u00e4lpa bes\u00f6kare p\u00e5 plats.&nbsp;Telefonbokningen \u00e4r begr\u00e4nsad, s\u00e5 [&hellip;]<\/p>\n","protected":false},"author":1,"featured_media":0,"parent":4537,"menu_order":0,"comment_status":"closed","ping_status":"closed","template":"","meta":{"om_disable_all_campaigns":false,"_uag_custom_page_level_css":"","_monsterinsights_skip_tracking":false,"_monsterinsights_sitenote_active":false,"_monsterinsights_sitenote_note":"","_monsterinsights_sitenote_category":0,"site-sidebar-layout":"no-sidebar","site-content-layout":"page-builder","ast-site-content-layout":"default","site-content-style":"default","site-sidebar-style":"default","ast-global-header-display":"","ast-banner-title-visibility":"","ast-main-header-display":"","ast-hfb-above-header-display":"","ast-hfb-below-header-display":"","ast-hfb-mobile-header-display":"","site-post-title":"disabled","ast-breadcrumbs-content":"","ast-featured-img":"","footer-sml-layout":"","ast-disable-related-posts":"","theme-transparent-header-meta":"default","adv-header-id-meta":"","stick-header-meta":"","header-above-stick-meta":"","header-main-stick-meta":"","header-below-stick-meta":"","astra-migrate-meta-layouts":"default","ast-page-background-enabled":"default","ast-page-background-meta":{"desktop":{"background-color":"","background-image":"","background-repeat":"repeat","background-position":"center center","background-size":"auto","background-attachment":"scroll","background-type":"","background-media":"","overlay-type":"","overlay-color":"","overlay-opacity":"","overlay-gradient":""},"tablet":{"background-color":"","background-image":"","background-repeat":"repeat","background-position":"center center","background-size":"auto","background-attachment":"scroll","background-type":"","background-media":"","overlay-type":"","overlay-color":"","overlay-opacity":"","overlay-gradient":""},"mobile":{"background-color":"","background-image":"","background-repeat":"repeat","background-position":"center center","background-size":"auto","background-attachment":"scroll","background-type":"","background-media":"","overlay-type":"","overlay-color":"","overlay-opacity":"","overlay-gradient":""}},"ast-content-background-meta":{"desktop":{"background-color":"var(--ast-global-color-5)","background-image":"","background-repeat":"repeat","background-position":"center center","background-size":"auto","background-attachment":"scroll","background-type":"","background-media":"","overlay-type":"","overlay-color":"","overlay-opacity":"","overlay-gradient":""},"tablet":{"background-color":"var(--ast-global-color-5)","background-image":"","background-repeat":"repeat","background-position":"center center","background-size":"auto","background-attachment":"scroll","background-type":"","background-media":"","overlay-type":"","overlay-color":"","overlay-opacity":"","overlay-gradient":""},"mobile":{"background-color":"var(--ast-global-color-5)","background-image":"","background-repeat":"repeat","background-position":"center center","background-size":"auto","background-attachment":"scroll","background-type":"","background-media":"","overlay-type":"","overlay-color":"","overlay-opacity":"","overlay-gradient":""}},"footnotes":""},"class_list":["post-4594","page","type-page","status-publish","hentry"],"aioseo_notices":[],"spectra_custom_meta":{"site-sidebar-layout":["no-sidebar"],"site-content-layout":["page-builder"],"theme-transparent-header-meta":["default"],"site-post-title":["disabled"],"_dp_original":["4306"],"_edit_lock":["1704913723:3"],"_edit_last":["3"],"_genesis_title":["Cykla dressin &#x2d; FAQ"],"_genesis_description":["Ska du cykla dressin? Vi har samlat de vanligaste fr\u00e5gorna och svaren p\u00e5 dessa i en enkel FAQ\/guide. F\u00e5 svar p\u00e5 det du undrar om dressincykling."],"_uag_page_assets":["a:9:{s:3:\"css\";s:0:\"\";s:2:\"js\";s:0:\"\";s:18:\"current_block_list\";a:13:{i:0;s:10:\"core\/group\";i:1;s:12:\"core\/heading\";i:2;s:14:\"core\/paragraph\";i:4;s:12:\"core\/columns\";i:5;s:11:\"core\/column\";i:6;s:14:\"core\/separator\";i:8;s:10:\"core\/image\";i:9;s:15:\"core\/navigation\";i:10;s:20:\"core\/navigation-link\";i:12;s:21:\"mailchimp-for-wp\/form\";i:13;s:26:\"woocommerce\/product-search\";i:14;s:27:\"woocommerce\/product-on-sale\";i:15;s:32:\"woocommerce\/product-best-sellers\";}s:8:\"uag_flag\";b:0;s:11:\"uag_version\";s:10:\"1775301941\";s:6:\"gfonts\";a:0:{}s:10:\"gfonts_url\";s:0:\"\";s:12:\"gfonts_files\";a:0:{}s:14:\"uag_faq_layout\";b:0;}"]},"uagb_featured_image_src":{"full":false,"thumbnail":false,"medium":false,"medium_large":false,"large":false,"1536x1536":false,"2048x2048":false,"trp-custom-language-flag":false,"woocommerce_thumbnail":false,"woocommerce_single":false,"woocommerce_gallery_thumbnail":false,"awb_sm":false,"awb_md":false,"awb_lg":false,"awb_xl":false},"uagb_author_info":{"display_name":"admin","author_link":"https:\/\/smalsparet.com\/de\/author\/olafjlindstrom_ciz3lt7h\/"},"uagb_comment_info":0,"uagb_excerpt":"Vanliga fr\u00e5gor om dressincykling Inf\u00f6r cyklingen Hur bokar jag? Du bokar enkelt direkt h\u00e4r p\u00e5 v\u00e5r webbplats. Information samt bokning f\u00f6r respektive str\u00e4cka:&nbsp;Hultsfred,&nbsp;Flaten,&nbsp;Virserum,&nbsp;\u00c5seda.&nbsp;Vi kan tyv\u00e4rr inte ta emot bokningar p\u00e5 mail, utan h\u00e4nvisar till onlinebokningen. Detta d\u00e5 det \u00e4r mycket h\u00f6gt tryck och vi i f\u00f6rsta hand vill hj\u00e4lpa bes\u00f6kare p\u00e5 plats.&nbsp;Telefonbokningen \u00e4r begr\u00e4nsad, s\u00e5&hellip;","_links":{"self":[{"href":"https:\/\/smalsparet.com\/de\/wp-json\/wp\/v2\/pages\/4594","targetHints":{"allow":["GET"]}}],"collection":[{"href":"https:\/\/smalsparet.com\/de\/wp-json\/wp\/v2\/pages"}],"about":[{"href":"https:\/\/smalsparet.com\/de\/wp-json\/wp\/v2\/types\/page"}],"author":[{"embeddable":true,"href":"https:\/\/smalsparet.com\/de\/wp-json\/wp\/v2\/users\/1"}],"replies":[{"embeddable":true,"href":"https:\/\/smalsparet.com\/de\/wp-json\/wp\/v2\/comments?post=4594"}],"version-history":[{"count":13,"href":"https:\/\/smalsparet.com\/de\/wp-json\/wp\/v2\/pages\/4594\/revisions"}],"predecessor-version":[{"id":8314,"href":"https:\/\/smalsparet.com\/de\/wp-json\/wp\/v2\/pages\/4594\/revisions\/8314"}],"up":[{"embeddable":true,"href":"https:\/\/smalsparet.com\/de\/wp-json\/wp\/v2\/pages\/4537"}],"wp:attachment":[{"href":"https:\/\/smalsparet.com\/de\/wp-json\/wp\/v2\/media?parent=4594"}],"curies":[{"name":"wp","href":"https:\/\/api.w.org\/{rel}","templated":true}]}}