{"id":4417,"date":"2021-02-02T19:10:49","date_gmt":"2021-02-02T19:10:49","guid":{"rendered":"https:\/\/nya.smalsparet.com\/?page_id=4417"},"modified":"2023-12-09T21:57:31","modified_gmt":"2023-12-09T21:57:31","slug":"bli-medlem-i-smalsparet","status":"publish","type":"page","link":"https:\/\/smalsparet.com\/de\/om-smalsparet\/bli-medlem-i-smalsparet\/","title":{"rendered":"Werden Sie Mitglied bei der Schmalspurbahn"},"content":{"rendered":"\n<div class=\"inherit-container-width wp-block-group alignfull has-background is-layout-constrained wp-block-group-is-layout-constrained\" style=\"background-color:#f8f6f3\"><div class=\"wp-block-group__inner-container\">\n<h1 class=\"wp-block-heading has-text-align-center\">Bli medlem i F\u00f6reningen Smalsp\u00e5ret<\/h1>\n<\/div><\/div>\n\n\n\n<div class=\"inherit-container-width wp-block-group alignwide has-white-background-color has-background is-layout-constrained wp-block-group-is-layout-constrained\"><div class=\"wp-block-group__inner-container\">\n<div class=\"wp-block-media-text alignwide has-media-on-the-right is-stacked-on-mobile is-vertically-aligned-center is-image-fill\"><div class=\"wp-block-media-text__content\">\n<h2 class=\"wp-block-heading\">Var med och bevara smalsp\u00e5rsj\u00e4rnv\u00e4gen och utveckla turismen!<\/h2>\n\n\n\n<h3 class=\"wp-block-heading\">Vad g\u00f6r vi egentligen?<\/h3>\n\n\n\n<p>Allt vi g\u00f6r, s\u00e5som \u00e5terst\u00e4llandet av stationsomr\u00e5det i Virserum eller att eller h\u00e5lla r\u00e4lsbussarna i drift, sker ideellt av medlemmarna i f\u00f6reningen! Vi k\u00f6r t\u00e5g med 50-talsr\u00e4lsbussar och har dressincykling b\u00e5de i \u00c5seda, Virserum och Hultsfred.<\/p>\n\n\n\n<p>Som medlem st\u00f6der du v\u00e5rt arbete att bevara, upprusta och kunna visa en del av ett Sverige som nu \u00e4r historia. Allt det som f\u00f6rr var s\u00e5 sj\u00e4lvklart t.ex. en orange telefonkiosk eller en Pressbyr\u00e5kiosk. Vi s\u00e4tter ett stort v\u00e4rde i att gemensamt med andra akt\u00f6rer utveckla turismen i det omr\u00e5de som vi verkar i.<\/p>\n<\/div><figure class=\"wp-block-media-text__media\" style=\"background-image:url(https:\/\/smalsparet.com\/wp-content\/uploads\/2021\/02\/IMG_20160805_135650-scaled-1-1024x766.jpg);background-position:50% 50%\"><img loading=\"lazy\" decoding=\"async\" width=\"1024\" height=\"766\" src=\"https:\/\/smalsparet.com\/wp-content\/uploads\/2021\/02\/IMG_20160805_135650-scaled-1-1024x766.jpg\" alt=\"F\u00f6reningen mottog \u00e5rets eldsj\u00e4lspris i Virserum, 2016\" class=\"wp-image-4418 size-full\" srcset=\"https:\/\/smalsparet.com\/wp-content\/uploads\/2021\/02\/IMG_20160805_135650-scaled-1-1024x766.jpg 1024w, https:\/\/smalsparet.com\/wp-content\/uploads\/2021\/02\/IMG_20160805_135650-scaled-1-300x224.jpg 300w, https:\/\/smalsparet.com\/wp-content\/uploads\/2021\/02\/IMG_20160805_135650-scaled-1-768x575.jpg 768w, https:\/\/smalsparet.com\/wp-content\/uploads\/2021\/02\/IMG_20160805_135650-scaled-1-1536x1149.jpg 1536w, https:\/\/smalsparet.com\/wp-content\/uploads\/2021\/02\/IMG_20160805_135650-scaled-1-2048x1532.jpg 2048w, https:\/\/smalsparet.com\/wp-content\/uploads\/2021\/02\/IMG_20160805_135650-scaled-1-600x449.jpg 600w\" sizes=\"auto, (max-width: 1024px) 100vw, 1024px\" \/><\/figure><\/div>\n<\/div><\/div>\n\n\n\n<h3 class=\"wp-block-heading\">Varf\u00f6r ska du vara medlem ocks\u00e5?<\/h3>\n\n\n\n<p>Alla v\u00e5ra <strong>1000+ medlemmar<\/strong> \u00e4r ju inte aktiva, de flesta \u00e4r bara med och st\u00f6der oss, man v\u00e4ljer sj\u00e4lv om man vill vara aktiv eller bara st\u00f6djande. Vi beh\u00f6ver allt st\u00f6d vi kan f\u00e5, s\u00e5 \u00e4ven du som inte vill bli aktiv betyder mycket f\u00f6r att vi ska kunna bevara och utveckla verksamheten.<\/p>\n\n\n\n<p>Skulle du vilja f\u00e5 en meningsfull fritid i en glad gemenskap s\u00e5 ska du veta att dina barndomsdr\u00f6mmar att bli kondukt\u00f6r eller k\u00f6ra t\u00e5g kan bli verklighet. Vi ger dig utbildning till kondukt\u00f6r, f\u00f6rare, dressinpersonal f\u00f6r att n\u00e4mna n\u00e5gra av v\u00e5ra roller.<\/p>\n\n\n\n<p>Du kan ocks\u00e5 f\u00e5 meka Scaniadiesel fr\u00e5n 50-talet i v\u00e5r verkstad i Virserum, prova p\u00e5 banarbete, sk\u00f6ta servering eller hj\u00e4lpa till med n\u00e5gon av alla \u00f6de \u00f6vriga uppgifter som finns i f\u00f6reningen.<\/p>\n\n\n\n<figure class=\"wp-block-table is-style-stripes\"><table><thead><tr><th><strong>Mina f\u00f6rm\u00e5ner som medlem:<\/strong><\/th><th>F\u00f6rm\u00e5n<\/th><\/tr><\/thead><tbody><tr><td><a href=\"https:\/\/smalsparet.com\/cykla-dressin\/\" data-type=\"page\" data-id=\"4537\">Dressincykling<\/a> Hultsfred, Flaten, Virserum &amp; \u00c5seda<\/td><td>50% rabatt<\/td><\/tr><tr><td><a href=\"https:\/\/smalsparet.com\/tagtrafik\/\" data-type=\"page\" data-id=\"4563\">Nostalgit\u00e5g<\/a> Virserum-\u00c5seda<\/td><td>50% rabatt<\/td><\/tr><tr><td>Filmer, b\u00f6cker och annat i <a href=\"https:\/\/smalsparet.com\/butik\/\" data-type=\"page\" data-id=\"7\">butiken<\/a><\/td><td>10% rabatt<\/td><\/tr><tr><td>Medlemstidningen Smalsp\u00e5rsinform<\/td><td>4 nummer\/\u00e5r<\/td><\/tr><\/tbody><\/table><\/figure>\n\n\n\n<p><\/p>\n\n\n\n<figure class=\"wp-block-image aligncenter size-full is-style-default\"><img loading=\"lazy\" decoding=\"async\" width=\"600\" height=\"230\" src=\"https:\/\/smalsparet.com\/wp-content\/uploads\/2021\/02\/smalsparsinform.png\" alt=\"F\u00f6reningen Smalsp\u00e5ret V\u00e4xj\u00f6-V\u00e4sterviks medlemstidning &quot;Smalsp\u00e5rsinform&quot;\" class=\"wp-image-4422\" srcset=\"https:\/\/smalsparet.com\/wp-content\/uploads\/2021\/02\/smalsparsinform.png 600w, https:\/\/smalsparet.com\/wp-content\/uploads\/2021\/02\/smalsparsinform-300x115.png 300w\" sizes=\"auto, (max-width: 600px) 100vw, 600px\" \/><\/figure>\n\n\n\n<figure class=\"wp-block-table is-style-stripes\"><table><thead><tr><th><strong>Medlemsavgifter<\/strong><\/th><th>Avgift<\/th><\/tr><\/thead><tbody><tr><td>Vuxen<\/td><td>250kr<\/td><\/tr><tr><td>Ungdom (under 20)<\/td><td>100kr<\/td><\/tr><tr><td>Familjemedlem (samma hush\u00e5ll, f\u00e5r ej egen tidning)<\/td><td>50kr<\/td><\/tr><\/tbody><\/table><\/figure>\n\n\n\n<p><\/p>\n\n\n\n<div class=\"inherit-container-width wp-block-group alignfull has-background is-layout-constrained wp-block-group-is-layout-constrained\" style=\"background-color:#f8f6f3\"><div class=\"wp-block-group__inner-container\">\n<h2 class=\"wp-block-heading has-text-align-center\">Bli medlem i Smalsp\u00e5ret<\/h2>\n\n\n\n<p class=\"has-text-align-center\">Enklaste s\u00e4ttet \u00e4r att <strong>Swisha till 123 369 92 12<\/strong> eller betala via <strong>bankgiro 373-8093<\/strong><\/p>\n\n\n\n<figure class=\"wp-block-image aligncenter size-large is-resized\"><img loading=\"lazy\" decoding=\"async\" width=\"600\" height=\"198\" src=\"https:\/\/smalsparet.com\/wp-content\/uploads\/2021\/02\/swish_logo.png\" alt=\"Betala via Swish\" class=\"wp-image-4434\" style=\"width:150px;height:50px\" srcset=\"https:\/\/smalsparet.com\/wp-content\/uploads\/2021\/02\/swish_logo.png 600w, https:\/\/smalsparet.com\/wp-content\/uploads\/2021\/02\/swish_logo-300x99.png 300w\" sizes=\"auto, (max-width: 600px) 100vw, 600px\" \/><\/figure>\n\n\n\n<p class=\"has-text-align-center\">Ange Ny medlem + ditt namn och adress.<\/p>\n\n\n\n<p class=\"has-text-align-center\"><em>Det g\u00e5r \u00e4ven bra att betala via danskt postgiro 3 97 98 14. <\/em><\/p>\n\n\n\n<p class=\"has-text-align-center\">Vill du kan du fylla i namn och kontaktuppgifter i formul\u00e4ret nedan, s\u00e5 vet vi automatiskt vilken adress du vill ha tidningen skickad till.<\/p>\n\n\n<div class=\"wpforms-container wpforms-container-full wpforms-block wpforms-block-bcc3e4ce-0838-42e9-a838-065b2bbedcc1\" id=\"wpforms-4464\"><form id=\"wpforms-form-4464\" class=\"wpforms-validate wpforms-form wpforms-ajax-form\" data-formid=\"4464\" method=\"post\" enctype=\"multipart\/form-data\" action=\"\/de\/wp-json\/wp\/v2\/pages\/4417\" data-token=\"a624c5cbbee6d29e8b2655cecbdfe9a4\" data-token-time=\"1775745822\"><noscript class=\"wpforms-error-noscript\">Bitte aktiviere JavaScript in deinem Browser, um dieses Formular fertigzustellen.<\/noscript><div class=\"wpforms-field-container\"><div id=\"wpforms-4464-field_0-container\" class=\"wpforms-field wpforms-field-name\" data-field-id=\"0\"><label class=\"wpforms-field-label\" for=\"wpforms-4464-field_0\">Namn <span class=\"wpforms-required-label\">*<\/span><\/label><input type=\"text\" id=\"wpforms-4464-field_0\" class=\"wpforms-field-medium wpforms-field-required\" name=\"wpforms[fields][0]\" placeholder=\"F\u00f6rnamn och efternamn\" required><\/div><div id=\"wpforms-4464-field_1-container\" class=\"wpforms-field wpforms-field-email\" data-field-id=\"1\"><label class=\"wpforms-field-label\" for=\"wpforms-4464-field_1\">E-post <span class=\"wpforms-required-label\">*<\/span><\/label><input type=\"email\" id=\"wpforms-4464-field_1\" class=\"wpforms-field-medium wpforms-field-required\" name=\"wpforms[fields][1]\" spellcheck=\"false\" required><\/div><div id=\"wpforms-4464-field_2-container\" class=\"wpforms-field wpforms-field-textarea\" data-field-id=\"2\"><label class=\"wpforms-field-label\" for=\"wpforms-4464-field_2\">Adress samt ev. familjemedlemmar <span class=\"wpforms-required-label\">*<\/span><\/label><textarea id=\"wpforms-4464-field_2\" class=\"wpforms-field-medium wpforms-field-required\" name=\"wpforms[fields][2]\" required><\/textarea><\/div><\/div><!-- .wpforms-field-container --><div class=\"wpforms-recaptcha-container wpforms-is-recaptcha wpforms-is-recaptcha-type-v3\" ><input type=\"hidden\" name=\"wpforms[recaptcha]\" value=\"\"><\/div><div class=\"wpforms-submit-container\" ><input type=\"hidden\" name=\"wpforms[id]\" value=\"4464\"><input type=\"hidden\" name=\"page_title\" value=\"\"><input type=\"hidden\" name=\"page_url\" value=\"https:\/\/smalsparet.com\/de\/wp-json\/wp\/v2\/pages\/4417\"><input type=\"hidden\" name=\"url_referer\" value=\"\"><button type=\"submit\" name=\"wpforms[submit]\" id=\"wpforms-submit-4464\" class=\"wpforms-submit\" data-alt-text=\"Skickar...\" data-submit-text=\"Bli medlem\" aria-live=\"assertive\" value=\"wpforms-submit\">Bli medlem<\/button><img loading=\"lazy\" decoding=\"async\" src=\"https:\/\/smalsparet.com\/wp-content\/plugins\/wpforms-lite\/assets\/images\/submit-spin.svg\" class=\"wpforms-submit-spinner\" style=\"display: none;\" width=\"26\" height=\"26\" alt=\"Wird geladen\"><\/div><\/form><\/div>  <!-- .wpforms-container -->\n\n\n<p class=\"has-text-align-center\"><strong>Tack f\u00f6r att du st\u00f6djer smalsp\u00e5ret!<\/strong><\/p>\n<\/div><\/div>\n\n\n\n<div class=\"wp-block-group alignfull has-background\" style=\"background-color:#001524\"><div class=\"wp-block-group__inner-container is-layout-flow wp-block-group-is-layout-flow\">\n<div class=\"wp-block-columns is-layout-flex wp-container-core-columns-is-layout-28f84493 wp-block-columns-is-layout-flex\">\n<div class=\"wp-block-column is-layout-flow wp-block-column-is-layout-flow\" style=\"flex-basis:40%\">\n<h5 class=\"has-white-color has-text-color wp-block-heading\">Om F\u00f6reningen Smalsp\u00e5ret<\/h5>\n\n\n\n<div class=\"wp-block-image\"><figure class=\"alignleft size-large is-resized\"><img loading=\"lazy\" decoding=\"async\" src=\"https:\/\/smalsparet.com\/wp-content\/uploads\/2020\/12\/FSVV_symbol@2x.png\" alt=\"F\u00f6reningen Smalsp\u00e5ret V\u00e4xj\u00f6-V\u00e4stervik\" class=\"wp-image-3909\" width=\"84\" height=\"84\" srcset=\"https:\/\/smalsparet.com\/wp-content\/uploads\/2020\/12\/FSVV_symbol@2x.png 600w, https:\/\/smalsparet.com\/wp-content\/uploads\/2020\/12\/FSVV_symbol@2x-300x300.png 300w, https:\/\/smalsparet.com\/wp-content\/uploads\/2020\/12\/FSVV_symbol@2x-150x150.png 150w, https:\/\/smalsparet.com\/wp-content\/uploads\/2020\/12\/FSVV_symbol@2x-12x12.png 12w, https:\/\/smalsparet.com\/wp-content\/uploads\/2020\/12\/FSVV_symbol@2x-100x100.png 100w, https:\/\/smalsparet.com\/wp-content\/uploads\/2020\/12\/FSVV_symbol@2x-500x500.png 500w, https:\/\/smalsparet.com\/wp-content\/uploads\/2020\/12\/FSVV_symbol@2x-70x70.png 70w\" sizes=\"auto, (max-width: 84px) 100vw, 84px\" \/><\/figure><\/div>\n\n\n\n<p class=\"has-cyan-bluish-gray-color has-text-color\">F\u00f6reningen Smalsp\u00e5ret V\u00e4xj\u00f6-V\u00e4stervik \u00e4r en ideell opolitisk f\u00f6rening bildad 1984, med \u00f6ver 1000 medlemmar.<\/p>\n\n\n\n<p class=\"has-cyan-bluish-gray-color has-text-color\">F\u00f6reningen arbetar f\u00f6r att smalsp\u00e5rsj\u00e4rnv\u00e4gen V\u00e4xj\u00f6-V\u00e4stervik, i sin nuvarande str\u00e4ckning, bevaras och utvecklas. L\u00e4s <a href=\"#\">mer om f\u00f6reningen<\/a>.<\/p>\n<\/div>\n\n\n\n<div class=\"wp-block-column is-layout-flow wp-block-column-is-layout-flow\" style=\"flex-basis:26.67%\">\n<h5 class=\"has-text-align-left has-white-color has-text-color wp-block-heading\">Kontakta oss<\/h5>\n\n\n<nav class=\"has-text-color has-cyan-bluish-gray-color is-responsive wp-block-navigation is-layout-flex wp-block-navigation-is-layout-flex\" \n\t\t data-wp-interactive=\"core\/navigation\" data-wp-context='{\"overlayOpenedBy\":{\"click\":false,\"hover\":false,\"focus\":false},\"type\":\"overlay\",\"roleAttribute\":\"\",\"ariaLabel\":\"Men\\u00fc\"}'><button aria-haspopup=\"dialog\" aria-label=\"Men\u00fc \u00f6ffnen\" class=\"wp-block-navigation__responsive-container-open\" \n\t\t\t\tdata-wp-on--click=\"actions.openMenuOnClick\"\n\t\t\t\tdata-wp-on--keydown=\"actions.handleMenuKeydown\"\n\t\t\t><svg width=\"24\" height=\"24\" xmlns=\"http:\/\/www.w3.org\/2000\/svg\" viewBox=\"0 0 24 24\" aria-hidden=\"true\" focusable=\"false\"><path d=\"M4 7.5h16v1.5H4z\"><\/path><path d=\"M4 15h16v1.5H4z\"><\/path><\/svg><\/button>\n\t\t\t\t<div class=\"wp-block-navigation__responsive-container\"  id=\"modal-1\" \n\t\t\t\tdata-wp-class--has-modal-open=\"state.isMenuOpen\"\n\t\t\t\tdata-wp-class--is-menu-open=\"state.isMenuOpen\"\n\t\t\t\tdata-wp-watch=\"callbacks.initMenu\"\n\t\t\t\tdata-wp-on--keydown=\"actions.handleMenuKeydown\"\n\t\t\t\tdata-wp-on--focusout=\"actions.handleMenuFocusout\"\n\t\t\t\ttabindex=\"-1\"\n\t\t\t>\n\t\t\t\t\t<div class=\"wp-block-navigation__responsive-close\" tabindex=\"-1\">\n\t\t\t\t\t\t<div class=\"wp-block-navigation__responsive-dialog\" \n\t\t\t\tdata-wp-bind--aria-modal=\"state.ariaModal\"\n\t\t\t\tdata-wp-bind--aria-label=\"state.ariaLabel\"\n\t\t\t\tdata-wp-bind--role=\"state.roleAttribute\"\n\t\t\t>\n\t\t\t\t\t\t\t<button aria-label=\"Men\u00fc schlie\u00dfen\" class=\"wp-block-navigation__responsive-container-close\" \n\t\t\t\tdata-wp-on--click=\"actions.closeMenuOnClick\"\n\t\t\t><svg xmlns=\"http:\/\/www.w3.org\/2000\/svg\" viewBox=\"0 0 24 24\" width=\"24\" height=\"24\" aria-hidden=\"true\" focusable=\"false\"><path d=\"m13.06 12 6.47-6.47-1.06-1.06L12 10.94 5.53 4.47 4.47 5.53 10.94 12l-6.47 6.47 1.06 1.06L12 13.06l6.47 6.47 1.06-1.06L13.06 12Z\"><\/path><\/svg><\/button>\n\t\t\t\t\t\t\t<div class=\"wp-block-navigation__responsive-container-content\" \n\t\t\t\tdata-wp-watch=\"callbacks.focusFirstElement\"\n\t\t\t id=\"modal-1-content\">\n\t\t\t\t\t\t\t\t<ul class=\"wp-block-navigation__container has-text-color has-cyan-bluish-gray-color is-responsive wp-block-navigation\"><li class=\" wp-block-navigation-item wp-block-navigation-link\"><a class=\"wp-block-navigation-item__content\"  href=\"http:\/\/maps.google.com\/?q=S%C3%B6dra%20J%C3%A4rnv%C3%A4gsgatan%2020,%20577%2071,%20Virserum\"><span class=\"wp-block-navigation-item__label\"><strong>Adress<\/strong>: <em>Box 1, 577 03, Virserum<\/em><\/span><\/a><\/li><li class=\" wp-block-navigation-item wp-block-navigation-link\"><a class=\"wp-block-navigation-item__content\"  href=\"mailto:info@smalsparet.com\"><span class=\"wp-block-navigation-item__label\"><strong>E-post:<\/strong> info@smalsparet.com<\/span><\/a><\/li><li class=\" wp-block-navigation-item wp-block-navigation-link\"><a class=\"wp-block-navigation-item__content\"  href=\"tel:004649510808\"><span class=\"wp-block-navigation-item__label\"><strong>Dressin Virserum\/\u00c5seda:<\/strong> 0495-108 08<\/span><\/a><\/li><li class=\" wp-block-navigation-item wp-block-navigation-link\"><a class=\"wp-block-navigation-item__content\"  href=\"tel:0046495650880\"><span class=\"wp-block-navigation-item__label\"><strong>Dressin Flaten\/Hultsfred: <\/strong>0495-650 880<\/span><\/a><\/li><\/ul>\n\t\t\t\t\t\t\t<\/div>\n\t\t\t\t\t\t<\/div>\n\t\t\t\t\t<\/div>\n\t\t\t\t<\/div><\/nav><\/div>\n\n\n\n<div class=\"wp-block-column is-layout-flow wp-block-column-is-layout-flow\" style=\"flex-basis:33.33%\"><script>(function() {\n\twindow.mc4wp = window.mc4wp || {\n\t\tlisteners: [],\n\t\tforms: {\n\t\t\ton: function(evt, cb) {\n\t\t\t\twindow.mc4wp.listeners.push(\n\t\t\t\t\t{\n\t\t\t\t\t\tevent   : evt,\n\t\t\t\t\t\tcallback: cb\n\t\t\t\t\t}\n\t\t\t\t);\n\t\t\t}\n\t\t}\n\t}\n})();\n<\/script><!-- Mailchimp for WordPress v4.11.1 - https:\/\/wordpress.org\/plugins\/mailchimp-for-wp\/ --><form id=\"mc4wp-form-1\" class=\"mc4wp-form mc4wp-form-4128\" method=\"post\" data-id=\"4128\" data-name=\"Nyhetsbrev sidfot\" ><div class=\"mc4wp-form-fields\"><p class=\"has-cyan-bluish-gray-color\">\r\n\t<label>E-postadress: \r\n\t\t<input type=\"email\" name=\"EMAIL\" placeholder=\"Din e-postadress\" required \/>\r\n<\/label>\r\n<\/p>\r\n\r\n<p class=\"has-cyan-bluish-gray-color\">\r\n    <label>\r\n        <input name=\"AGREE_TO_TERMS\" type=\"checkbox\" value=\"1\" required=\"\" style=\"margin-right: 10px;\">Jag har l\u00e4st och godk\u00e4nner villkoren<\/label>\r\n<\/p>\r\n\r\n<p>\r\n\t<input type=\"submit\" value=\"Registrera\" \/>\r\n<\/p><\/div><label style=\"display: none !important;\">Wenn du ein Mensch bist, lasse das Feld leer: <input type=\"text\" name=\"_mc4wp_honeypot\" value=\"\" tabindex=\"-1\" autocomplete=\"off\" \/><\/label><input type=\"hidden\" name=\"_mc4wp_timestamp\" value=\"1775745822\" \/><input type=\"hidden\" name=\"_mc4wp_form_id\" value=\"4128\" \/><input type=\"hidden\" name=\"_mc4wp_form_element_id\" value=\"mc4wp-form-1\" \/><div class=\"mc4wp-response\"><\/div><\/form><!-- \/ Mailchimp for WordPress Plugin -->\n\n\n<p><\/p>\n<\/div>\n<\/div>\n<\/div><\/div>\n","protected":false},"excerpt":{"rendered":"<p>Bli medlem i F\u00f6reningen Smalsp\u00e5ret Var med och bevara smalsp\u00e5rsj\u00e4rnv\u00e4gen och utveckla turismen! Vad g\u00f6r vi egentligen? Allt vi g\u00f6r, s\u00e5som \u00e5terst\u00e4llandet av stationsomr\u00e5det i Virserum eller att eller h\u00e5lla r\u00e4lsbussarna i drift, sker ideellt av medlemmarna i f\u00f6reningen! Vi k\u00f6r t\u00e5g med 50-talsr\u00e4lsbussar och har dressincykling b\u00e5de i \u00c5seda, Virserum och Hultsfred. Som medlem [&hellip;]<\/p>\n","protected":false},"author":1,"featured_media":0,"parent":3612,"menu_order":0,"comment_status":"closed","ping_status":"closed","template":"","meta":{"om_disable_all_campaigns":false,"_uag_custom_page_level_css":"","_monsterinsights_skip_tracking":false,"_monsterinsights_sitenote_active":false,"_monsterinsights_sitenote_note":"","_monsterinsights_sitenote_category":0,"site-sidebar-layout":"no-sidebar","site-content-layout":"plain-container","ast-site-content-layout":"normal-width-container","site-content-style":"unboxed","site-sidebar-style":"unboxed","ast-global-header-display":"","ast-banner-title-visibility":"","ast-main-header-display":"","ast-hfb-above-header-display":"","ast-hfb-below-header-display":"","ast-hfb-mobile-header-display":"","site-post-title":"disabled","ast-breadcrumbs-content":"","ast-featured-img":"disabled","footer-sml-layout":"","ast-disable-related-posts":"","theme-transparent-header-meta":"default","adv-header-id-meta":"","stick-header-meta":"","header-above-stick-meta":"","header-main-stick-meta":"","header-below-stick-meta":"","astra-migrate-meta-layouts":"set","ast-page-background-enabled":"default","ast-page-background-meta":{"desktop":{"background-color":"","background-image":"","background-repeat":"repeat","background-position":"center center","background-size":"auto","background-attachment":"scroll","background-type":"","background-media":"","overlay-type":"","overlay-color":"","overlay-opacity":"","overlay-gradient":""},"tablet":{"background-color":"","background-image":"","background-repeat":"repeat","background-position":"center center","background-size":"auto","background-attachment":"scroll","background-type":"","background-media":"","overlay-type":"","overlay-color":"","overlay-opacity":"","overlay-gradient":""},"mobile":{"background-color":"","background-image":"","background-repeat":"repeat","background-position":"center center","background-size":"auto","background-attachment":"scroll","background-type":"","background-media":"","overlay-type":"","overlay-color":"","overlay-opacity":"","overlay-gradient":""}},"ast-content-background-meta":{"desktop":{"background-color":"var(--ast-global-color-5)","background-image":"","background-repeat":"repeat","background-position":"center center","background-size":"auto","background-attachment":"scroll","background-type":"","background-media":"","overlay-type":"","overlay-color":"","overlay-opacity":"","overlay-gradient":""},"tablet":{"background-color":"var(--ast-global-color-5)","background-image":"","background-repeat":"repeat","background-position":"center center","background-size":"auto","background-attachment":"scroll","background-type":"","background-media":"","overlay-type":"","overlay-color":"","overlay-opacity":"","overlay-gradient":""},"mobile":{"background-color":"var(--ast-global-color-5)","background-image":"","background-repeat":"repeat","background-position":"center center","background-size":"auto","background-attachment":"scroll","background-type":"","background-media":"","overlay-type":"","overlay-color":"","overlay-opacity":"","overlay-gradient":""}},"footnotes":""},"class_list":["post-4417","page","type-page","status-publish","hentry"],"aioseo_notices":[],"spectra_custom_meta":{"site-sidebar-layout":["no-sidebar"],"site-content-layout":["plain-container"],"theme-transparent-header-meta":["default"],"site-post-title":["disabled"],"ast-featured-img":["disabled"],"_yoast_wpseo_content_score":["60"],"astra-main-page-id":["48122"],"_wxr_import_user_slug":["rishabhm"],"_astra_sites_imported_post":["1"],"_astra_sites_enable_for_batch":["1"],"_dp_original":["3612"],"_edit_lock":["1709551385:3"],"_edit_last":["3"],"_uag_custom_page_level_css":[""],"ast-site-content-layout":["normal-width-container"],"site-content-style":["unboxed"],"site-sidebar-style":["unboxed"],"adv-header-id-meta":[""],"stick-header-meta":[""],"astra-migrate-meta-layouts":["set"],"footnotes":[""],"_uag_page_assets":["a:9:{s:3:\"css\";s:0:\"\";s:2:\"js\";s:0:\"\";s:18:\"current_block_list\";a:15:{i:0;s:10:\"core\/group\";i:1;s:12:\"core\/heading\";i:3;s:15:\"core\/media-text\";i:4;s:14:\"core\/paragraph\";i:5;s:10:\"core\/table\";i:6;s:10:\"core\/image\";i:7;s:21:\"wpforms\/form-selector\";i:9;s:12:\"core\/columns\";i:10;s:11:\"core\/column\";i:11;s:15:\"core\/navigation\";i:12;s:20:\"core\/navigation-link\";i:14;s:21:\"mailchimp-for-wp\/form\";i:15;s:26:\"woocommerce\/product-search\";i:16;s:27:\"woocommerce\/product-on-sale\";i:17;s:32:\"woocommerce\/product-best-sellers\";}s:8:\"uag_flag\";b:0;s:11:\"uag_version\";s:10:\"1775301941\";s:6:\"gfonts\";a:0:{}s:10:\"gfonts_url\";s:0:\"\";s:12:\"gfonts_files\";a:0:{}s:14:\"uag_faq_layout\";b:0;}"]},"uagb_featured_image_src":{"full":false,"thumbnail":false,"medium":false,"medium_large":false,"large":false,"1536x1536":false,"2048x2048":false,"trp-custom-language-flag":false,"woocommerce_thumbnail":false,"woocommerce_single":false,"woocommerce_gallery_thumbnail":false,"awb_sm":false,"awb_md":false,"awb_lg":false,"awb_xl":false},"uagb_author_info":{"display_name":"admin","author_link":"https:\/\/smalsparet.com\/de\/author\/olafjlindstrom_ciz3lt7h\/"},"uagb_comment_info":0,"uagb_excerpt":"Bli medlem i F\u00f6reningen Smalsp\u00e5ret Var med och bevara smalsp\u00e5rsj\u00e4rnv\u00e4gen och utveckla turismen! Vad g\u00f6r vi egentligen? Allt vi g\u00f6r, s\u00e5som \u00e5terst\u00e4llandet av stationsomr\u00e5det i Virserum eller att eller h\u00e5lla r\u00e4lsbussarna i drift, sker ideellt av medlemmarna i f\u00f6reningen! Vi k\u00f6r t\u00e5g med 50-talsr\u00e4lsbussar och har dressincykling b\u00e5de i \u00c5seda, Virserum och Hultsfred. Som medlem&hellip;","_links":{"self":[{"href":"https:\/\/smalsparet.com\/de\/wp-json\/wp\/v2\/pages\/4417","targetHints":{"allow":["GET"]}}],"collection":[{"href":"https:\/\/smalsparet.com\/de\/wp-json\/wp\/v2\/pages"}],"about":[{"href":"https:\/\/smalsparet.com\/de\/wp-json\/wp\/v2\/types\/page"}],"author":[{"embeddable":true,"href":"https:\/\/smalsparet.com\/de\/wp-json\/wp\/v2\/users\/1"}],"replies":[{"embeddable":true,"href":"https:\/\/smalsparet.com\/de\/wp-json\/wp\/v2\/comments?post=4417"}],"version-history":[{"count":17,"href":"https:\/\/smalsparet.com\/de\/wp-json\/wp\/v2\/pages\/4417\/revisions"}],"predecessor-version":[{"id":8256,"href":"https:\/\/smalsparet.com\/de\/wp-json\/wp\/v2\/pages\/4417\/revisions\/8256"}],"up":[{"embeddable":true,"href":"https:\/\/smalsparet.com\/de\/wp-json\/wp\/v2\/pages\/3612"}],"wp:attachment":[{"href":"https:\/\/smalsparet.com\/de\/wp-json\/wp\/v2\/media?parent=4417"}],"curies":[{"name":"wp","href":"https:\/\/api.w.org\/{rel}","templated":true}]}}